{"id":95,"date":"2018-08-22T14:35:56","date_gmt":"2018-08-22T12:35:56","guid":{"rendered":"http:\/\/www.new-living-home.de\/residenz\/\/?page_id=95"},"modified":"2026-03-30T11:07:24","modified_gmt":"2026-03-30T09:07:24","slug":"aktuelles","status":"publish","type":"page","link":"https:\/\/www.new-living-home.de\/residenz\/aktuelles\/","title":{"rendered":"Aktuelles"},"content":{"rendered":"\n\t<section class=\"section dark\" id=\"section_1544407789\">\n\t\t<div class=\"bg section-bg fill bg-fill  bg-loaded\" >\n\n\t\t\t\n\t\t\t<div class=\"loading-spin centered\"><\/div><button class=\"scroll-for-more z-5 icon absolute bottom h-center\" aria-label=\"Scroll for more\"><i class=\"icon-angle-down\" style=\"font-size:42px;\"><\/i><\/button>\n\t\t\t\n\n\t\t<\/div>\n\n\t\t\n\n\t\t<div class=\"section-content relative\">\n\t\t\t\n\n\n  <div class=\"banner has-hover\" id=\"banner-1609956479\">\n          <div class=\"banner-inner fill\">\n        <div class=\"banner-bg fill\" >\n            <div class=\"bg fill bg-fill \"><\/div>\n                                    \n                    <\/div>\n\t\t\n        <div class=\"banner-layers container\">\n            <div class=\"fill banner-link\"><\/div>            \n\n\n        <\/div>\n      <\/div>\n\n            \n<style>\n#banner-1609956479 {\n  padding-top: 60%;\n}\n#banner-1609956479 .bg.bg-loaded {\n  background-image: url(https:\/\/www.new-living-home.de\/residenz\/wp-content\/uploads\/2018\/09\/MG_0711-1.jpg);\n}\n#banner-1609956479 .bg {\n  background-position: 48% 52%;\n}\n#banner-1609956479 .ux-shape-divider--top svg {\n  height: 150px;\n  --divider-top-width: 100%;\n}\n#banner-1609956479 .ux-shape-divider--bottom svg {\n  height: 150px;\n  --divider-width: 100%;\n}\n@media (min-width:550px) {\n  #banner-1609956479 {\n    padding-top: 37%;\n  }\n}\n<\/style>\n  <\/div>\n\n\n\n\t\t<\/div>\n\n\t\t\n<style>\n#section_1544407789 {\n  padding-top: 0px;\n  padding-bottom: 0px;\n}\n#section_1544407789 .ux-shape-divider--top svg {\n  height: 150px;\n  --divider-top-width: 100%;\n}\n#section_1544407789 .ux-shape-divider--bottom svg {\n  height: 150px;\n  --divider-width: 100%;\n}\n<\/style>\n\t<\/section>\n\t\n\t<section class=\"section\" id=\"section_857346329\">\n\t\t<div class=\"bg section-bg fill bg-fill  bg-loaded\" >\n\n\t\t\t\n\t\t\t\n\t\t\t\n\n\t\t<\/div>\n\n\t\t\n\n\t\t<div class=\"section-content relative\">\n\t\t\t\n\n<div class=\"row align-center\"  id=\"row-687867691\">\n\n\n\t<div id=\"col-1302508282\" class=\"col medium-10 small-12 large-10\"  >\n\t\t\t\t<div class=\"col-inner text-left\"  >\n\t\t\t\n\t\t\t\n\n<h1>Rund um uns<\/h1>\n<div class=\"is-divider divider clearfix\" ><\/div>\n\n\n\t\t<\/div>\n\t\t\t\t\t<\/div>\n\n\t\n\n\t<div id=\"col-1090335056\" class=\"col medium-10 small-12 large-10\"  >\n\t\t\t\t<div class=\"col-inner text-left\"  >\n\t\t\t\n\t\t\t\n\n<h3>\u00a0<\/h3>\n<h4>Das <strong>New<span data-text-color=\"primary\">Living<\/span>Home<\/strong> ist ein lebendiges Haus.<\/h4>\n<p>Eine Vielzahl unterschiedlichster Veranstaltungen, der Austausch mit den Referenten und K\u00fcnstlern sowie die Beziehungen der G\u00e4ste untereinander pr\u00e4gen eine Atmosph\u00e4re der geistigen Inspiration. In enger Kooperation mit dem Verein <strong>New Generation<\/strong> hat sich das <strong>New<span data-text-color=\"primary\">Living<\/span>Home<\/strong> zu einem <strong>kulturellen Zentrum im Nordwesten Hamburgs<\/strong> entwickelt.<\/p>\n<h4><span data-text-color=\"primary\">Information und Buchung f\u00fcr unsere Mendelssohn&#8217;s- Gastronomie:<\/span><br \/><span data-text-color=\"primary\">Tel.: 040 401 33 &#8211; 396<\/span><\/h4>\n<h4><span data-text-color=\"primary\">Information und Buchung f\u00fcr Veranstaltungen der New Generation:<\/span><br \/><span data-text-color=\"primary\">Tel.: 040 278 16 -767<\/span><\/h4>\n<p>Aktuelle Berichte \u00fcber unsere Veranstaltungen sowie Veranstaltungshinweise finden Sie im <strong><span data-text-color=\"primary\">Residenz-Journal <\/span><\/strong>oder auf <a href=\"https:\/\/www.facebook.com\/profile.php?id=100093946509701\" target=\"_blank\" rel=\"noopener\"><strong>Facebook<\/strong><\/a>.\u00a0Zum Download verwenden Sie bitte die entsprechende Schaltfl\u00e4che.<\/p>\n<p>M\u00f6chten Sie unser Residenz-Journal gerne regelm\u00e4\u00dfig per Post erhalten, nutzen Sie bitte die Schaltfl\u00e4che hierf\u00fcr.<\/p>\n\n\t\t<\/div>\n\t\t\t\t\t<\/div>\n\n\t\n\n\t<div id=\"col-1178117763\" class=\"col small-12 large-12\"  >\n\t\t\t\t<div class=\"col-inner\"  >\n\t\t\t\n\t\t\t\n\n\t<div id=\"gap-1986536082\" class=\"gap-element clearfix\" style=\"display:block; height:auto;\">\n\t\t\n<style>\n#gap-1986536082 {\n  padding-top: 29px;\n}\n<\/style>\n\t<\/div>\n\t\n\n\n\t\t<\/div>\n\t\t\t\t\t<\/div>\n\n\t\n\n\t<div id=\"col-1473386043\" class=\"col medium-5 small-12 large-5\"  >\n\t\t\t\t<div class=\"col-inner text-center\"  >\n\t\t\t\n\t\t\t\n\n<a rel=\"noopener noreferrer\" href=\"https:\/\/www.new-living-home.de\/residenz\/wp-content\/uploads\/2026\/03\/Journal-04-bis-06_2026.pdf\" target=\"_blank\" class=\"button primary\"  >\n    <span>download Residenz-Journal.pdf<\/span>\n  <\/a>\n\n\n\n\t\t<\/div>\n\t\t\t\t\t<\/div>\n\n\t\n\n\t<div id=\"col-1533169440\" class=\"col medium-5 small-12 large-5\"  >\n\t\t\t\t<div class=\"col-inner text-center\"  >\n\t\t\t\n\t\t\t\n\n<a rel=\"noopener noreferrer\" href=\"mailto:marketing@new-living-home.de\" target=\"_blank\" class=\"button primary\"  >\n    <span>Residenz-Journal-Anmeldung<\/span>\n  <\/a>\n\n\n\n\t\t<\/div>\n\t\t\t\t\t<\/div>\n\n\t\n\n<\/div>\n\n\t\t<\/div>\n\n\t\t\n<style>\n#section_857346329 {\n  padding-top: 0px;\n  padding-bottom: 0px;\n}\n#section_857346329 .ux-shape-divider--top svg {\n  height: 150px;\n  --divider-top-width: 100%;\n}\n#section_857346329 .ux-shape-divider--bottom svg {\n  height: 150px;\n  --divider-width: 100%;\n}\n@media (min-width:550px) {\n  #section_857346329 {\n    padding-top: 40px;\n    padding-bottom: 40px;\n  }\n}\n<\/style>\n\t<\/section>\n\t\n\n\n","protected":false},"excerpt":{"rendered":"","protected":false},"author":1,"featured_media":0,"parent":0,"menu_order":0,"comment_status":"closed","ping_status":"closed","template":"page-blank.php","meta":{"footnotes":""},"class_list":["post-95","page","type-page","status-publish","hentry"],"_links":{"self":[{"href":"https:\/\/www.new-living-home.de\/residenz\/wp-json\/wp\/v2\/pages\/95","targetHints":{"allow":["GET"]}}],"collection":[{"href":"https:\/\/www.new-living-home.de\/residenz\/wp-json\/wp\/v2\/pages"}],"about":[{"href":"https:\/\/www.new-living-home.de\/residenz\/wp-json\/wp\/v2\/types\/page"}],"author":[{"embeddable":true,"href":"https:\/\/www.new-living-home.de\/residenz\/wp-json\/wp\/v2\/users\/1"}],"replies":[{"embeddable":true,"href":"https:\/\/www.new-living-home.de\/residenz\/wp-json\/wp\/v2\/comments?post=95"}],"version-history":[{"count":54,"href":"https:\/\/www.new-living-home.de\/residenz\/wp-json\/wp\/v2\/pages\/95\/revisions"}],"predecessor-version":[{"id":2495,"href":"https:\/\/www.new-living-home.de\/residenz\/wp-json\/wp\/v2\/pages\/95\/revisions\/2495"}],"wp:attachment":[{"href":"https:\/\/www.new-living-home.de\/residenz\/wp-json\/wp\/v2\/media?parent=95"}],"curies":[{"name":"wp","href":"https:\/\/api.w.org\/{rel}","templated":true}]}}