{"id":72,"date":"2018-08-22T11:07:54","date_gmt":"2018-08-22T09:07:54","guid":{"rendered":"http:\/\/www.new-living-home.de\/residenz\/\/?page_id=72"},"modified":"2025-01-17T12:05:43","modified_gmt":"2025-01-17T11:05:43","slug":"die-appartements","status":"publish","type":"page","link":"https:\/\/www.new-living-home.de\/residenz\/die-appartements\/","title":{"rendered":"Die Appartements"},"content":{"rendered":"\n\t<section class=\"section dark\" id=\"section_207134263\">\n\t\t<div class=\"bg section-bg fill bg-fill  bg-loaded\" >\n\n\t\t\t\n\t\t\t<div class=\"loading-spin centered\"><\/div><button class=\"scroll-for-more z-5 icon absolute bottom h-center\" aria-label=\"Scroll for more\"><i class=\"icon-angle-down\" style=\"font-size:42px;\"><\/i><\/button>\n\t\t\t\n\n\t\t<\/div>\n\n\t\t\n\n\t\t<div class=\"section-content relative\">\n\t\t\t\n\n\n  <div class=\"banner has-hover\" id=\"banner-1718059409\">\n          <div class=\"banner-inner fill\">\n        <div class=\"banner-bg fill\" >\n            <div class=\"bg fill bg-fill \"><\/div>\n                                    \n                    <\/div>\n\t\t\n        <div class=\"banner-layers container\">\n            <div class=\"fill banner-link\"><\/div>            \n\n\n        <\/div>\n      <\/div>\n\n            \n<style>\n#banner-1718059409 {\n  padding-top: 60%;\n}\n#banner-1718059409 .bg.bg-loaded {\n  background-image: url(https:\/\/www.new-living-home.de\/residenz\/wp-content\/uploads\/2018\/09\/zimmer.jpg);\n}\n#banner-1718059409 .bg {\n  background-position: 49% 96%;\n}\n#banner-1718059409 .ux-shape-divider--top svg {\n  height: 150px;\n  --divider-top-width: 100%;\n}\n#banner-1718059409 .ux-shape-divider--bottom svg {\n  height: 150px;\n  --divider-width: 100%;\n}\n@media (min-width:550px) {\n  #banner-1718059409 {\n    padding-top: 37%;\n  }\n}\n<\/style>\n  <\/div>\n\n\n\n\t\t<\/div>\n\n\t\t\n<style>\n#section_207134263 {\n  padding-top: 0px;\n  padding-bottom: 0px;\n}\n#section_207134263 .ux-shape-divider--top svg {\n  height: 150px;\n  --divider-top-width: 100%;\n}\n#section_207134263 .ux-shape-divider--bottom svg {\n  height: 150px;\n  --divider-width: 100%;\n}\n<\/style>\n\t<\/section>\n\t\n\t<section class=\"section\" id=\"section_815026669\">\n\t\t<div class=\"bg section-bg fill bg-fill  bg-loaded\" >\n\n\t\t\t\n\t\t\t\n\t\t\t\n\n\t\t<\/div>\n\n\t\t\n\n\t\t<div class=\"section-content relative\">\n\t\t\t\n\n<div class=\"row row-large align-center\"  id=\"row-1502833208\">\n\n\n\t<div id=\"col-1904514753\" class=\"col medium-10 small-12 large-10\"  >\n\t\t\t\t<div class=\"col-inner text-left\"  >\n\t\t\t\n\t\t\t\n\n<h1>Die Appartements<\/h1>\n<div class=\"is-divider divider clearfix\" ><\/div>\n\n\n\t\t<\/div>\n\t\t\t\t\t<\/div>\n\n\t\n\n\t<div id=\"col-1753732913\" class=\"col medium-10 small-12 large-10\"  >\n\t\t\t\t<div class=\"col-inner text-left\"  >\n\t\t\t\n\t\t\t\n\n<h4>Individualit\u00e4t wird bei uns gro\u00df geschrieben!<\/h4>\n<h4><span data-text-color=\"primary\">Sie k\u00f6nnen aus <b>23 unterschiedlichen Appartement-Typen<\/b> die Wohnung w\u00e4hlen, die Ihren W\u00fcnschen und Ihrem Geschmack am ehesten entspricht.<\/span><\/h4>\n<p>Ausgestattet mit <b>Parkettfu\u00dfboden<\/b> und einer <b>praktischen Einbauk\u00fcche,<\/b> bieten die kautionsfrei zu mietenden Appartements, bei einer Gr\u00f6\u00dfe von 30 bis 76 qm pers\u00f6nlich gestaltbarer Wohnfl\u00e4che, viel Komfort.<\/p>\n<p>Ein <b>gro\u00dfz\u00fcgiges Duschbad<\/b>, <b>SAT-TV<\/b> im Wohn- und Schlafbereich, <strong>hochwertige Schallisolierung<\/strong> nach innen und au\u00dfen sowie ein <b>mobiles Notrufsystem (auf Wunsch)<\/b> und <strong>barrierefreie Austritte zur Loggia oder Terrasse<\/strong> geh\u00f6ren ebenso zur Ausstattung, wie ein <strong>Waschmaschinen- oder Geschirrsp\u00fclmaschinenanschluss in der K\u00fcche<\/strong> und der <b>private Abstellraum im Souterrain<\/b>.<\/p>\n<p><b>Auf dieser Seite stellen wir Ihnen vier Appartements unterschiedlichen Zuschnitts vor. Gern \u00fcbersenden wir Ihnen auf Wunsch weitere Grundrisse.<\/b> Eine zweite Person im Appartement berechnen wir derzeit mit \u20ac 215,00 monatlich.<span class=\"Apple-converted-space\">\u00a0<\/span><\/p>\n\n\n\t\t<\/div>\n\t\t\t\t\t<\/div>\n\n\t\n\n<\/div>\n\n\t\t<\/div>\n\n\t\t\n<style>\n#section_815026669 {\n  padding-top: 0px;\n  padding-bottom: 0px;\n}\n#section_815026669 .ux-shape-divider--top svg {\n  height: 150px;\n  --divider-top-width: 100%;\n}\n#section_815026669 .ux-shape-divider--bottom svg {\n  height: 150px;\n  --divider-width: 100%;\n}\n@media (min-width:550px) {\n  #section_815026669 {\n    padding-top: 40px;\n    padding-bottom: 40px;\n  }\n}\n<\/style>\n\t<\/section>\n\t\n\t<section class=\"section\" id=\"section_15494105\">\n\t\t<div class=\"bg section-bg fill bg-fill  bg-loaded\" >\n\n\t\t\t\n\t\t\t\n\t\t\t\n\n\t\t<\/div>\n\n\t\t\n\n\t\t<div class=\"section-content relative\">\n\t\t\t\n\n<div class=\"row row-collapse row-full-width\"  id=\"row-876855162\">\n\n\n\t<div id=\"col-721190490\" class=\"col small-12 large-12\"  >\n\t\t\t\t<div class=\"col-inner\"  >\n\t\t\t\n\t\t\t\n\n\n  <div class=\"banner has-hover has-parallax\" id=\"banner-1826831528\">\n          <div class=\"banner-inner fill\">\n        <div class=\"banner-bg fill\" data-parallax=\"-3\" data-parallax-container=\".banner\" data-parallax-background>\n            <div class=\"bg fill bg-fill \"><\/div>\n                                    \n                    <\/div>\n\t\t\n        <div class=\"banner-layers container\">\n            <div class=\"fill banner-link\"><\/div>            \n\n\n        <\/div>\n      <\/div>\n\n            \n<style>\n#banner-1826831528 {\n  padding-top: 600px;\n}\n#banner-1826831528 .bg.bg-loaded {\n  background-image: url(https:\/\/www.new-living-home.de\/residenz\/wp-content\/uploads\/2018\/09\/zimmer2.jpg);\n}\n#banner-1826831528 .bg {\n  background-position: 50% 61%;\n}\n#banner-1826831528 .ux-shape-divider--top svg {\n  height: 150px;\n  --divider-top-width: 100%;\n}\n#banner-1826831528 .ux-shape-divider--bottom svg {\n  height: 150px;\n  --divider-width: 100%;\n}\n<\/style>\n  <\/div>\n\n\n\n\t\t<\/div>\n\t\t\t\t\t<\/div>\n\n\t\n\n<\/div>\n\n\t\t<\/div>\n\n\t\t\n<style>\n#section_15494105 {\n  padding-top: 0px;\n  padding-bottom: 0px;\n}\n#section_15494105 .ux-shape-divider--top svg {\n  height: 150px;\n  --divider-top-width: 100%;\n}\n#section_15494105 .ux-shape-divider--bottom svg {\n  height: 150px;\n  --divider-width: 100%;\n}\n<\/style>\n\t<\/section>\n\t\n\t<section class=\"section\" id=\"section_905872424\">\n\t\t<div class=\"bg section-bg fill bg-fill  bg-loaded\" >\n\n\t\t\t\n\t\t\t<div class=\"loading-spin centered\"><\/div>\n\t\t\t\n\n\t\t<\/div>\n\n\t\t\n\n\t\t<div class=\"section-content relative\">\n\t\t\t\n\n\t<div id=\"gap-1498040094\" class=\"gap-element clearfix\" style=\"display:block; height:auto;\">\n\t\t\n<style>\n#gap-1498040094 {\n  padding-top: 80px;\n}\n<\/style>\n\t<\/div>\n\t\n\n<div class=\"row row-collapse align-middle align-center\"  id=\"row-1690017841\">\n\n\n\t<div id=\"col-883111472\" class=\"col appartements1 medium-5 small-12 large-5\"  >\n\t\t\t\t<div class=\"col-inner text-left\"  >\n\t\t\t\n\t\t\t\n\n<h3><strong>1-Zimmer-Appartement TYP B.0<\/strong><\/h3>\n<p>Wohnfl\u00e4che: ca. 33 qm<br \/>Preis ab 1.455 \u20ac \/ Monat<\/p>\n<h5><a href=\"http:\/\/www.new-living-home.de\/residenz\/\/wp-content\/uploads\/2018\/08\/grund01.pdf\" target=\"_blank\" rel=\"noopener\">\u00bb Grundriss als PDF-Datei \/ 50kb<\/a><\/h5>\n\n\n\t\t<\/div>\n\t\t\t\t\t<\/div>\n\n\t\n\n\t<div id=\"col-361449542\" class=\"col appartements2 medium-5 small-12 large-5\"  >\n\t\t\t\t<div class=\"col-inner text-left\"  >\n\t\t\t\n\t\t\t\n\n<h3><strong>2-Zimmer-Appartement TYP A.0<\/strong><\/h3>\n<p>Wohnfl\u00e4che: ca. 45 qm<br \/>Preis ab 2.037 \u20ac \/ Monat<\/p>\n<h5><a href=\"http:\/\/www.new-living-home.de\/residenz\/\/wp-content\/uploads\/2018\/08\/grund02.pdf\" target=\"_blank\" rel=\"noopener\">\u00bb Grundriss als PDF-Datei \/ 56kb<\/a><\/h5>\n\n\n\t\t<\/div>\n\t\t\t\t\t<\/div>\n\n\t\n\n\t<div id=\"col-89705263\" class=\"col appartements3 medium-5 small-12 large-5\"  >\n\t\t\t\t<div class=\"col-inner text-left\"  >\n\t\t\t\n\t\t\t\n\n<h3><strong>2-Zimmer-Appartement TYP I<\/strong><\/h3>\n<p>Wohnfl\u00e4che: ca. 52 qm<br \/>Preis ab 2.278 \u20ac \/ Monat<\/p>\n<h5><a href=\"http:\/\/www.new-living-home.de\/residenz\/\/wp-content\/uploads\/2018\/08\/grund03.pdf\" target=\"_blank\" rel=\"noopener\">\u00bb Grundriss als PDF-Datei \/ 54kb<\/a><\/h5>\n\n\n\t\t<\/div>\n\t\t\t\t\t<\/div>\n\n\t\n\n\t<div id=\"col-1677306152\" class=\"col appartements4 medium-5 small-12 large-5\"  >\n\t\t\t\t<div class=\"col-inner text-left\"  >\n\t\t\t\n\t\t\t\n\n<h3><strong>3-Zimmer-Appartement TYP D.0<\/strong><\/h3>\n<p>Wohnfl\u00e4che: ca. 76 qm<br \/>Preis ab 3.231 \u20ac \/ Monat<\/p>\n<h5><a href=\"http:\/\/www.new-living-home.de\/residenz\/\/wp-content\/uploads\/2018\/08\/grund04.pdf\" target=\"_blank\" rel=\"noopener\">\u00bb Grundriss als PDF-Datei \/ 64kb<\/a><\/h5>\n\n\n\t\t<\/div>\n\t\t\t\t\t<\/div>\n\n\t\n\n\n<style>\n#row-1690017841 > .col > .col-inner {\n  padding: 20px 20px 5px 30px;\n}\n<\/style>\n<\/div>\n\n\t\t<\/div>\n\n\t\t\n<style>\n#section_905872424 {\n  padding-top: 0px;\n  padding-bottom: 0px;\n}\n#section_905872424 .ux-shape-divider--top svg {\n  height: 150px;\n  --divider-top-width: 100%;\n}\n#section_905872424 .ux-shape-divider--bottom svg {\n  height: 150px;\n  --divider-width: 100%;\n}\n<\/style>\n\t<\/section>\n\t\n\t<section class=\"section\" id=\"section_1846633804\">\n\t\t<div class=\"bg section-bg fill bg-fill  bg-loaded\" >\n\n\t\t\t\n\t\t\t\n\t\t\t\n\n\t\t<\/div>\n\n\t\t\n\n\t\t<div class=\"section-content relative\">\n\t\t\t\n\n<div class=\"row row-large align-center custom-list\"  id=\"row-1010478202\">\n\n\n\t<div id=\"col-1315567311\" class=\"col medium-10 small-12 large-10\"  >\n\t\t\t\t<div class=\"col-inner\"  >\n\t\t\t\n\t\t\t\n\n<h3>Im angegebenen monatlichen Nutzungsentgelt sind folgende Leistungen enthalten:<\/h3>\n<h5><b>\u00a0<\/b><\/h5>\n<h5><span data-text-color=\"primary\"><strong>Appartement<\/strong><\/span><\/h5>\n<ul>\n<li class=\"bullet-arrow\">Duschbad, Einbauk\u00fcche, Parkettfu\u00dfboden, gr\u00f6\u00dftenteils Loggia oder Terrasse<\/li>\n<li class=\"bullet-arrow\">Eigener abgeschlossener, gro\u00dfer Abstellraum im Souterrain<\/li>\n<li class=\"bullet-arrow\">SAT-Anschluss f\u00fcr Rundfunk und TV im Wohn- und Schlafbereich<\/li>\n<li class=\"bullet-arrow\">Internetnutzung<\/li>\n<li class=\"bullet-arrow\">Notruf \u00fcber Haustelefon oder auf Wunsch \u00fcber Funksender<\/li>\n<li class=\"bullet-arrow\">Strom, Wasser, Heizung, M\u00fcllabfuhr, Telefonanschluss<\/li>\n<li class=\"bullet-arrow\">W\u00f6chentliche Appartementreinigung (B\u00f6den und Sanit\u00e4ranlagen)<\/li>\n<li class=\"bullet-arrow\">Regelm\u00e4\u00dfige Fensterreinigung<\/li>\n<li class=\"bullet-arrow\">Eigener Briefkasten<\/li>\n<\/ul>\n<h5>\u00a0<\/h5>\n<h5><span data-text-color=\"primary\"><b>Leistungen rund um Gesundheit und Pflege<\/b><\/span><\/h5>\n<ul>\n<li class=\"bullet-arrow\">24-Stunden-Rufbereitschaft des im Haus ans\u00e4ssigen ambulanten Pflegedienstes<\/li>\n<li class=\"bullet-arrow\">Bevorzugte Betreuung durch das \u00c4rzteteam des auf dem Gel\u00e4nde liegenden\u00a0ForumVitalis<b>\u00a0<\/b><\/li>\n<li class=\"bullet-arrow\">Zus\u00e4tzliche Sprechzeiten f\u00fcr Hausg\u00e4ste des <strong>New<span data-text-color=\"primary\">Living<\/span>Home<\/strong> im ForumVitalis<\/li>\n<li class=\"bullet-arrow\">Bei Akuterkrankung vor\u00fcbergehende Betreuung im Appartement \/ verordnete Behandlungspflege wird direkt mit dem Kostentr\u00e4ger abgerechnet<\/li>\n<li class=\"bullet-arrow\">Bevorzugte Aufnahme in die Pflegeabteilung des angegliederten HausVitalis<\/li>\n<li class=\"bullet-arrow\">Sonderkonditionen f\u00fcr physiotherapeutische Angebote des im Haus ans\u00e4ssigen Therapiezentrum Mobilis<\/li>\n<li class=\"bullet-arrow\">Teilnahme an Kursangeboten wie z. B. Yoga, Qi Gong, Wassergymnastik, Nordic Walking, Pilates, Kl\u00f6nschnack oder Literaturkreis<\/li>\n<\/ul>\n<h5>\u00a0<\/h5>\n<h5><b><span class=\"Apple-converted-space\">\u00a0<\/span><span data-text-color=\"primary\">Weitere kostenfreie Serviceleistungen<\/span><\/b><\/h5>\n<ul>\n<li class=\"bullet-arrow\">Nutzung der Club- und Gesellschaftsr\u00e4ume<\/li>\n<li class=\"bullet-arrow\">Nutzung des sportlichen Bereichs (Schwimmbad, Fitness) und der Sauna<\/li>\n<li class=\"bullet-arrow\">In der Regel Teilnahme an den angebotenen kulturellen Veranstaltungen laut monatlichem Veranstaltungsplan<\/li>\n<li class=\"bullet-arrow\">Concierge-Dienste (Telefon- und Postannahme, Urlaubsservice etc.)<\/li>\n<li class=\"bullet-arrow\">24-Stunden-Rufbereitschaft des Empfangs<\/li>\n<li class=\"bullet-arrow\">Waschmaschinen- und Trocknernutzung in unserem Waschsalon<\/li>\n<li class=\"bullet-arrow\">Haustechnik-Service auch schon beim Einzug<\/li>\n<li class=\"bullet-arrow\">Pers\u00f6nliche Beratung und Beh\u00f6rdenservice<\/li>\n<li class=\"bullet-arrow\">Lieferservice (Br\u00f6tchen, Zeitungen, Getr\u00e4nke, Pakete)<\/li>\n<li class=\"bullet-arrow\">Einkaufs- und Roomservice im Krankheitsfall<\/li>\n<\/ul>\n<h3>\u00a0<\/h3>\n<h3>Angebots\u00fcbersicht<\/h3>\n<h5><b>Nicht im Nutzungsentgelt enthaltene zus\u00e4tzlich buchbare Leistungen:<\/b><\/h5>\n<h5><b><br \/><\/b><span data-text-color=\"primary\"><b>Restaurant Mendelssohn\u2019s \/ Caf\u00e9 \/ Bar<\/b><\/span><\/h5>\n<ul>\n<li class=\"bullet-arrow\">\u00c0 la Carte-Service im Restaurant Mendelssohn\u2019s\u00a0<\/li>\n<li class=\"bullet-arrow\">Fr\u00fchst\u00fcck vom Buffet als Monatspauschale<span class=\"Apple-converted-space\">\u00a0<\/span><\/li>\n<li class=\"bullet-arrow\">Flexibel auf Ihren Tagesrhythmus abgestimmte\u00a0Mittagsmen\u00fc-Abos als Monatspauschale<span class=\"Apple-converted-space\">\u00a0<\/span><\/li>\n<li class=\"bullet-arrow\">Flexi-Abo<span class=\"Apple-converted-space\">\u00a0<\/span><\/li>\n<li class=\"bullet-arrow\">Zu den Pauschalen reichen wir ein Glas Tafelwasser \u00e0 0,2l<\/li>\n<\/ul>\n<h5>\u00a0<\/h5>\n<h5><span data-text-color=\"primary\"><b>Reinigung<\/b><\/span><\/h5>\n<ul>\n<li class=\"bullet-arrow\">Zus\u00e4tzliche Appartementreinigung<span class=\"Apple-converted-space\">\u00a0<\/span><\/li>\n<li class=\"bullet-arrow\">Zus\u00e4tzliche Fensterreinigung<span class=\"Apple-converted-space\">\u00a0<\/span><\/li>\n<li class=\"bullet-arrow\">B\u00fcgelservice<span class=\"Apple-converted-space\">\u00a0<\/span><\/li>\n<li class=\"bullet-arrow\">W\u00e4sche- und Reinigungsservice laut Preisliste<\/li>\n<li class=\"bullet-arrow\">Maschinelle Teppichreinigung<span class=\"Apple-converted-space\">\u00a0<\/span><\/li>\n<li class=\"bullet-arrow\">Maschinelle Polster-\/Sofareinigung<span class=\"Apple-converted-space\">\u00a0<\/span><\/li>\n<\/ul>\n<h5>\u00a0<\/h5>\n<h5><span data-text-color=\"primary\"><b>Sonstiges<\/b><\/span><\/h5>\n<ul>\n<li class=\"bullet-arrow\">Roomservice (im Krankheitsfall kostenfrei)<span class=\"Apple-converted-space\">\u00a0<\/span><\/li>\n<li class=\"bullet-arrow\">Lebensmittel-Einkaufsservice (im Krankheitsfall kostenfrei)<span class=\"Apple-converted-space\">\u00a0<\/span><\/li>\n<li class=\"bullet-arrow\">Kurierdienste<span class=\"Apple-converted-space\">\u00a0<\/span><\/li>\n<li class=\"bullet-arrow\">Br\u00f6tchen- und Getr\u00e4nkelieferservice<\/li>\n<li class=\"bullet-arrow\">Parkplatz in der Tiefgarage<span class=\"Apple-converted-space\">\u00a0<\/span><\/li>\n<li class=\"bullet-arrow\">Solarium<span class=\"Apple-converted-space\">\u00a0<\/span><\/li>\n<li class=\"bullet-arrow\">Einmalige Internetanschlussgeb\u00fchr<span class=\"Apple-converted-space\">\u00a0<\/span><\/li>\n<li class=\"bullet-arrow\">Haustechnik-Service (Sonderarbeiten)<\/li>\n<li class=\"bullet-arrow\">Hotelzimmer &#8211; bitte erfragen Sie die g\u00fcltigen Sonderpreise f\u00fcr Angeh\u00f6rige unserer Hausg\u00e4ste<\/li>\n<\/ul>\n\n\t\t<\/div>\n\t\t\t\t\t<\/div>\n\n\t\n\n<\/div>\n\n\t\t<\/div>\n\n\t\t\n<style>\n#section_1846633804 {\n  padding-top: 100px;\n  padding-bottom: 100px;\n}\n#section_1846633804 .ux-shape-divider--top svg {\n  height: 150px;\n  --divider-top-width: 100%;\n}\n#section_1846633804 .ux-shape-divider--bottom svg {\n  height: 150px;\n  --divider-width: 100%;\n}\n<\/style>\n\t<\/section>\n\t\n\n","protected":false},"excerpt":{"rendered":"","protected":false},"author":1,"featured_media":0,"parent":0,"menu_order":0,"comment_status":"closed","ping_status":"closed","template":"page-blank.php","meta":{"footnotes":""},"class_list":["post-72","page","type-page","status-publish","hentry"],"_links":{"self":[{"href":"https:\/\/www.new-living-home.de\/residenz\/wp-json\/wp\/v2\/pages\/72","targetHints":{"allow":["GET"]}}],"collection":[{"href":"https:\/\/www.new-living-home.de\/residenz\/wp-json\/wp\/v2\/pages"}],"about":[{"href":"https:\/\/www.new-living-home.de\/residenz\/wp-json\/wp\/v2\/types\/page"}],"author":[{"embeddable":true,"href":"https:\/\/www.new-living-home.de\/residenz\/wp-json\/wp\/v2\/users\/1"}],"replies":[{"embeddable":true,"href":"https:\/\/www.new-living-home.de\/residenz\/wp-json\/wp\/v2\/comments?post=72"}],"version-history":[{"count":16,"href":"https:\/\/www.new-living-home.de\/residenz\/wp-json\/wp\/v2\/pages\/72\/revisions"}],"predecessor-version":[{"id":2183,"href":"https:\/\/www.new-living-home.de\/residenz\/wp-json\/wp\/v2\/pages\/72\/revisions\/2183"}],"wp:attachment":[{"href":"https:\/\/www.new-living-home.de\/residenz\/wp-json\/wp\/v2\/media?parent=72"}],"curies":[{"name":"wp","href":"https:\/\/api.w.org\/{rel}","templated":true}]}}