{"id":62,"date":"2018-08-22T10:58:58","date_gmt":"2018-08-22T08:58:58","guid":{"rendered":"http:\/\/www.new-living-home.de\/residenz\/\/?page_id=62"},"modified":"2026-02-13T09:46:52","modified_gmt":"2026-02-13T08:46:52","slug":"die-gesundheit","status":"publish","type":"page","link":"https:\/\/www.new-living-home.de\/residenz\/die-gesundheit\/","title":{"rendered":"Die Gesundheit"},"content":{"rendered":"\n\t<section class=\"section dark\" id=\"section_234800203\">\n\t\t<div class=\"bg section-bg fill bg-fill  bg-loaded\" >\n\n\t\t\t\n\t\t\t<div class=\"loading-spin centered\"><\/div><button class=\"scroll-for-more z-5 icon absolute bottom h-center\" aria-label=\"Scroll for more\"><i class=\"icon-angle-down\" style=\"font-size:42px;\"><\/i><\/button>\n\t\t\t\n\n\t\t<\/div>\n\n\t\t\n\n\t\t<div class=\"section-content relative\">\n\t\t\t\n\n\n  <div class=\"banner has-hover\" id=\"banner-1887238896\">\n          <div class=\"banner-inner fill\">\n        <div class=\"banner-bg fill\" >\n            <div class=\"bg fill bg-fill \"><\/div>\n                                    \n                    <\/div>\n\t\t\n        <div class=\"banner-layers container\">\n            <div class=\"fill banner-link\"><\/div>            \n\n\n        <\/div>\n      <\/div>\n\n            \n<style>\n#banner-1887238896 {\n  padding-top: 60%;\n}\n#banner-1887238896 .bg.bg-loaded {\n  background-image: url(https:\/\/www.new-living-home.de\/residenz\/wp-content\/uploads\/2018\/09\/MG_0879.jpg);\n}\n#banner-1887238896 .bg {\n  background-position: 48% 100%;\n}\n#banner-1887238896 .ux-shape-divider--top svg {\n  height: 150px;\n  --divider-top-width: 100%;\n}\n#banner-1887238896 .ux-shape-divider--bottom svg {\n  height: 150px;\n  --divider-width: 100%;\n}\n@media (min-width:550px) {\n  #banner-1887238896 {\n    padding-top: 37%;\n  }\n}\n<\/style>\n  <\/div>\n\n\n\n\t\t<\/div>\n\n\t\t\n<style>\n#section_234800203 {\n  padding-top: 0px;\n  padding-bottom: 0px;\n}\n#section_234800203 .ux-shape-divider--top svg {\n  height: 150px;\n  --divider-top-width: 100%;\n}\n#section_234800203 .ux-shape-divider--bottom svg {\n  height: 150px;\n  --divider-width: 100%;\n}\n<\/style>\n\t<\/section>\n\t\n\t<section class=\"section\" id=\"section_662530459\">\n\t\t<div class=\"bg section-bg fill bg-fill  bg-loaded\" >\n\n\t\t\t\n\t\t\t\n\t\t\t\n\n\t\t<\/div>\n\n\t\t\n\n\t\t<div class=\"section-content relative\">\n\t\t\t\n\n<div class=\"row align-center\"  id=\"row-1055783032\">\n\n\n\t<div id=\"col-790438420\" class=\"col medium-10 small-12 large-10\"  >\n\t\t\t\t<div class=\"col-inner text-left\"  >\n\t\t\t\n\t\t\t\n\n<h1>Die Gesundheit<\/h1>\n<div class=\"is-divider divider clearfix\" ><\/div>\n\n\n\t\t<\/div>\n\t\t\t\t\t<\/div>\n\n\t\n\n\t<div id=\"col-1932699400\" class=\"col medium-10 small-12 large-10\"  >\n\t\t\t\t<div class=\"col-inner text-left\"  >\n\t\t\t\n\t\t\t\n\n<h4><strong>Aktiv das Leben genie\u00dfen<span class=\"Apple-converted-space\">\u00a0<\/span><\/strong><\/h4>\n<p>Manchmal ist es einfach an der Zeit, sich Zeit f\u00fcr sich selbst zu nehmen\u2026\u201eAktiv das Leben genie\u00dfen!\u201c hei\u00dft es deshalb schon lange im <strong>New<span data-text-color=\"primary\">Living<\/span>Home<\/strong>!<\/p>\n<h4><span data-text-color=\"primary\">Sie wollten schon immer etwas (mehr) f\u00fcr Ihre Gesundheit tun? Nutzen Sie das vielf\u00e4ltige Fitness- und Gesundheitsangebot<b>, <\/b>das von Wassergymnastik, Yoga und Pilates bis hin zu Qi Gong, Bewegung zur Musik und Nordic Walking reicht. In der Gruppe und unter fachlicher Anleitung macht Bewegung gleich viel mehr Freude und der ber\u00fchmte innere Schweinehund hat keine Chance.<\/span><\/h4>\n<p>Ein <strong>\u201eAktivstudio\u201c<\/strong> mit modernen Fitnessger\u00e4ten bietet eine Vielfalt von M\u00f6glichkeiten f\u00fcr ein effektives Ganzk\u00f6rpertraining und macht das pers\u00f6nliche Fitnessprogramm vor dem Fr\u00fchst\u00fcck, am Nachmittag oder am Abend zum reinen Vergn\u00fcgen.<span class=\"Apple-converted-space\">\u00a0<\/span><\/p>\n<p>Um anschlie\u00dfend k\u00f6rperliches und geistiges Wohlbefinden in Einklang zu bringen, laden das warme <strong>Schwimmbad<\/strong> und die angrenzende <strong>Sauna<\/strong> zu einem Besuch ein.<\/p>\n<p><strong> <\/strong> <\/p>\n\n\n\t\t<\/div>\n\t\t\t\t\t<\/div>\n\n\t\n\n<\/div>\n\n\t\t<\/div>\n\n\t\t\n<style>\n#section_662530459 {\n  padding-top: 0px;\n  padding-bottom: 0px;\n}\n#section_662530459 .ux-shape-divider--top svg {\n  height: 150px;\n  --divider-top-width: 100%;\n}\n#section_662530459 .ux-shape-divider--bottom svg {\n  height: 150px;\n  --divider-width: 100%;\n}\n@media (min-width:550px) {\n  #section_662530459 {\n    padding-top: 39px;\n    padding-bottom: 39px;\n  }\n}\n<\/style>\n\t<\/section>\n\t\n\t<section class=\"section\" id=\"section_2059225069\">\n\t\t<div class=\"bg section-bg fill bg-fill  bg-loaded\" >\n\n\t\t\t\n\t\t\t\n\t\t\t\n\n\t\t<\/div>\n\n\t\t\n\n\t\t<div class=\"section-content relative\">\n\t\t\t\n\n<div class=\"row row-small row-full-width\"  id=\"row-412395341\">\n\n\n\t<div id=\"col-1633264279\" class=\"col medium-4 large-4\"  >\n\t\t\t\t<div class=\"col-inner\"  >\n\t\t\t\n\t\t\t\n\n\n  <div class=\"banner has-hover\" id=\"banner-1436110959\">\n          <div class=\"banner-inner fill\">\n        <div class=\"banner-bg fill\" >\n            <div class=\"bg fill bg-fill \"><\/div>\n                                    \n                    <\/div>\n\t\t\n        <div class=\"banner-layers container\">\n            <div class=\"fill banner-link\"><\/div>            \n\n\n        <\/div>\n      <\/div>\n\n            \n<style>\n#banner-1436110959 {\n  padding-top: 500px;\n}\n#banner-1436110959 .bg.bg-loaded {\n  background-image: url(https:\/\/www.new-living-home.de\/residenz\/wp-content\/uploads\/2018\/09\/MG_0971.jpg);\n}\n#banner-1436110959 .bg {\n  background-position: 42% 46%;\n}\n#banner-1436110959 .ux-shape-divider--top svg {\n  height: 150px;\n  --divider-top-width: 100%;\n}\n#banner-1436110959 .ux-shape-divider--bottom svg {\n  height: 150px;\n  --divider-width: 100%;\n}\n<\/style>\n  <\/div>\n\n\n\n\t\t<\/div>\n\t\t\t\t\t<\/div>\n\n\t\n\n\t<div id=\"col-87468800\" class=\"col medium-4 large-4\"  >\n\t\t\t\t<div class=\"col-inner\"  >\n\t\t\t\n\t\t\t\n\n\n  <div class=\"banner has-hover\" id=\"banner-1945903337\">\n          <div class=\"banner-inner fill\">\n        <div class=\"banner-bg fill\" >\n            <div class=\"bg fill bg-fill \"><\/div>\n                                    \n                    <\/div>\n\t\t\n        <div class=\"banner-layers container\">\n            <div class=\"fill banner-link\"><\/div>            \n\n\n        <\/div>\n      <\/div>\n\n            \n<style>\n#banner-1945903337 {\n  padding-top: 500px;\n}\n#banner-1945903337 .bg.bg-loaded {\n  background-image: url(https:\/\/www.new-living-home.de\/residenz\/wp-content\/uploads\/2018\/09\/MG_0918.jpg);\n}\n#banner-1945903337 .bg {\n  background-position: 71% 69%;\n}\n#banner-1945903337 .ux-shape-divider--top svg {\n  height: 150px;\n  --divider-top-width: 100%;\n}\n#banner-1945903337 .ux-shape-divider--bottom svg {\n  height: 150px;\n  --divider-width: 100%;\n}\n<\/style>\n  <\/div>\n\n\n\n\t\t<\/div>\n\t\t\t\t\t<\/div>\n\n\t\n\n\t<div id=\"col-1034881298\" class=\"col medium-4 large-4\"  >\n\t\t\t\t<div class=\"col-inner\"  >\n\t\t\t\n\t\t\t\n\n\n  <div class=\"banner has-hover\" id=\"banner-1723291429\">\n          <div class=\"banner-inner fill\">\n        <div class=\"banner-bg fill\" >\n            <div class=\"bg fill bg-fill \"><\/div>\n                                    \n                    <\/div>\n\t\t\n        <div class=\"banner-layers container\">\n            <div class=\"fill banner-link\"><\/div>            \n\n\n        <\/div>\n      <\/div>\n\n            \n<style>\n#banner-1723291429 {\n  padding-top: 500px;\n}\n#banner-1723291429 .bg.bg-loaded {\n  background-image: url(https:\/\/www.new-living-home.de\/residenz\/wp-content\/uploads\/2018\/09\/MG_0864.jpg);\n}\n#banner-1723291429 .bg {\n  background-position: 85% 59%;\n}\n#banner-1723291429 .ux-shape-divider--top svg {\n  height: 150px;\n  --divider-top-width: 100%;\n}\n#banner-1723291429 .ux-shape-divider--bottom svg {\n  height: 150px;\n  --divider-width: 100%;\n}\n<\/style>\n  <\/div>\n\n\n\n\t\t<\/div>\n\t\t\t\t\t<\/div>\n\n\t\n\n<\/div>\n\n\t\t<\/div>\n\n\t\t\n<style>\n#section_2059225069 {\n  padding-top: 20px;\n  padding-bottom: 20px;\n}\n#section_2059225069 .ux-shape-divider--top svg {\n  height: 150px;\n  --divider-top-width: 100%;\n}\n#section_2059225069 .ux-shape-divider--bottom svg {\n  height: 150px;\n  --divider-width: 100%;\n}\n<\/style>\n\t<\/section>\n\t\n\t<section class=\"section\" id=\"section_763122213\">\n\t\t<div class=\"bg section-bg fill bg-fill  bg-loaded\" >\n\n\t\t\t\n\t\t\t\n\t\t\t\n\n\t\t<\/div>\n\n\t\t\n\n\t\t<div class=\"section-content relative\">\n\t\t\t\n\n<div class=\"row align-center\"  id=\"row-297986926\">\n\n\n\t<div id=\"col-754431748\" class=\"col medium-10 small-12 large-10\"  >\n\t\t\t\t<div class=\"col-inner text-left\"  >\n\t\t\t\n\t\t\t\n\n<h4><span data-text-color=\"primary\">Im Haus selbst haben Sie mit der 24 &#8211; Stunden-Rufbereitschaft des Empfangs und dem mobilen Notrufsystem, das Sie auf Wunsch erhalten k\u00f6nnen, die Sicherheit, immer schnelle Hilfe zu bekommen und f\u00fcr den Fall der F\u00e4lle steht Ihnen sowohl ambulante als auch station\u00e4re Versorgung im angrenzenden HausVitalis zur Verf\u00fcgung.<\/span><\/h4>\n<p>Im \u00c4rztezentrum ForumVitalis bieten Ihnen \u00c4rzte\u00a0 verschiedener Fachrichtungen kompetente medizinische Versorgung an. Die \u00c4rzte behandeln die Hausg\u00e4ste des <strong>NewLivingHome<\/strong> bevorzugt und betreuen Sie bei Bedarf auch haus\u00e4rztlich in Ihrem Appartement.<span class=\"Apple-converted-space\">\u00a0<\/span><\/p>\n<p>Ein umfangreiches Sortiment an rezeptpflichtigen und frei verk\u00e4uflichen Arzneimitteln sowie eine gro\u00dfe Auswahl an hochwertiger Kosmetik erhalten Sie in der auf dem Gel\u00e4nde befindlichen Apotheke<em>.<\/em>\u00a0<\/p>\n<p>Im Souterrain des <strong>New<span data-text-color=\"primary\">Living<\/span>Home<\/strong>, direkt neben unserem Schwimmbad gelegen, befindet sich zudem das Therapiezentrum mobilis,<span class=\"Apple-converted-space\">\u00a0<\/span>mit einem umfassenden Angebot an physiotherapeutischen Behandlungen.<span class=\"Apple-converted-space\">\u00a0<\/span><\/p>\n<h4><span data-text-color=\"primary\">Ein sicheres Gef\u00fchl in jeder Lebenslage!<\/span><\/h4>\n\n\t\t<\/div>\n\t\t\t\t\t<\/div>\n\n\t\n\n<\/div>\n\n\t\t<\/div>\n\n\t\t\n<style>\n#section_763122213 {\n  padding-top: 39px;\n  padding-bottom: 39px;\n}\n#section_763122213 .ux-shape-divider--top svg {\n  height: 150px;\n  --divider-top-width: 100%;\n}\n#section_763122213 .ux-shape-divider--bottom svg {\n  height: 150px;\n  --divider-width: 100%;\n}\n<\/style>\n\t<\/section>\n\t\n\t<section class=\"section\" id=\"section_1591233573\">\n\t\t<div class=\"bg section-bg fill bg-fill  bg-loaded\" >\n\n\t\t\t\n\t\t\t\n\t\t\t\n\n\t\t<\/div>\n\n\t\t\n\n\t\t<div class=\"section-content relative\">\n\t\t\t\n\n<div class=\"row row-large row-full-width align-middle align-center\"  id=\"row-1988099557\">\n\n\n\t<div id=\"col-2011144695\" class=\"col medium-3 small-12 large-3\"  >\n\t\t\t\t<div class=\"col-inner text-center\"  >\n\t\t\t\n\t\t\t\n\n\t<div class=\"img has-hover x md-x lg-x y md-y lg-y\" id=\"image_988445707\">\n\t\t<a class=\"\" href=\"http:\/\/www.forum-vitalis.de\/\"  >\t\t\t\t\t\t<div class=\"img-inner dark\" >\n\t\t\t<img loading=\"lazy\" decoding=\"async\" width=\"300\" height=\"123\" src=\"https:\/\/www.new-living-home.de\/residenz\/wp-content\/uploads\/2018\/11\/ForumVitalis-Logo-1-300x123.jpg\" class=\"attachment-medium size-medium\" alt=\"\" srcset=\"https:\/\/www.new-living-home.de\/residenz\/wp-content\/uploads\/2018\/11\/ForumVitalis-Logo-1-300x123.jpg 300w, https:\/\/www.new-living-home.de\/residenz\/wp-content\/uploads\/2018\/11\/ForumVitalis-Logo-1-768x315.jpg 768w, https:\/\/www.new-living-home.de\/residenz\/wp-content\/uploads\/2018\/11\/ForumVitalis-Logo-1-1024x420.jpg 1024w, https:\/\/www.new-living-home.de\/residenz\/wp-content\/uploads\/2018\/11\/ForumVitalis-Logo-1.jpg 1300w\" sizes=\"auto, (max-width: 300px) 100vw, 300px\" \/>\t\t\t\t\t\t\n\t\t\t\t\t<\/div>\n\t\t\t\t\t\t<\/a>\t\t\n<style>\n#image_988445707 {\n  width: 94%;\n}\n<\/style>\n\t<\/div>\n\t\n\n\n\t\t<\/div>\n\t\t\t\t\t<\/div>\n\n\t\n\n\t<div id=\"col-1733371012\" class=\"col medium-3 small-12 large-3\"  >\n\t\t\t\t<div class=\"col-inner text-center\"  >\n\t\t\t\n\t\t\t\n\n\t<div class=\"img has-hover x md-x lg-x y md-y lg-y\" id=\"image_1262541972\">\n\t\t<a class=\"\" href=\"http:\/\/www.eichen-apotheke-hamburg.de\/\"  >\t\t\t\t\t\t<div class=\"img-inner dark\" >\n\t\t\t<img loading=\"lazy\" decoding=\"async\" width=\"149\" height=\"73\" src=\"https:\/\/www.new-living-home.de\/residenz\/wp-content\/uploads\/2018\/08\/eichen-apotheke.gif\" class=\"attachment-medium size-medium\" alt=\"\" \/>\t\t\t\t\t\t\n\t\t\t\t\t<\/div>\n\t\t\t\t\t\t<\/a>\t\t\n<style>\n#image_1262541972 {\n  width: 77%;\n}\n<\/style>\n\t<\/div>\n\t\n\n\n\t\t<\/div>\n\t\t\t\t\t<\/div>\n\n\t\n\n\t<div id=\"col-1861847798\" class=\"col medium-3 small-12 large-3\"  >\n\t\t\t\t<div class=\"col-inner text-center\"  >\n\t\t\t\n\t\t\t\n\n\t<div class=\"img has-hover x md-x lg-x y md-y lg-y\" id=\"image_1100466696\">\n\t\t<a class=\"\" href=\"http:\/\/www.haus-vitalis.de\/\"  >\t\t\t\t\t\t<div class=\"img-inner dark\" >\n\t\t\t<img loading=\"lazy\" decoding=\"async\" width=\"150\" height=\"61\" src=\"https:\/\/www.new-living-home.de\/residenz\/wp-content\/uploads\/2018\/08\/haus-vitalis.gif\" class=\"attachment-original size-original\" alt=\"\" \/>\t\t\t\t\t\t\n\t\t\t\t\t<\/div>\n\t\t\t\t\t\t<\/a>\t\t\n<style>\n#image_1100466696 {\n  width: 90%;\n}\n<\/style>\n\t<\/div>\n\t\n\n\n\t\t<\/div>\n\t\t\t\t\t<\/div>\n\n\t\n\n\n<style>\n#row-1988099557 > .col > .col-inner {\n  background-color: rgb(255,255,255);\n}\n<\/style>\n<\/div>\n\n\t\t<\/div>\n\n\t\t\n<style>\n#section_1591233573 {\n  padding-top: 38px;\n  padding-bottom: 38px;\n  background-color: rgb(255,255,255);\n}\n#section_1591233573 .ux-shape-divider--top svg {\n  height: 150px;\n  --divider-top-width: 100%;\n}\n#section_1591233573 .ux-shape-divider--bottom svg {\n  height: 150px;\n  --divider-width: 100%;\n}\n<\/style>\n\t<\/section>\n\t\n\n","protected":false},"excerpt":{"rendered":"","protected":false},"author":1,"featured_media":0,"parent":0,"menu_order":0,"comment_status":"closed","ping_status":"closed","template":"page-blank.php","meta":{"footnotes":""},"class_list":["post-62","page","type-page","status-publish","hentry"],"_links":{"self":[{"href":"https:\/\/www.new-living-home.de\/residenz\/wp-json\/wp\/v2\/pages\/62","targetHints":{"allow":["GET"]}}],"collection":[{"href":"https:\/\/www.new-living-home.de\/residenz\/wp-json\/wp\/v2\/pages"}],"about":[{"href":"https:\/\/www.new-living-home.de\/residenz\/wp-json\/wp\/v2\/types\/page"}],"author":[{"embeddable":true,"href":"https:\/\/www.new-living-home.de\/residenz\/wp-json\/wp\/v2\/users\/1"}],"replies":[{"embeddable":true,"href":"https:\/\/www.new-living-home.de\/residenz\/wp-json\/wp\/v2\/comments?post=62"}],"version-history":[{"count":8,"href":"https:\/\/www.new-living-home.de\/residenz\/wp-json\/wp\/v2\/pages\/62\/revisions"}],"predecessor-version":[{"id":2465,"href":"https:\/\/www.new-living-home.de\/residenz\/wp-json\/wp\/v2\/pages\/62\/revisions\/2465"}],"wp:attachment":[{"href":"https:\/\/www.new-living-home.de\/residenz\/wp-json\/wp\/v2\/media?parent=62"}],"curies":[{"name":"wp","href":"https:\/\/api.w.org\/{rel}","templated":true}]}}