{"id":57,"date":"2018-08-22T10:17:42","date_gmt":"2018-08-22T08:17:42","guid":{"rendered":"http:\/\/www.new-living-home.de\/residenz\/\/?page_id=57"},"modified":"2025-05-08T12:45:26","modified_gmt":"2025-05-08T10:45:26","slug":"feiern-und-tagen","status":"publish","type":"page","link":"https:\/\/www.new-living-home.de\/residenz\/feiern-und-tagen\/","title":{"rendered":"Feiern und Tagen"},"content":{"rendered":"\n\t<section class=\"section dark\" id=\"section_1898577372\">\n\t\t<div class=\"bg section-bg fill bg-fill  bg-loaded\" >\n\n\t\t\t\n\t\t\t<div class=\"loading-spin centered\"><\/div><button class=\"scroll-for-more z-5 icon absolute bottom h-center\" aria-label=\"Scroll for more\"><i class=\"icon-angle-down\" style=\"font-size:42px;\"><\/i><\/button>\n\t\t\t\n\n\t\t<\/div>\n\n\t\t\n\n\t\t<div class=\"section-content relative\">\n\t\t\t\n\n\n  <div class=\"banner has-hover\" id=\"banner-795285735\">\n          <div class=\"banner-inner fill\">\n        <div class=\"banner-bg fill\" >\n            <div class=\"bg fill bg-fill \"><\/div>\n                                    \n                    <\/div>\n\t\t\n        <div class=\"banner-layers container\">\n            <div class=\"fill banner-link\"><\/div>            \n\n\n        <\/div>\n      <\/div>\n\n            \n<style>\n#banner-795285735 {\n  padding-top: 60%;\n}\n#banner-795285735 .bg.bg-loaded {\n  background-image: url(https:\/\/www.new-living-home.de\/residenz\/wp-content\/uploads\/2018\/09\/MG_0695-1.jpg);\n}\n#banner-795285735 .bg {\n  background-position: 42% 18%;\n}\n#banner-795285735 .ux-shape-divider--top svg {\n  height: 150px;\n  --divider-top-width: 100%;\n}\n#banner-795285735 .ux-shape-divider--bottom svg {\n  height: 150px;\n  --divider-width: 100%;\n}\n@media (min-width:550px) {\n  #banner-795285735 {\n    padding-top: 37%;\n  }\n}\n<\/style>\n  <\/div>\n\n\n\n\t\t<\/div>\n\n\t\t\n<style>\n#section_1898577372 {\n  padding-top: 0px;\n  padding-bottom: 0px;\n}\n#section_1898577372 .ux-shape-divider--top svg {\n  height: 150px;\n  --divider-top-width: 100%;\n}\n#section_1898577372 .ux-shape-divider--bottom svg {\n  height: 150px;\n  --divider-width: 100%;\n}\n<\/style>\n\t<\/section>\n\t\n\t<section class=\"section\" id=\"section_125622026\">\n\t\t<div class=\"bg section-bg fill bg-fill  bg-loaded\" >\n\n\t\t\t\n\t\t\t\n\t\t\t\n\n\t\t<\/div>\n\n\t\t\n\n\t\t<div class=\"section-content relative\">\n\t\t\t\n\n<div class=\"row row-large align-center\"  id=\"row-600738293\">\n\n\n\t<div id=\"col-1197310006\" class=\"col medium-10 small-12 large-10\"  >\n\t\t\t\t<div class=\"col-inner text-left\"  >\n\t\t\t\n\t\t\t\n\n<h1>Feiern und Tagen<\/h1>\n<div class=\"is-divider divider clearfix\" ><\/div>\n\n\n\t\t<\/div>\n\t\t\t\t\t<\/div>\n\n\t\n\n\t<div id=\"col-124807714\" class=\"col medium-5 small-12 large-5\"  >\n\t\t\t\t<div class=\"col-inner text-left\"  >\n\t\t\t\n\t\t\t\n\n<h4>Unsere stilvollen und technisch gut ausgestatteten R\u00e4ume eignen sich sowohl f\u00fcr Tagungen als auch f\u00fcr Familienfeiern aller Art.<\/h4>\n<p>Wir beraten Sie gern in allen Fragen rund um die Vorbereitung und Planung Ihrer Feier, z.B. bei der <strong>Raumwahl<\/strong> und der\u00a0<strong>Men\u00fc-Zusammenstellung\u00a0<\/strong>oder\u00a0bei der <strong>Dekoration und der Programmgestaltung<\/strong>.\u00a0<\/p>\n<p>\u00a0<\/p>\n<h2>\u00a0<\/h2>\n\n\t\t<\/div>\n\t\t\t\t\t<\/div>\n\n\t\n\n\t<div id=\"col-1643726369\" class=\"col medium-5 small-12 large-5\"  >\n\t\t\t\t<div class=\"col-inner text-left\"  >\n\t\t\t\n\t\t\t\n\n<h4>Ihr Ansprechpartner f\u00fcr weitere Details und Reservierungen:<\/h4>\n<h4><strong>Jan Rasmus von Blomberg<\/strong><\/h4>\n<h4><strong> Telefon<\/strong>: 040 &#8211; 401 33 100<br \/><strong>Fax<\/strong>: 040 &#8211; 401 33 200<br \/><strong>E-Mail<\/strong>: <a href=\"mailto:info@new-living-home.de\">fbm@new-living-home.de<\/a><\/h4>\n\t<div id=\"gap-986383912\" class=\"gap-element clearfix\" style=\"display:block; height:auto;\">\n\t\t\n<style>\n#gap-986383912 {\n  padding-top: 30px;\n}\n<\/style>\n\t<\/div>\n\t\n\n<a rel=\"noopener noreferrer\" href=\"https:\/\/www.new-living-home.de\/residenz\/wp-content\/uploads\/2025\/05\/Bankettmappe-2025-Locations.pdf\" target=\"_blank\" class=\"button primary\"  >\n    <span>Informations-Mappe<\/span>\n  <\/a>\n\n\n\n\t\t<\/div>\n\t\t\t\t\t<\/div>\n\n\t\n\n<\/div>\n\t<div id=\"text-3259288749\" class=\"text\">\n\t\t\n\n<h1>Unsere R\u00e4ume im \u00dcberblick<\/h1>\n\t\t\n<style>\n#text-3259288749 {\n  text-align: center;\n}\n<\/style>\n\t<\/div>\n\t\n\n\t\t<\/div>\n\n\t\t\n<style>\n#section_125622026 {\n  padding-top: 0px;\n  padding-bottom: 0px;\n}\n#section_125622026 .ux-shape-divider--top svg {\n  height: 150px;\n  --divider-top-width: 100%;\n}\n#section_125622026 .ux-shape-divider--bottom svg {\n  height: 150px;\n  --divider-width: 100%;\n}\n@media (min-width:550px) {\n  #section_125622026 {\n    padding-top: 40px;\n    padding-bottom: 40px;\n  }\n}\n<\/style>\n\t<\/section>\n\t\n\t<section class=\"section custom-list\" id=\"section_1641738922\">\n\t\t<div class=\"bg section-bg fill bg-fill  bg-loaded\" >\n\n\t\t\t\n\t\t\t\n\t\t\t\n\n\t\t<\/div>\n\n\t\t\n\n\t\t<div class=\"section-content relative\">\n\t\t\t\n\n<div class=\"row row-collapse row-full-width align-middle\"  id=\"row-1550447524\">\n\n\n\t<div id=\"col-244046213\" class=\"col medium-6 small-12 large-6\"  >\n\t\t\t\t<div class=\"col-inner text-center\"  >\n\t\t\t\n\t\t\t\n\n\n  <div class=\"banner has-hover\" id=\"banner-898931867\">\n          <div class=\"banner-inner fill\">\n        <div class=\"banner-bg fill\" >\n            <div class=\"bg fill bg-fill \"><\/div>\n                                    \n                    <\/div>\n\t\t\n        <div class=\"banner-layers container\">\n            <div class=\"fill banner-link\"><\/div>            \n\n\n        <\/div>\n      <\/div>\n\n            \n<style>\n#banner-898931867 {\n  padding-top: 99.99%;\n}\n#banner-898931867 .bg.bg-loaded {\n  background-image: url(https:\/\/www.new-living-home.de\/residenz\/wp-content\/uploads\/2025\/04\/250424_New-Living-Home_web-26-scaled.jpg);\n}\n#banner-898931867 .bg {\n  background-position: 25% 73%;\n}\n#banner-898931867 .ux-shape-divider--top svg {\n  height: 150px;\n  --divider-top-width: 100%;\n}\n#banner-898931867 .ux-shape-divider--bottom svg {\n  height: 150px;\n  --divider-width: 100%;\n}\n<\/style>\n  <\/div>\n\n\n\n\t\t<\/div>\n\t\t\t\t\t<\/div>\n\n\t\n\n\t<div id=\"col-1870037660\" class=\"col medium-1 small-12 large-1\"  >\n\t\t\t\t<div class=\"col-inner\"  >\n\t\t\t\n\t\t\t\n\n\n\t\t<\/div>\n\t\t\t\t\t<\/div>\n\n\t\n\n\t<div id=\"col-1673847622\" class=\"col medium-4 small-12 large-4\"  >\n\t\t\t\t<div class=\"col-inner\"  >\n\t\t\t\n\t\t\t\n\n<h2>Kaminzimmer<\/h2>\n<ul>\n<li class=\"bullet-arrow\">Minimaler Raum f\u00fcr maximale M\u00f6glichkeiten<\/li>\n<li class=\"bullet-arrow\">F\u00fcr z. B. kleinere Feiern oder Arbeitsessen mit max. 12 Personen<\/li>\n<li class=\"bullet-arrow\">Gemeinsam mit der angrenzenden Bibliothek nutzbar<\/li>\n<\/ul>\n\n\t\t<\/div>\n\t\t\t\t\n<style>\n#col-1673847622 > .col-inner {\n  padding: 20px 30px 20px 30px;\n}\n<\/style>\n\t<\/div>\n\n\t\n\n\t<div id=\"col-1921763076\" class=\"col medium-1 small-12 large-1\"  >\n\t\t\t\t<div class=\"col-inner\"  >\n\t\t\t\n\t\t\t\n\n\n\t\t<\/div>\n\t\t\t\t\t<\/div>\n\n\t\n\n<\/div>\n<div class=\"row row-collapse row-full-width align-middle\"  id=\"row-124351889\">\n\n\n\t<div id=\"col-1661826456\" class=\"col medium-1 small-12 large-1\"  >\n\t\t\t\t<div class=\"col-inner\"  >\n\t\t\t\n\t\t\t\n\n\n\t\t<\/div>\n\t\t\t\t\t<\/div>\n\n\t\n\n\t<div id=\"col-1243488744\" class=\"col medium-4 small-12 large-4\"  >\n\t\t\t\t<div class=\"col-inner\"  >\n\t\t\t\n\t\t\t\n\n<h2>Musikzimmer<\/h2>\n<ul>\n<li class=\"bullet-arrow\">Geeignet f\u00fcr kleine Konzerte mit bis zu 50 G\u00e4sten<\/li>\n<li class=\"bullet-arrow\">Mit vollst\u00e4ndiger technischer Ausr\u00fcstung f\u00fcr Meetings<\/li>\n<li class=\"bullet-arrow\">Exklusiver Raum f\u00fcr Familienfeiern mit max. 22 Personen<\/li>\n<\/ul>\n\n\t\t<\/div>\n\t\t\t\t\n<style>\n#col-1243488744 > .col-inner {\n  padding: 20px 30px 20px 30px;\n}\n<\/style>\n\t<\/div>\n\n\t\n\n\t<div id=\"col-1899885426\" class=\"col medium-1 small-12 large-1\"  >\n\t\t\t\t<div class=\"col-inner\"  >\n\t\t\t\n\t\t\t\n\n\n\t\t<\/div>\n\t\t\t\t\t<\/div>\n\n\t\n\n\t<div id=\"col-467521589\" class=\"col medium-6 small-12 large-6\"  >\n\t\t\t\t<div class=\"col-inner text-center\"  >\n\t\t\t\n\t\t\t\n\n\n  <div class=\"banner has-hover\" id=\"banner-484580288\">\n          <div class=\"banner-inner fill\">\n        <div class=\"banner-bg fill\" >\n            <div class=\"bg fill bg-fill \"><\/div>\n                                    \n                    <\/div>\n\t\t\n        <div class=\"banner-layers container\">\n            <div class=\"fill banner-link\"><\/div>            \n\n\n        <\/div>\n      <\/div>\n\n            \n<style>\n#banner-484580288 {\n  padding-top: 99.99%;\n}\n#banner-484580288 .bg.bg-loaded {\n  background-image: url(https:\/\/www.new-living-home.de\/residenz\/wp-content\/uploads\/2025\/04\/250424_New-Living-Home_web-30-scaled.jpg);\n}\n#banner-484580288 .bg {\n  background-position: 50% 41%;\n}\n#banner-484580288 .ux-shape-divider--top svg {\n  height: 150px;\n  --divider-top-width: 100%;\n}\n#banner-484580288 .ux-shape-divider--bottom svg {\n  height: 150px;\n  --divider-width: 100%;\n}\n<\/style>\n  <\/div>\n\n\n\n\t\t<\/div>\n\t\t\t\t\t<\/div>\n\n\t\n\n<\/div>\n<div class=\"row row-collapse row-full-width align-middle\"  id=\"row-984524823\">\n\n\n\t<div id=\"col-1714736159\" class=\"col medium-6 small-12 large-6\"  >\n\t\t\t\t<div class=\"col-inner text-center\"  >\n\t\t\t\n\t\t\t\n\n\n  <div class=\"banner has-hover\" id=\"banner-620045377\">\n          <div class=\"banner-inner fill\">\n        <div class=\"banner-bg fill\" >\n            <div class=\"bg fill bg-fill \"><\/div>\n                                    \n                    <\/div>\n\t\t\n        <div class=\"banner-layers container\">\n            <div class=\"fill banner-link\"><\/div>            \n\n\n        <\/div>\n      <\/div>\n\n            \n<style>\n#banner-620045377 {\n  padding-top: 99.99%;\n}\n#banner-620045377 .bg.bg-loaded {\n  background-image: url(https:\/\/www.new-living-home.de\/residenz\/wp-content\/uploads\/2025\/04\/250424_New-Living-Home_web-42-scaled.jpg);\n}\n#banner-620045377 .bg {\n  background-position: 69% 70%;\n}\n#banner-620045377 .ux-shape-divider--top svg {\n  height: 150px;\n  --divider-top-width: 100%;\n}\n#banner-620045377 .ux-shape-divider--bottom svg {\n  height: 150px;\n  --divider-width: 100%;\n}\n<\/style>\n  <\/div>\n\n\n\n\t\t<\/div>\n\t\t\t\t\t<\/div>\n\n\t\n\n\t<div id=\"col-642317404\" class=\"col medium-1 small-12 large-1\"  >\n\t\t\t\t<div class=\"col-inner\"  >\n\t\t\t\n\t\t\t\n\n\n\t\t<\/div>\n\t\t\t\t\t<\/div>\n\n\t\n\n\t<div id=\"col-1865407111\" class=\"col medium-4 small-12 large-4\"  >\n\t\t\t\t<div class=\"col-inner\"  >\n\t\t\t\n\t\t\t\n\n<h2><strong>Salon Hamburg<\/strong><\/h2>\n<ul>\n<li class=\"bullet-arrow\">Im 4. Obergeschoss\u00a0<\/li>\n<li class=\"bullet-arrow\">\u00dcber 250 qm Dachterrasse mit einem wunderbaren Blick \u00fcber Hamburg, z. B. f\u00fcr Cocktailempf\u00e4nge oder einem Aperitif vor dem Essen\u00a0<\/li>\n<li class=\"bullet-arrow\">F\u00fcr attraktive Arbeitsessen ebenso geeignet wie f\u00fcr stilvolle Feiern<\/li>\n<li class=\"bullet-arrow\">Platz f\u00fcr bis zu 32 Personen<\/li>\n<li class=\"bullet-arrow\">Technische Ger\u00e4te werden auf Wunsch gestellt<\/li>\n<\/ul>\n\n\t\t<\/div>\n\t\t\t\t\n<style>\n#col-1865407111 > .col-inner {\n  padding: 20px 30px 20px 30px;\n}\n<\/style>\n\t<\/div>\n\n\t\n\n\t<div id=\"col-329791512\" class=\"col medium-1 small-12 large-1\"  >\n\t\t\t\t<div class=\"col-inner\"  >\n\t\t\t\n\t\t\t\n\n\n\t\t<\/div>\n\t\t\t\t\t<\/div>\n\n\t\n\n<\/div>\n<div class=\"row row-collapse row-full-width align-middle\"  id=\"row-1383417302\">\n\n\n\t<div id=\"col-1633630835\" class=\"col medium-1 small-12 large-1\"  >\n\t\t\t\t<div class=\"col-inner\"  >\n\t\t\t\n\t\t\t\n\n\n\t\t<\/div>\n\t\t\t\t\t<\/div>\n\n\t\n\n\t<div id=\"col-1069334621\" class=\"col medium-4 small-12 large-4\"  >\n\t\t\t\t<div class=\"col-inner\"  >\n\t\t\t\n\t\t\t\n\n<h2>Salon Altona<\/h2>\n<ul>\n<li class=\"bullet-arrow\">F\u00fcr Tagungen und Meetings mit max. 75 Personen<\/li>\n<li class=\"bullet-arrow\">Umfangreiche technische Ausstattung nach Ihren W\u00fcnschen m\u00f6glich<\/li>\n<li class=\"bullet-arrow\">Angrenzende 250 qm gro\u00dfe Dachterrasse mit Blick bis zum Michel, z. B. f\u00fcr eine Kaffeepause unter freiem Himmel<\/li>\n<\/ul>\n\n\t\t<\/div>\n\t\t\t\t\n<style>\n#col-1069334621 > .col-inner {\n  padding: 20px 30px 20px 30px;\n}\n<\/style>\n\t<\/div>\n\n\t\n\n\t<div id=\"col-1150415629\" class=\"col medium-1 small-12 large-1\"  >\n\t\t\t\t<div class=\"col-inner\"  >\n\t\t\t\n\t\t\t\n\n\n\t\t<\/div>\n\t\t\t\t\t<\/div>\n\n\t\n\n\t<div id=\"col-955268199\" class=\"col medium-6 small-12 large-6\"  >\n\t\t\t\t<div class=\"col-inner text-center\"  >\n\t\t\t\n\t\t\t\n\n\n  <div class=\"banner has-hover\" id=\"banner-602032169\">\n          <div class=\"banner-inner fill\">\n        <div class=\"banner-bg fill\" >\n            <div class=\"bg fill bg-fill \"><\/div>\n                                    \n                    <\/div>\n\t\t\n        <div class=\"banner-layers container\">\n            <div class=\"fill banner-link\"><\/div>            \n\n\n        <\/div>\n      <\/div>\n\n            \n<style>\n#banner-602032169 {\n  padding-top: 99.99%;\n}\n#banner-602032169 .bg.bg-loaded {\n  background-image: url(https:\/\/www.new-living-home.de\/residenz\/wp-content\/uploads\/2025\/04\/250424_New-Living-Home_web-4-scaled.jpg);\n}\n#banner-602032169 .bg {\n  background-position: 13% 80%;\n}\n#banner-602032169 .ux-shape-divider--top svg {\n  height: 150px;\n  --divider-top-width: 100%;\n}\n#banner-602032169 .ux-shape-divider--bottom svg {\n  height: 150px;\n  --divider-width: 100%;\n}\n<\/style>\n  <\/div>\n\n\n\n\t\t<\/div>\n\t\t\t\t\t<\/div>\n\n\t\n\n<\/div>\n<div class=\"row row-collapse row-full-width align-middle\"  id=\"row-908457961\">\n\n\n\t<div id=\"col-293080873\" class=\"col medium-6 small-12 large-6\"  >\n\t\t\t\t<div class=\"col-inner text-center\"  >\n\t\t\t\n\t\t\t\n\n\n  <div class=\"banner has-hover\" id=\"banner-1482581678\">\n          <div class=\"banner-inner fill\">\n        <div class=\"banner-bg fill\" >\n            <div class=\"bg fill bg-fill \"><\/div>\n                                    \n                    <\/div>\n\t\t\n        <div class=\"banner-layers container\">\n            <div class=\"fill banner-link\"><\/div>            \n\n\n        <\/div>\n      <\/div>\n\n            \n<style>\n#banner-1482581678 {\n  padding-top: 99.99%;\n}\n#banner-1482581678 .bg.bg-loaded {\n  background-image: url(https:\/\/www.new-living-home.de\/residenz\/wp-content\/uploads\/2025\/04\/250424_New-Living-Home_web-33-scaled.jpg);\n}\n#banner-1482581678 .bg {\n  background-position: 43% 45%;\n}\n#banner-1482581678 .ux-shape-divider--top svg {\n  height: 150px;\n  --divider-top-width: 100%;\n}\n#banner-1482581678 .ux-shape-divider--bottom svg {\n  height: 150px;\n  --divider-width: 100%;\n}\n<\/style>\n  <\/div>\n\n\n\n\t\t<\/div>\n\t\t\t\t\t<\/div>\n\n\t\n\n\t<div id=\"col-292544522\" class=\"col medium-1 small-12 large-1\"  >\n\t\t\t\t<div class=\"col-inner\"  >\n\t\t\t\n\t\t\t\n\n\n\t\t<\/div>\n\t\t\t\t\t<\/div>\n\n\t\n\n\t<div id=\"col-1671188727\" class=\"col medium-4 small-12 large-4\"  >\n\t\t\t\t<div class=\"col-inner\"  >\n\t\t\t\n\t\t\t\n\n<h2>Restaurant Mendelssohn&#8217;s<\/h2>\n<ul>\n<li class=\"bullet-arrow\">F\u00fcr Familienfeiern aller Art<\/li>\n<li class=\"bullet-arrow\">F\u00fcr kleine wie gro\u00dfe Gesch\u00e4ftsessen und Firmenfeiern im gehobenen Rahmen<\/li>\n<li class=\"bullet-arrow\">Nach Absprache selbstverst\u00e4ndlich auch in exklusiver Nutzung<\/li>\n<li class=\"bullet-arrow\">Ab 40 bis max. 110 Personen<\/li>\n<li class=\"bullet-arrow\">Aufbau einer Tanzfl\u00e4che sowie Nutzung eines Konzertfl\u00fcgels m\u00f6glich<\/li>\n<\/ul>\n\n\t\t<\/div>\n\t\t\t\t\n<style>\n#col-1671188727 > .col-inner {\n  padding: 20px 30px 20px 30px;\n}\n<\/style>\n\t<\/div>\n\n\t\n\n\t<div id=\"col-643057664\" class=\"col medium-1 small-12 large-1\"  >\n\t\t\t\t<div class=\"col-inner\"  >\n\t\t\t\n\t\t\t\n\n\n\t\t<\/div>\n\t\t\t\t\t<\/div>\n\n\t\n\n<\/div>\n<div class=\"row row-collapse row-full-width align-middle\"  id=\"row-1794922972\">\n\n\n\t<div id=\"col-1909182472\" class=\"col medium-1 small-12 large-1\"  >\n\t\t\t\t<div class=\"col-inner\"  >\n\t\t\t\n\t\t\t\n\n\n\t\t<\/div>\n\t\t\t\t\t<\/div>\n\n\t\n\n\t<div id=\"col-1031323603\" class=\"col medium-4 small-12 large-4\"  >\n\t\t\t\t<div class=\"col-inner\"  >\n\t\t\t\n\t\t\t\n\n<h2>Theater ATRIUM<\/h2>\n<ul>\n<li class=\"bullet-arrow\">Geeignet f\u00fcr kulturelle Events, Vortr\u00e4ge, Symposien, Schulungen, Produktpr\u00e4sentationen<\/li>\n<li class=\"bullet-arrow\">199 Sitzpl\u00e4tze mit ausklappbaren Schreibunterlagen<\/li>\n<li class=\"bullet-arrow\">Steinway-Fl\u00fcgel<\/li>\n<li class=\"bullet-arrow\">Lichteffekte, Bose-Sound-System, Mischpult, Video- und DVD-Player, Videobeamer (4000 Ansilumen), Funkmikrofone, Doppel-CD-Player (professionell bedient durch einen hauseigenen Veranstaltungstechniker)<\/li>\n<li class=\"bullet-arrow\">Mitnutzung des Foyers und weiterer R\u00e4ume ist nach Absprache m\u00f6glich<\/li>\n<li class=\"bullet-arrow\">Ausreichend Parkm\u00f6glichkeiten in der Tiefgarage<\/li>\n<\/ul>\n\n\t\t<\/div>\n\t\t\t\t\n<style>\n#col-1031323603 > .col-inner {\n  padding: 20px 30px 20px 30px;\n}\n<\/style>\n\t<\/div>\n\n\t\n\n\t<div id=\"col-401688761\" class=\"col medium-1 small-12 large-1\"  >\n\t\t\t\t<div class=\"col-inner\"  >\n\t\t\t\n\t\t\t\n\n\n\t\t<\/div>\n\t\t\t\t\t<\/div>\n\n\t\n\n\t<div id=\"col-1554240437\" class=\"col medium-6 small-12 large-6\"  >\n\t\t\t\t<div class=\"col-inner text-center\"  >\n\t\t\t\n\t\t\t\n\n\n  <div class=\"banner has-hover\" id=\"banner-1739192325\">\n          <div class=\"banner-inner fill\">\n        <div class=\"banner-bg fill\" >\n            <div class=\"bg fill bg-fill \"><\/div>\n                        <div class=\"overlay\"><\/div>            \n                    <\/div>\n\t\t\n        <div class=\"banner-layers container\">\n            <div class=\"fill banner-link\"><\/div>            \n\n\n        <\/div>\n      <\/div>\n\n            \n<style>\n#banner-1739192325 {\n  padding-top: 99.99%;\n}\n#banner-1739192325 .bg.bg-loaded {\n  background-image: url(https:\/\/www.new-living-home.de\/residenz\/wp-content\/uploads\/2025\/04\/250424_New-Living-Home_web-39-scaled.jpg);\n}\n#banner-1739192325 .overlay {\n  background-color: rgba(255, 255, 255, 0.02);\n}\n#banner-1739192325 .bg {\n  background-position: 0% 50%;\n}\n#banner-1739192325 .ux-shape-divider--top svg {\n  height: 150px;\n  --divider-top-width: 100%;\n}\n#banner-1739192325 .ux-shape-divider--bottom svg {\n  height: 150px;\n  --divider-width: 100%;\n}\n<\/style>\n  <\/div>\n\n\n\n\t\t<\/div>\n\t\t\t\t\t<\/div>\n\n\t\n\n<\/div>\n\n\t\t<\/div>\n\n\t\t\n<style>\n#section_1641738922 {\n  padding-top: 60px;\n  padding-bottom: 60px;\n}\n#section_1641738922 .ux-shape-divider--top svg {\n  height: 150px;\n  --divider-top-width: 100%;\n}\n#section_1641738922 .ux-shape-divider--bottom svg {\n  height: 150px;\n  --divider-width: 100%;\n}\n<\/style>\n\t<\/section>\n\t\n\n","protected":false},"excerpt":{"rendered":"","protected":false},"author":1,"featured_media":0,"parent":0,"menu_order":0,"comment_status":"closed","ping_status":"closed","template":"page-blank.php","meta":{"footnotes":""},"class_list":["post-57","page","type-page","status-publish","hentry"],"_links":{"self":[{"href":"https:\/\/www.new-living-home.de\/residenz\/wp-json\/wp\/v2\/pages\/57","targetHints":{"allow":["GET"]}}],"collection":[{"href":"https:\/\/www.new-living-home.de\/residenz\/wp-json\/wp\/v2\/pages"}],"about":[{"href":"https:\/\/www.new-living-home.de\/residenz\/wp-json\/wp\/v2\/types\/page"}],"author":[{"embeddable":true,"href":"https:\/\/www.new-living-home.de\/residenz\/wp-json\/wp\/v2\/users\/1"}],"replies":[{"embeddable":true,"href":"https:\/\/www.new-living-home.de\/residenz\/wp-json\/wp\/v2\/comments?post=57"}],"version-history":[{"count":27,"href":"https:\/\/www.new-living-home.de\/residenz\/wp-json\/wp\/v2\/pages\/57\/revisions"}],"predecessor-version":[{"id":2489,"href":"https:\/\/www.new-living-home.de\/residenz\/wp-json\/wp\/v2\/pages\/57\/revisions\/2489"}],"wp:attachment":[{"href":"https:\/\/www.new-living-home.de\/residenz\/wp-json\/wp\/v2\/media?parent=57"}],"curies":[{"name":"wp","href":"https:\/\/api.w.org\/{rel}","templated":true}]}}