{"id":556,"date":"2018-09-14T11:10:25","date_gmt":"2018-09-14T09:10:25","guid":{"rendered":"http:\/\/www.new-living-home.de\/residenz\/\/?page_id=556"},"modified":"2024-09-26T10:33:16","modified_gmt":"2024-09-26T08:33:16","slug":"das-probewohnen","status":"publish","type":"page","link":"https:\/\/www.new-living-home.de\/residenz\/das-probewohnen\/","title":{"rendered":"Das Probewohnen"},"content":{"rendered":"\n\t<section class=\"section dark\" id=\"section_1711077739\">\n\t\t<div class=\"bg section-bg fill bg-fill  bg-loaded\" >\n\n\t\t\t\n\t\t\t<div class=\"loading-spin centered\"><\/div><button class=\"scroll-for-more z-5 icon absolute bottom h-center\" aria-label=\"Scroll for more\"><i class=\"icon-angle-down\" style=\"font-size:42px;\"><\/i><\/button>\n\t\t\t\n\n\t\t<\/div>\n\n\t\t\n\n\t\t<div class=\"section-content relative\">\n\t\t\t\n\n\n  <div class=\"banner has-hover\" id=\"banner-1234650132\">\n          <div class=\"banner-inner fill\">\n        <div class=\"banner-bg fill\" >\n            <div class=\"bg fill bg-fill \"><\/div>\n                                    \n                    <\/div>\n\t\t\n        <div class=\"banner-layers container\">\n            <div class=\"fill banner-link\"><\/div>            \n\n\n        <\/div>\n      <\/div>\n\n            \n<style>\n#banner-1234650132 {\n  padding-top: 60%;\n}\n#banner-1234650132 .bg.bg-loaded {\n  background-image: url(https:\/\/www.new-living-home.de\/residenz\/wp-content\/uploads\/2018\/09\/Terrasse-dunkler.jpg);\n}\n#banner-1234650132 .bg {\n  background-position: 68% 0%;\n}\n#banner-1234650132 .ux-shape-divider--top svg {\n  height: 150px;\n  --divider-top-width: 100%;\n}\n#banner-1234650132 .ux-shape-divider--bottom svg {\n  height: 150px;\n  --divider-width: 100%;\n}\n@media (min-width:550px) {\n  #banner-1234650132 {\n    padding-top: 37%;\n  }\n}\n<\/style>\n  <\/div>\n\n\n\n\t\t<\/div>\n\n\t\t\n<style>\n#section_1711077739 {\n  padding-top: 0px;\n  padding-bottom: 0px;\n  background-color: rgb(255,255,255);\n}\n#section_1711077739 .ux-shape-divider--top svg {\n  height: 150px;\n  --divider-top-width: 100%;\n}\n#section_1711077739 .ux-shape-divider--bottom svg {\n  height: 150px;\n  --divider-width: 100%;\n}\n<\/style>\n\t<\/section>\n\t\n\t<section class=\"section custom-list\" id=\"section_1482041646\">\n\t\t<div class=\"bg section-bg fill bg-fill  bg-loaded\" >\n\n\t\t\t\n\t\t\t\n\t\t\t\n\n\t\t<\/div>\n\n\t\t\n\n\t\t<div class=\"section-content relative\">\n\t\t\t\n\n<div class=\"row row-large align-center\"  id=\"row-558501691\">\n\n\n\t<div id=\"col-915283916\" class=\"col medium-10 small-12 large-10\"  >\n\t\t\t\t<div class=\"col-inner text-left\"  >\n\t\t\t\n\t\t\t\n\n<h1>Das Probewohnen<\/h1>\n<div class=\"is-divider divider clearfix\" style=\"background-color:rgb(244, 152, 0);\"><\/div>\n\n\n\t\t<\/div>\n\t\t\t\t\t<\/div>\n\n\t\n\n\t<div id=\"col-936352466\" class=\"col medium-10 small-12 large-10\"  >\n\t\t\t\t<div class=\"col-inner text-left\"  >\n\t\t\t\n\t\t\t\n\n<h4>Sie m\u00f6chten das <strong>New<span data-text-color=\"primary\">Living<\/span>Home<\/strong> pers\u00f6nlich kennenlernen und sich ein paar Tage von uns verw\u00f6hnen lassen?<span class=\"Apple-converted-space\">\u00a0<\/span><\/h4>\n<p>Dies ist, je nach Verf\u00fcgbarkeit, in der Woche von Montag bis Freitag m\u00f6glich. Am Wochenende und an Feiertagen bieten wir jedoch kein Probewohnen an, denn Sie sollen die M\u00f6glichkeit haben, w\u00e4hrend des Probewohnens unser <strong>umfangreiches Aktivit\u00e4ten-Programm und unsere Veranstaltungen<\/strong> zu nutzen. Auf diese Weise k\u00f6nnen Sie unser Haus intensiv kennen lernen.\u00a0<\/p>\n<p>In zahlreichen Sportkursen und Gespr\u00e4chskreisen, beim morgendlichen Schwimmen oder abends im Theater bieten sich immer Gelegenheiten mit unseren Hausg\u00e4sten in Kontakt zu treten und viele <strong>Informationen aus erster Hand<\/strong> zu erhalten. <strong>Probebewohner sind gern gesehene G\u00e4ste bei allen Kursen und Veranstaltungen!<\/strong><\/p>\n<p>Nutzen Sie unsere Arrangements und erkunden Sie das <strong>New<span data-text-color=\"primary\">Living<\/span>Home<\/strong> vom Keller bis zum Dach!<\/p>\n<h4><span data-text-color=\"primary\">&#8222;Man sieht nur mit dem Herzen gut , das Wesentliche ist f\u00fcr die Augen unsichtbar.&#8220;\u00a0<span style=\"font-size: 75%;\">A. de Saint-Exup\u00e9ry<\/span><\/span><\/h4>\n<h4>\u00a0<\/h4>\n<h4><strong>Testen Sie uns!\u00a0<\/strong><\/h4>\n\t<div id=\"gap-578280458\" class=\"gap-element clearfix\" style=\"display:block; height:auto;\">\n\t\t\n<style>\n#gap-578280458 {\n  padding-top: 27px;\n}\n<\/style>\n\t<\/div>\n\t\n\n\n\t\t<\/div>\n\t\t\t\t\t<\/div>\n\n\t\n\n\t<div id=\"col-1940038705\" class=\"col medium-10 small-12 large-10\"  >\n\t\t\t\t<div class=\"col-inner text-left\"  >\n\t\t\t\n\t\t\t\n\n<div class=\"row\"  id=\"row-1212625024\">\n\n\n\t<div id=\"col-1314428233\" class=\"col medium-4 small-12 large-4\"  >\n\t\t\t\t<div class=\"col-inner\"  >\n\t\t\t\n\t\t\t\n\n<h4><span data-text-color=\"primary\"><strong>3-Tage-Arrangement:<\/strong><\/span><\/h4>\n<p><strong>Eine Person:<\/strong>\u00a0\u20ac 291,00<br \/><strong>Zwei Personen:<\/strong> \u00a0\u20ac 402,00<\/p>\n\n\t\t<\/div>\n\t\t\t\t\t<\/div>\n\n\t\n\n\t<div id=\"col-591390554\" class=\"col medium-4 small-12 large-4\"  >\n\t\t\t\t<div class=\"col-inner\"  >\n\t\t\t\n\t\t\t\n\n<h4><span data-text-color=\"primary\"><strong>5-Tage-Arrangement:<\/strong><\/span><\/h4>\n<p><strong>Eine Person:<\/strong>\u00a0\u20ac 565,00<br \/><strong>Zwei Personen:<\/strong>\u00a0\u20ac 770,00<\/p>\n\n\t\t<\/div>\n\t\t\t\t\t<\/div>\n\n\t\n\n<\/div>\n\n\t\t<\/div>\n\t\t\t\t\t<\/div>\n\n\t\n\n\t<div id=\"col-780143010\" class=\"col medium-10 small-12 large-10\"  >\n\t\t\t\t<div class=\"col-inner text-left\"  >\n\t\t\t\n\t\t\t\n\n<h3>Die Arrangements beinhalten die folgenden Leistungen:<span class=\"Apple-converted-space\">\u00a0<\/span><\/h3>\n<ul>\n<li class=\"bullet-arrow\">\u00dcbernachtung im 2-Zimmer- Appartement inklusive Fr\u00fchst\u00fccksbuffet<\/li>\n<li class=\"bullet-arrow\">T\u00e4glich wechselnder Mittagstisch inklusive Mineralwasser<\/li>\n<li class=\"bullet-arrow\">Eine Tasse Kaffee und ein St\u00fcck Kuchen an einem Nachmittag Ihrer Wahl<\/li>\n<li class=\"bullet-arrow\">Eine Vesperplatte zum Abendbrot inklusive einem Getr\u00e4nk<\/li>\n<li class=\"bullet-arrow\">Nutzung von Schwimmbad, Sauna und\u00a0 Fitnessraum<\/li>\n<li class=\"bullet-arrow\">Teilnahme am Veranstaltungsprogramm\u00a0und am sportlichen Kursangebot<\/li\n\n\n\n\n\n\n<li class=\"bullet-arrow\"<span style=\"color: #555555;\"><span style=\"font-size: 75%;\"<\/span><\/li>\n<\/ul>\n\n\n\t\t<\/div>\n\t\t\t\t\t<\/div>\n\n\t\n\n<\/div>\n\n\t\t<\/div>\n\n\t\t\n<style>\n#section_1482041646 {\n  padding-top: 0px;\n  padding-bottom: 0px;\n}\n#section_1482041646 .ux-shape-divider--top svg {\n  height: 150px;\n  --divider-top-width: 100%;\n}\n#section_1482041646 .ux-shape-divider--bottom svg {\n  height: 150px;\n  --divider-width: 100%;\n}\n@media (min-width:550px) {\n  #section_1482041646 {\n    padding-top: 60px;\n    padding-bottom: 60px;\n  }\n}\n<\/style>\n\t<\/section>\n\t\n\n","protected":false},"excerpt":{"rendered":"","protected":false},"author":2,"featured_media":0,"parent":0,"menu_order":0,"comment_status":"closed","ping_status":"closed","template":"page-blank.php","meta":{"footnotes":""},"class_list":["post-556","page","type-page","status-publish","hentry"],"_links":{"self":[{"href":"https:\/\/www.new-living-home.de\/residenz\/wp-json\/wp\/v2\/pages\/556","targetHints":{"allow":["GET"]}}],"collection":[{"href":"https:\/\/www.new-living-home.de\/residenz\/wp-json\/wp\/v2\/pages"}],"about":[{"href":"https:\/\/www.new-living-home.de\/residenz\/wp-json\/wp\/v2\/types\/page"}],"author":[{"embeddable":true,"href":"https:\/\/www.new-living-home.de\/residenz\/wp-json\/wp\/v2\/users\/2"}],"replies":[{"embeddable":true,"href":"https:\/\/www.new-living-home.de\/residenz\/wp-json\/wp\/v2\/comments?post=556"}],"version-history":[{"count":7,"href":"https:\/\/www.new-living-home.de\/residenz\/wp-json\/wp\/v2\/pages\/556\/revisions"}],"predecessor-version":[{"id":2118,"href":"https:\/\/www.new-living-home.de\/residenz\/wp-json\/wp\/v2\/pages\/556\/revisions\/2118"}],"wp:attachment":[{"href":"https:\/\/www.new-living-home.de\/residenz\/wp-json\/wp\/v2\/media?parent=556"}],"curies":[{"name":"wp","href":"https:\/\/api.w.org\/{rel}","templated":true}]}}