{"id":54,"date":"2018-08-22T10:14:48","date_gmt":"2018-08-22T08:14:48","guid":{"rendered":"http:\/\/www.new-living-home.de\/residenz\/\/?page_id=54"},"modified":"2026-04-14T09:10:28","modified_gmt":"2026-04-14T07:10:28","slug":"die-gastronomie","status":"publish","type":"page","link":"https:\/\/www.new-living-home.de\/residenz\/die-gastronomie\/","title":{"rendered":"Die Gastronomie"},"content":{"rendered":"\n\t<section class=\"section dark\" id=\"section_1056391895\">\n\t\t<div class=\"bg section-bg fill bg-fill  bg-loaded\" >\n\n\t\t\t\n\t\t\t<div class=\"loading-spin centered\"><\/div><button class=\"scroll-for-more z-5 icon absolute bottom h-center\" aria-label=\"Scroll for more\"><i class=\"icon-angle-down\" style=\"font-size:42px;\"><\/i><\/button>\n\t\t\t\n\n\t\t<\/div>\n\n\t\t\n\n\t\t<div class=\"section-content relative\">\n\t\t\t\n\n\n  <div class=\"banner has-hover\" id=\"banner-1952757231\">\n          <div class=\"banner-inner fill\">\n        <div class=\"banner-bg fill\" >\n            <div class=\"bg fill bg-fill \"><\/div>\n                                    \n                    <\/div>\n\t\t\n        <div class=\"banner-layers container\">\n            <div class=\"fill banner-link\"><\/div>            \n\n\n        <\/div>\n      <\/div>\n\n            \n<style>\n#banner-1952757231 {\n  padding-top: 60%;\n}\n#banner-1952757231 .bg.bg-loaded {\n  background-image: url(https:\/\/www.new-living-home.de\/residenz\/wp-content\/uploads\/2018\/09\/MG_0808.jpg);\n}\n#banner-1952757231 .bg {\n  background-position: 48% 44%;\n}\n#banner-1952757231 .ux-shape-divider--top svg {\n  height: 150px;\n  --divider-top-width: 100%;\n}\n#banner-1952757231 .ux-shape-divider--bottom svg {\n  height: 150px;\n  --divider-width: 100%;\n}\n@media (min-width:550px) {\n  #banner-1952757231 {\n    padding-top: 37%;\n  }\n}\n<\/style>\n  <\/div>\n\n\n\n\t\t<\/div>\n\n\t\t\n<style>\n#section_1056391895 {\n  padding-top: 0px;\n  padding-bottom: 0px;\n  background-color: rgb(255,255,255);\n}\n#section_1056391895 .ux-shape-divider--top svg {\n  height: 150px;\n  --divider-top-width: 100%;\n}\n#section_1056391895 .ux-shape-divider--bottom svg {\n  height: 150px;\n  --divider-width: 100%;\n}\n<\/style>\n\t<\/section>\n\t\n\t<section class=\"section\" id=\"section_1750020336\">\n\t\t<div class=\"bg section-bg fill bg-fill  bg-loaded\" >\n\n\t\t\t\n\t\t\t\n\t\t\t\n\n\t\t<\/div>\n\n\t\t\n\n\t\t<div class=\"section-content relative\">\n\t\t\t\n\n<div class=\"row align-middle align-center\"  id=\"row-1039287892\">\n\n\n\t<div id=\"col-666584181\" class=\"col medium-10 small-12 large-10\"  >\n\t\t\t\t<div class=\"col-inner text-left\"  >\n\t\t\t\n\t\t\t\n\n<h1>Die Gastronomie<\/h1>\n<div class=\"is-divider divider clearfix\" style=\"background-color:rgb(244, 152, 0);\"><\/div>\n\n\n\t\t<\/div>\n\t\t\t\t\t<\/div>\n\n\t\n\n\t<div id=\"col-1369875381\" class=\"col medium-10 small-12 large-10\"  >\n\t\t\t\t<div class=\"col-inner text-left\"  >\n\t\t\t\n\t\t\t\n\n<h4><i>Einen besonderen Stellenwert im <\/i><b><i>New<span data-text-color=\"primary\">Living<\/span>Home<\/i><\/b><i> nimmt die hauseigene <\/i><b><i>Mendelssohn\u2019s \u2013 Gastronomie<\/i><\/b><i> ein.<\/i><\/h4>\n<p>Hier begegnen sich Hausg\u00e4ste, Hotelg\u00e4ste und Besucher in angenehmer und weltoffener Atmosph\u00e4re.<\/p>\n<h4><span data-text-color=\"primary\">Im <b>NewLivingHome<\/b> genie\u00dfen Ihre Eigenst\u00e4ndigkeit und Individualit\u00e4t oberste Priorit\u00e4t!<\/span><\/h4>\n<p>Dazu geh\u00f6rt auch Ihre freie Entscheidung, ob Sie sich selbst im Appartement versorgen, vielleicht in der Stadt unterwegs sind oder sich ganz zwanglos im <b>Restaurant Mendelssohn\u2019s<\/b> mit seiner erstklassigen K\u00fcche verw\u00f6hnen lassen m\u00f6chten.<\/p>\n\n\t\t<\/div>\n\t\t\t\t\t<\/div>\n\n\t\n\n<\/div>\n\n\t\t<\/div>\n\n\t\t\n<style>\n#section_1750020336 {\n  padding-top: 0px;\n  padding-bottom: 0px;\n  background-color: rgb(245, 245, 245);\n}\n#section_1750020336 .ux-shape-divider--top svg {\n  height: 150px;\n  --divider-top-width: 100%;\n}\n#section_1750020336 .ux-shape-divider--bottom svg {\n  height: 150px;\n  --divider-width: 100%;\n}\n@media (min-width:550px) {\n  #section_1750020336 {\n    padding-top: 40px;\n    padding-bottom: 40px;\n  }\n}\n<\/style>\n\t<\/section>\n\t\n\t<section class=\"section\" id=\"section_1328315833\">\n\t\t<div class=\"bg section-bg fill bg-fill  bg-loaded\" >\n\n\t\t\t\n\t\t\t\n\t\t\t\n\n\t\t<\/div>\n\n\t\t\n\n\t\t<div class=\"section-content relative\">\n\t\t\t\n\n  <div class=\"banner-grid-wrapper\">\n  <div id=\"banner-grid-1962195338\" class=\"banner-grid row row-grid row-xsmall row-full-width\" data-packery-options=\"\">\n                      \n\n<div class=\"col grid-col large-7 grid-col-1\" ><div class=\"col-inner\">\n\n\n  <div class=\"banner has-hover\" id=\"banner-131695789\">\n          <div class=\"banner-inner fill\">\n        <div class=\"banner-bg fill\" >\n            <div class=\"bg fill bg-fill \"><\/div>\n                                    \n                    <\/div>\n\t\t\n        <div class=\"banner-layers container\">\n            <div class=\"fill banner-link\"><\/div>            \n\n\n        <\/div>\n      <\/div>\n\n            \n<style>\n#banner-131695789 {\n  padding-top: 500px;\n}\n#banner-131695789 .bg.bg-loaded {\n  background-image: url(https:\/\/www.new-living-home.de\/residenz\/wp-content\/uploads\/2018\/09\/A7300492.jpg);\n}\n#banner-131695789 .bg {\n  background-position: 72% 68%;\n}\n#banner-131695789 .ux-shape-divider--top svg {\n  height: 150px;\n  --divider-top-width: 100%;\n}\n#banner-131695789 .ux-shape-divider--bottom svg {\n  height: 150px;\n  --divider-width: 100%;\n}\n<\/style>\n  <\/div>\n\n\n\n<\/div><\/div>\n<div class=\"col grid-col large-5 grid-col-1-2\" ><div class=\"col-inner\">\n\n\n  <div class=\"banner has-hover\" id=\"banner-2010952086\">\n          <div class=\"banner-inner fill\">\n        <div class=\"banner-bg fill\" >\n            <div class=\"bg fill bg-fill \"><\/div>\n                                    \n                    <\/div>\n\t\t\n        <div class=\"banner-layers container\">\n            <div class=\"fill banner-link\"><\/div>            \n\n\n        <\/div>\n      <\/div>\n\n            \n<style>\n#banner-2010952086 {\n  padding-top: 500px;\n}\n#banner-2010952086 .bg.bg-loaded {\n  background-image: url(https:\/\/www.new-living-home.de\/residenz\/wp-content\/uploads\/2018\/09\/MG_0760.jpg);\n}\n#banner-2010952086 .bg {\n  background-position: 3% 56%;\n}\n#banner-2010952086 .ux-shape-divider--top svg {\n  height: 150px;\n  --divider-top-width: 100%;\n}\n#banner-2010952086 .ux-shape-divider--bottom svg {\n  height: 150px;\n  --divider-width: 100%;\n}\n<\/style>\n  <\/div>\n\n\n\n<\/div><\/div>\n<div class=\"col grid-col large-5 grid-col-1-2\" ><div class=\"col-inner\">\n\n\n  <div class=\"banner has-hover\" id=\"banner-1053658764\">\n          <div class=\"banner-inner fill\">\n        <div class=\"banner-bg fill\" >\n            <div class=\"bg fill bg-fill \"><\/div>\n                                    \n                    <\/div>\n\t\t\n        <div class=\"banner-layers container\">\n            <div class=\"fill banner-link\"><\/div>            \n\n\n        <\/div>\n      <\/div>\n\n            \n<style>\n#banner-1053658764 {\n  padding-top: 500px;\n}\n#banner-1053658764 .bg.bg-loaded {\n  background-image: url(https:\/\/www.new-living-home.de\/residenz\/wp-content\/uploads\/2018\/09\/A7300480.jpg);\n}\n#banner-1053658764 .bg {\n  background-position: 0% 70%;\n}\n#banner-1053658764 .ux-shape-divider--top svg {\n  height: 150px;\n  --divider-top-width: 100%;\n}\n#banner-1053658764 .ux-shape-divider--bottom svg {\n  height: 150px;\n  --divider-width: 100%;\n}\n<\/style>\n  <\/div>\n\n\n\n<\/div><\/div>\n\n            <\/div>\n    <style>\n    #banner-grid-1962195338 .grid-col-1{height: 650px}\n    #banner-grid-1962195338 .grid-col-1-2{height: 325px}\n    #banner-grid-1962195338 .grid-col-1-3{height:216.66666666667px}\n    #banner-grid-1962195338 .grid-col-2-3{height: 433.33333333333px}\n    #banner-grid-1962195338 .grid-col-1-4{height: 162.5px}\n    #banner-grid-1962195338 .grid-col-3-4{height: 487.5px}\n\n\n    \n    \n\n  <\/style>\n    <\/div>\n  \n\n\t\t<\/div>\n\n\t\t\n<style>\n#section_1328315833 {\n  padding-top: 0px;\n  padding-bottom: 0px;\n}\n#section_1328315833 .ux-shape-divider--top svg {\n  height: 150px;\n  --divider-top-width: 100%;\n}\n#section_1328315833 .ux-shape-divider--bottom svg {\n  height: 150px;\n  --divider-width: 100%;\n}\n<\/style>\n\t<\/section>\n\t\n\t<section class=\"section\" id=\"section_462382441\">\n\t\t<div class=\"bg section-bg fill bg-fill  bg-loaded\" >\n\n\t\t\t\n\t\t\t\n\t\t\t\n\n\t\t<\/div>\n\n\t\t\n\n\t\t<div class=\"section-content relative\">\n\t\t\t\n\n<div class=\"row row-large align-center\"  id=\"row-1170862390\">\n\n\n\t<div id=\"col-19907617\" class=\"col medium-10 small-12 large-10\"  >\n\t\t\t\t<div class=\"col-inner text-left\"  >\n\t\t\t\n\t\t\t\n\n<h4><span data-text-color=\"primary\">Saisonale K\u00f6stlichkeiten, wie z. B. Spargel, Matjes, Pfifferlinge, Wildspezialit\u00e4ten oder Gr\u00fcnkohl wechseln sich im Jahresverlauf mit Tapas-Wochen, herzhaften Schnitzel- oder Steak-Variationen oder auch knuspriger Maischolle ab und werden durch delikate Buffets zu Ostern und Weihnachten sowie zahlreiche kulinarische Aktionen, wie z. B. unseren beliebten Afternoon-Tea, erg\u00e4nzt.<span class=\"Apple-converted-space\">\u00a0<\/span><\/span><\/h4>\n<p>Im Wintergarten<b>\u00a0<\/b>k\u00f6nnen Sie den Tag gem\u00fctlich mit einem reichhaltigen Fr\u00fchst\u00fccksbuffet beginnen. W\u00e4hlen Sie zur Mittagszeit aus unseren leckeren, unkomplizierten und preisg\u00fcnstigen <strong>Tagesempfehlungen<\/strong> oder speisen Sie &#8222;\u00e0 la carte&#8220;. Am Abend reichen wir Ihnen unsere <strong>\u00e0 la carte-Speisekarte<\/strong> und unsere kleinen G\u00e4ste finden jederzeit das Passende in der eigenen\u00a0<strong>Kinderkarte<\/strong>.<\/p>\n<p>Vielleicht haben Sie aber auch Appetit auf etwas, das Sie lange nicht gegessen haben und gern einmal wieder probieren m\u00f6chten? Sprechen Sie uns einfach an. Wenn die Zutaten vorhanden sind, werden wir Ihnen Ihren Wunsch gern erf\u00fcllen.<span class=\"Apple-converted-space\">\u00a0<\/span><\/p>\n<h4><span data-text-color=\"primary\">Die K\u00fcche ist wochentags durchgehend ge\u00f6ffnet, ebenso an Sonn- und Feiertagen, so dass Sie Ihren Tag ganz flexibel und nach Ihren W\u00fcnschen gestalten k\u00f6nnen!\u00a0<\/span><\/h4>\n<p>Nachmittags locken im Wintergarten-Caf\u00e9 Kuchen und Torten sowie diverse Kaffee- und Teespezialit\u00e4ten und in den Abendstunden schmeckt ein frisch gezapftes Bier oder ein erfrischender Cocktail an der Bar besonders gut.<span class=\"Apple-converted-space\">\u00a0<\/span><\/p>\n<p>Sollten Sie Lebensmittelunvertr\u00e4glichkeiten oder Allergien haben, bitten wir um einen kurzen Hinweis. Wir richten uns gern entsprechend darauf ein.<\/p>\n<p>\u00a0<\/p>\n<p><strong>\u00d6ffnungszeiten der Mendelssohn&#8217;s-Gastronomie<\/strong><\/p>\n<p><span style=\"color: #f99b1c;\"><strong>Allgemeine \u00d6ffnungszeiten:<\/strong><\/span><\/p>\n<p><strong>T\u00e4glich von 11:30 Uhr bis 21:30 Uhr <\/strong>(K\u00fcchenschluss: 20:30 Uhr)<\/p>\n<p><strong>Reservierungen unter Telefon:<\/strong><br \/><strong>Tel.:<\/strong>\u00a0040 401 33 \u2013 396 \u00b7\u00a0<strong>Fax:<\/strong>\u00a0040 401 33 \u2013 200<br \/><strong>E-Mail:<\/strong>\u00a0info@new-living-home.de<\/p>\n<p>\u00a0<\/p>\n\t<div id=\"gap-697067363\" class=\"gap-element clearfix\" style=\"display:block; height:auto;\">\n\t\t\n<style>\n#gap-697067363 {\n  padding-top: 20px;\n}\n<\/style>\n\t<\/div>\n\t\n\n\n\t\t<\/div>\n\t\t\t\t\t<\/div>\n\n\t\n\n\t<div id=\"col-1544530201\" class=\"col medium-3 small-12 large-3\"  >\n\t\t\t\t<div class=\"col-inner text-center\"  >\n\t\t\t\n\t\t\t\n\n<a rel=\"noopener noreferrer\" href=\"https:\/\/www.new-living-home.de\/residenz\/wp-content\/uploads\/2026\/04\/Wochenplan-13.04.-19.04.2026.pdf\" target=\"_blank\" class=\"button primary\"  >\n    <span>AKTUELLE TAGESGERICHTE<\/span>\n  <\/a>\n\n\n\n\t\t<\/div>\n\t\t\t\t\t<\/div>\n\n\t\n\n\t<div id=\"col-677875883\" class=\"col medium-3 small-12 large-3\"  >\n\t\t\t\t<div class=\"col-inner\"  >\n\t\t\t\n\t\t\t\n\n<a rel=\"noopener noreferrer\" href=\"https:\/\/www.new-living-home.de\/residenz\/wp-content\/uploads\/2026\/03\/NewLivingHome-Speisekarte-2026.pdf\" target=\"_blank\" class=\"button primary\"  >\n    <span>\u00e0 la carte-Speisekarte<\/span>\n  <\/a>\n\n\n\n\t\t<\/div>\n\t\t\t\t\t<\/div>\n\n\t\n\n\t<div id=\"col-1744707082\" class=\"col medium-3 small-12 large-3\"  >\n\t\t\t\t<div class=\"col-inner text-center\"  >\n\t\t\t\n\t\t\t\n\n<a rel=\"noopener noreferrer\" href=\"https:\/\/www.new-living-home.de\/residenz\/wp-content\/uploads\/2026\/04\/Schlemmerkalender_April_Juni-2026.pdf\" target=\"_blank\" class=\"button primary\"  >\n    <span>Aktuelle kulinarische Highlights<\/span>\n  <\/a>\n\n\n\n\t\t<\/div>\n\t\t\t\t\t<\/div>\n\n\t\n\n<\/div>\n\n\t\t<\/div>\n\n\t\t\n<style>\n#section_462382441 {\n  padding-top: 60px;\n  padding-bottom: 60px;\n}\n#section_462382441 .ux-shape-divider--top svg {\n  height: 150px;\n  --divider-top-width: 100%;\n}\n#section_462382441 .ux-shape-divider--bottom svg {\n  height: 150px;\n  --divider-width: 100%;\n}\n<\/style>\n\t<\/section>\n\t\n\n\n","protected":false},"excerpt":{"rendered":"","protected":false},"author":1,"featured_media":0,"parent":0,"menu_order":0,"comment_status":"closed","ping_status":"closed","template":"page-blank.php","meta":{"footnotes":""},"class_list":["post-54","page","type-page","status-publish","hentry"],"_links":{"self":[{"href":"https:\/\/www.new-living-home.de\/residenz\/wp-json\/wp\/v2\/pages\/54","targetHints":{"allow":["GET"]}}],"collection":[{"href":"https:\/\/www.new-living-home.de\/residenz\/wp-json\/wp\/v2\/pages"}],"about":[{"href":"https:\/\/www.new-living-home.de\/residenz\/wp-json\/wp\/v2\/types\/page"}],"author":[{"embeddable":true,"href":"https:\/\/www.new-living-home.de\/residenz\/wp-json\/wp\/v2\/users\/1"}],"replies":[{"embeddable":true,"href":"https:\/\/www.new-living-home.de\/residenz\/wp-json\/wp\/v2\/comments?post=54"}],"version-history":[{"count":390,"href":"https:\/\/www.new-living-home.de\/residenz\/wp-json\/wp\/v2\/pages\/54\/revisions"}],"predecessor-version":[{"id":2503,"href":"https:\/\/www.new-living-home.de\/residenz\/wp-json\/wp\/v2\/pages\/54\/revisions\/2503"}],"wp:attachment":[{"href":"https:\/\/www.new-living-home.de\/residenz\/wp-json\/wp\/v2\/media?parent=54"}],"curies":[{"name":"wp","href":"https:\/\/api.w.org\/{rel}","templated":true}]}}