{"id":51,"date":"2018-08-22T10:12:59","date_gmt":"2018-08-22T08:12:59","guid":{"rendered":"http:\/\/www.new-living-home.de\/residenz\/\/?page_id=51"},"modified":"2025-04-10T09:10:01","modified_gmt":"2025-04-10T07:10:01","slug":"der-service","status":"publish","type":"page","link":"https:\/\/www.new-living-home.de\/residenz\/der-service\/","title":{"rendered":"Der Service"},"content":{"rendered":"\n\t<section class=\"section dark\" id=\"section_914379192\">\n\t\t<div class=\"bg section-bg fill bg-fill  bg-loaded\" >\n\n\t\t\t\n\t\t\t<div class=\"loading-spin centered\"><\/div><button class=\"scroll-for-more z-5 icon absolute bottom h-center\" aria-label=\"Scroll for more\"><i class=\"icon-angle-down\" style=\"font-size:42px;\"><\/i><\/button>\n\t\t\t\n\n\t\t<\/div>\n\n\t\t\n\n\t\t<div class=\"section-content relative\">\n\t\t\t\n\n\n  <div class=\"banner has-hover\" id=\"banner-1120477533\">\n          <div class=\"banner-inner fill\">\n        <div class=\"banner-bg fill\" >\n            <div class=\"bg fill bg-fill \"><\/div>\n                        <div class=\"overlay\"><\/div>            \n                    <\/div>\n\t\t\n        <div class=\"banner-layers container\">\n            <div class=\"fill banner-link\"><\/div>            \n\n\n        <\/div>\n      <\/div>\n\n            \n<style>\n#banner-1120477533 {\n  padding-top: 60%;\n}\n#banner-1120477533 .bg.bg-loaded {\n  background-image: url(https:\/\/www.new-living-home.de\/residenz\/wp-content\/uploads\/2018\/09\/IMG_2984-Foyer-hm.jpg);\n}\n#banner-1120477533 .overlay {\n  background-color: rgba(255, 255, 255, 0.07);\n}\n#banner-1120477533 .bg {\n  background-position: 49% 59%;\n}\n#banner-1120477533 .ux-shape-divider--top svg {\n  height: 150px;\n  --divider-top-width: 100%;\n}\n#banner-1120477533 .ux-shape-divider--bottom svg {\n  height: 150px;\n  --divider-width: 100%;\n}\n@media (min-width:550px) {\n  #banner-1120477533 {\n    padding-top: 37%;\n  }\n}\n<\/style>\n  <\/div>\n\n\n\n\t\t<\/div>\n\n\t\t\n<style>\n#section_914379192 {\n  padding-top: 0px;\n  padding-bottom: 0px;\n}\n#section_914379192 .ux-shape-divider--top svg {\n  height: 150px;\n  --divider-top-width: 100%;\n}\n#section_914379192 .ux-shape-divider--bottom svg {\n  height: 150px;\n  --divider-width: 100%;\n}\n<\/style>\n\t<\/section>\n\t\n\t<section class=\"section\" id=\"section_411415675\">\n\t\t<div class=\"bg section-bg fill bg-fill  bg-loaded\" >\n\n\t\t\t\n\t\t\t\n\t\t\t\n\n\t\t<\/div>\n\n\t\t\n\n\t\t<div class=\"section-content relative\">\n\t\t\t\n\n<div class=\"row row-large align-center\"  id=\"row-1412944751\">\n\n\n\t<div id=\"col-1350948818\" class=\"col medium-10 small-12 large-10\"  >\n\t\t\t\t<div class=\"col-inner text-left\"  >\n\t\t\t\n\t\t\t\n\n<h1 class=\"uppercase\">der service<\/h1>\n<div class=\"is-divider divider clearfix\" ><\/div>\n\n\n\t\t<\/div>\n\t\t\t\t\t<\/div>\n\n\t\n\n\t<div id=\"col-2060044172\" class=\"col medium-10 small-12 large-10\"  >\n\t\t\t\t<div class=\"col-inner\"  >\n\t\t\t\n\t\t\t\n\n<h4>Mache das Unm\u00f6gliche m\u00f6glich&#8230;<\/h4>\n<h4><span data-text-color=\"primary\">Im <b>NewLivingHome<\/b> k\u00f6nnen Sie aus einer Vielzahl von Serviceangeboten genau diejenigen aussuchen, die Ihren Vorstellungen eines unbeschwerten Alltags entsprechen.<\/span><\/h4>\n<p>Dazu geh\u00f6ren die regelm\u00e4\u00dfige <strong>Reinigung der Wohnung<\/strong>, das regelm\u00e4\u00dfige <b>Fensterputzen<\/b> und <strong>Conciergedienste aller Art<\/strong> wie z. B. die <b>Telefon- und<\/b> <b>Paket<\/b><strong>annahme<\/strong>. Gern sind unsere Mitarbeiter Ihnen zudem bei Ihren<b> Eink\u00e4ufen behilflich <\/b>und<b> liefern Ihnen Getr\u00e4nke direkt in das Appartement oder Ihren Keller.<\/b><\/p>\n<p>Je nach Belieben k\u00f6nnen Sie sich die <b>Tageszeitung und<\/b> <b>frische Br\u00f6tchen an die Wohnungst\u00fcr<\/b> bringen lassen. Ihre <b>Blumen und Pflanzen<\/b> sind w\u00e4hrend Ihres Urlaubs bei uns in den besten H\u00e4nden und sollte es bei Ihrer R\u00fcckkehr einmal etwas k\u00e4lter drau\u00dfen sein, dann drehen wir vor Ihrer Ankunft schnell noch die Heizung etwas h\u00f6her.<\/p>\n<p>Unsere <b>Hausdame<\/b> ist Ihr kompetenter Ansprechpartner f\u00fcr alle Lebenslagen und vereinbart bei Bedarf auch Online-Termine bei Beh\u00f6rden. Unser <strong>Haustechnik-Team<\/strong> steht Ihnen bei technischen Problemen jederzeit hilfreich zur Seite und wird Ihnen bereits am Umzugstag gern das Telefon, den Fernseher und die Waschmaschine anschlie\u00dfen sowie die Lampen anbauen.<\/p>\n<h4><span data-text-color=\"primary\">Der Service im <b>NewLivingHome<\/b> richtet sich nach den individuellen W\u00fcnschen und Bed\u00fcrfnissen der Hausg\u00e4ste.<\/span><\/h4>\n<p>Hier verf\u00fcgen Sie \u00fcber mehr Zeit f\u00fcr sich und die wirklich wichtigen Dinge des Lebens!<\/p>\n\n\t\t<\/div>\n\t\t\t\t\t<\/div>\n\n\t\n\n<\/div>\n\n\t\t<\/div>\n\n\t\t\n<style>\n#section_411415675 {\n  padding-top: 0px;\n  padding-bottom: 0px;\n}\n#section_411415675 .ux-shape-divider--top svg {\n  height: 150px;\n  --divider-top-width: 100%;\n}\n#section_411415675 .ux-shape-divider--bottom svg {\n  height: 150px;\n  --divider-width: 100%;\n}\n@media (min-width:550px) {\n  #section_411415675 {\n    padding-top: 60px;\n    padding-bottom: 60px;\n  }\n}\n<\/style>\n\t<\/section>\n\t\n\t<section class=\"section\" id=\"section_1527139209\">\n\t\t<div class=\"bg section-bg fill bg-fill  bg-loaded\" >\n\n\t\t\t\n\t\t\t\n\t\t\t\n\n\t\t<\/div>\n\n\t\t\n\n\t\t<div class=\"section-content relative\">\n\t\t\t\n\n<div class=\"row row-small row-full-width\"  id=\"row-60724579\">\n\n\n\t<div id=\"col-1049211877\" class=\"col medium-4 large-4\"  >\n\t\t\t\t<div class=\"col-inner\"  >\n\t\t\t\n\t\t\t\n\n\n  <div class=\"banner has-hover\" id=\"banner-986221417\">\n          <div class=\"banner-inner fill\">\n        <div class=\"banner-bg fill\" >\n            <div class=\"bg fill bg-fill \"><\/div>\n                        <div class=\"overlay\"><\/div>            \n                    <\/div>\n\t\t\n        <div class=\"banner-layers container\">\n            <div class=\"fill banner-link\"><\/div>            \n\n\n        <\/div>\n      <\/div>\n\n            \n<style>\n#banner-986221417 {\n  padding-top: 500px;\n}\n#banner-986221417 .bg.bg-loaded {\n  background-image: url(https:\/\/www.new-living-home.de\/residenz\/wp-content\/uploads\/2018\/09\/Paket1.jpg);\n}\n#banner-986221417 .overlay {\n  background-color: rgba(255, 255, 255, 0.03);\n}\n#banner-986221417 .bg {\n  background-position: 100% 67%;\n}\n#banner-986221417 .ux-shape-divider--top svg {\n  height: 150px;\n  --divider-top-width: 100%;\n}\n#banner-986221417 .ux-shape-divider--bottom svg {\n  height: 150px;\n  --divider-width: 100%;\n}\n<\/style>\n  <\/div>\n\n\n\n\t\t<\/div>\n\t\t\t\t\t<\/div>\n\n\t\n\n\t<div id=\"col-1233084873\" class=\"col medium-4 large-4\"  >\n\t\t\t\t<div class=\"col-inner\"  >\n\t\t\t\n\t\t\t\n\n\n  <div class=\"banner has-hover\" id=\"banner-153413087\">\n          <div class=\"banner-inner fill\">\n        <div class=\"banner-bg fill\" >\n            <div class=\"bg fill bg-fill \"><\/div>\n                        <div class=\"overlay\"><\/div>            \n                    <\/div>\n\t\t\n        <div class=\"banner-layers container\">\n            <div class=\"fill banner-link\"><\/div>            \n\n\n        <\/div>\n      <\/div>\n\n            \n<style>\n#banner-153413087 {\n  padding-top: 500px;\n}\n#banner-153413087 .bg.bg-loaded {\n  background-image: url(https:\/\/www.new-living-home.de\/residenz\/wp-content\/uploads\/2018\/09\/Br\u00f6tchen-NEU.jpg);\n}\n#banner-153413087 .overlay {\n  background-color: rgba(255, 255, 255, 0.03);\n}\n#banner-153413087 .bg {\n  background-position: 42% 77%;\n}\n#banner-153413087 .ux-shape-divider--top svg {\n  height: 150px;\n  --divider-top-width: 100%;\n}\n#banner-153413087 .ux-shape-divider--bottom svg {\n  height: 150px;\n  --divider-width: 100%;\n}\n<\/style>\n  <\/div>\n\n\n\n\t\t<\/div>\n\t\t\t\t\t<\/div>\n\n\t\n\n\t<div id=\"col-880307624\" class=\"col medium-4 large-4\"  >\n\t\t\t\t<div class=\"col-inner\"  >\n\t\t\t\n\t\t\t\n\n\n  <div class=\"banner has-hover\" id=\"banner-422421070\">\n          <div class=\"banner-inner fill\">\n        <div class=\"banner-bg fill\" >\n            <div class=\"bg fill bg-fill \"><\/div>\n                                    \n                    <\/div>\n\t\t\n        <div class=\"banner-layers container\">\n            <div class=\"fill banner-link\"><\/div>            \n\n\n        <\/div>\n      <\/div>\n\n            \n<style>\n#banner-422421070 {\n  padding-top: 500px;\n}\n#banner-422421070 .bg.bg-loaded {\n  background-image: url(https:\/\/www.new-living-home.de\/residenz\/wp-content\/uploads\/2018\/10\/nlh7.jpg);\n}\n#banner-422421070 .bg {\n  background-position: 98% 52%;\n}\n#banner-422421070 .ux-shape-divider--top svg {\n  height: 150px;\n  --divider-top-width: 100%;\n}\n#banner-422421070 .ux-shape-divider--bottom svg {\n  height: 150px;\n  --divider-width: 100%;\n}\n<\/style>\n  <\/div>\n\n\n\n\t\t<\/div>\n\t\t\t\t\t<\/div>\n\n\t\n\n<\/div>\n\n\t\t<\/div>\n\n\t\t\n<style>\n#section_1527139209 {\n  padding-top: 0px;\n  padding-bottom: 0px;\n}\n#section_1527139209 .ux-shape-divider--top svg {\n  height: 150px;\n  --divider-top-width: 100%;\n}\n#section_1527139209 .ux-shape-divider--bottom svg {\n  height: 150px;\n  --divider-width: 100%;\n}\n<\/style>\n\t<\/section>\n\t\n\n","protected":false},"excerpt":{"rendered":"","protected":false},"author":1,"featured_media":0,"parent":0,"menu_order":0,"comment_status":"closed","ping_status":"closed","template":"page-blank.php","meta":{"footnotes":""},"class_list":["post-51","page","type-page","status-publish","hentry"],"_links":{"self":[{"href":"https:\/\/www.new-living-home.de\/residenz\/wp-json\/wp\/v2\/pages\/51","targetHints":{"allow":["GET"]}}],"collection":[{"href":"https:\/\/www.new-living-home.de\/residenz\/wp-json\/wp\/v2\/pages"}],"about":[{"href":"https:\/\/www.new-living-home.de\/residenz\/wp-json\/wp\/v2\/types\/page"}],"author":[{"embeddable":true,"href":"https:\/\/www.new-living-home.de\/residenz\/wp-json\/wp\/v2\/users\/1"}],"replies":[{"embeddable":true,"href":"https:\/\/www.new-living-home.de\/residenz\/wp-json\/wp\/v2\/comments?post=51"}],"version-history":[{"count":3,"href":"https:\/\/www.new-living-home.de\/residenz\/wp-json\/wp\/v2\/pages\/51\/revisions"}],"predecessor-version":[{"id":1918,"href":"https:\/\/www.new-living-home.de\/residenz\/wp-json\/wp\/v2\/pages\/51\/revisions\/1918"}],"wp:attachment":[{"href":"https:\/\/www.new-living-home.de\/residenz\/wp-json\/wp\/v2\/media?parent=51"}],"curies":[{"name":"wp","href":"https:\/\/api.w.org\/{rel}","templated":true}]}}