{"id":5,"date":"2018-02-22T14:12:13","date_gmt":"2018-02-22T13:12:13","guid":{"rendered":"http:\/\/www.new-living-home.de\/residenz\/\/?page_id=5"},"modified":"2023-10-03T10:27:14","modified_gmt":"2023-10-03T08:27:14","slug":"home","status":"publish","type":"page","link":"https:\/\/www.new-living-home.de\/residenz\/","title":{"rendered":"Home"},"content":{"rendered":"\n\t<section class=\"section dark\" id=\"section_527424451\">\n\t\t<div class=\"bg section-bg fill bg-fill  bg-loaded\" >\n\n\t\t\t\n\t\t\t<div class=\"loading-spin centered\"><\/div><button class=\"scroll-for-more z-5 icon absolute bottom h-center\" aria-label=\"Scroll for more\"><i class=\"icon-angle-down\" style=\"font-size:42px;\"><\/i><\/button>\n\t\t\t\n\n\t\t<\/div>\n\n\t\t\n\n\t\t<div class=\"section-content relative\">\n\t\t\t\n\n\n  <div class=\"banner has-hover\" id=\"banner-1811855489\">\n          <div class=\"banner-inner fill\">\n        <div class=\"banner-bg fill\" >\n            <div class=\"bg fill bg-fill \"><\/div>\n                                    \n                    <\/div>\n\t\t\n        <div class=\"banner-layers container\">\n            <div class=\"fill banner-link\"><\/div>            \n\n   <div id=\"text-box-953976995\" class=\"text-box banner-layer x50 md-x50 lg-x50 y50 md-y50 lg-y50 res-text\">\n                                <div class=\"text-box-content text dark\">\n              \n              <div class=\"text-inner text-center\">\n                  \n\n<div class=\"video-button-wrapper\" style=\"font-size:166%\"><a href=\"https:\/\/vimeo.com\/286313250\" class=\"button open-video icon circle is-outline is-xlarge\"><i class=\"icon-play\" style=\"font-size:1.5em;\"><\/i><\/a><\/div>\n\n\n              <\/div>\n           <\/div>\n                            \n<style>\n#text-box-953976995 {\n  width: 60%;\n}\n#text-box-953976995 .text-box-content {\n  font-size: 100%;\n}\n<\/style>\n    <\/div>\n \n\n        <\/div>\n      <\/div>\n\n            \n<style>\n#banner-1811855489 {\n  padding-top: 60%;\n}\n#banner-1811855489 .bg.bg-loaded {\n  background-image: url(https:\/\/www.new-living-home.de\/residenz\/wp-content\/uploads\/2018\/09\/MG_0816-1.jpg);\n}\n#banner-1811855489 .bg {\n  background-position: 39% 57%;\n}\n#banner-1811855489 .ux-shape-divider--top svg {\n  height: 150px;\n  --divider-top-width: 100%;\n}\n#banner-1811855489 .ux-shape-divider--bottom svg {\n  height: 150px;\n  --divider-width: 100%;\n}\n@media (min-width:550px) {\n  #banner-1811855489 {\n    padding-top: 37%;\n  }\n}\n<\/style>\n  <\/div>\n\n\n\n\t\t<\/div>\n\n\t\t\n<style>\n#section_527424451 {\n  padding-top: 0px;\n  padding-bottom: 0px;\n}\n#section_527424451 .ux-shape-divider--top svg {\n  height: 150px;\n  --divider-top-width: 100%;\n}\n#section_527424451 .ux-shape-divider--bottom svg {\n  height: 150px;\n  --divider-width: 100%;\n}\n<\/style>\n\t<\/section>\n\t\n\t<section class=\"section\" id=\"section_1176209337\">\n\t\t<div class=\"bg section-bg fill bg-fill  bg-loaded\" >\n\n\t\t\t\n\t\t\t\n\t\t\t\n\n\t\t<\/div>\n\n\t\t\n\n\t\t<div class=\"section-content relative\">\n\t\t\t\n\n<div class=\"row align-center\"  id=\"row-202870046\">\n\n\n\t<div id=\"col-460134495\" class=\"col medium-10 small-12 large-10\"  >\n\t\t\t\t<div class=\"col-inner text-left\"  >\n\t\t\t\n\t\t\t\n\n<h1>Das New Living Home<\/h1>\n\n<div class=\"is-divider divider clearfix\" style=\"background-color:rgb(244, 152, 0);\"><\/div>\n\n\n\t\t<\/div>\n\t\t\t\t\t<\/div>\n\n\t\n\n\t<div id=\"col-2135096626\" class=\"col medium-10 small-12 large-10\"  >\n\t\t\t\t<div class=\"col-inner text-left\"  >\n\t\t\t\n\t\t\t\n\n<h4 class=\"thin-font\"><em>Das Leben ist eine fabelhafte Reise voller Entdeckungen und Wunder\u2026.<\/em><\/h4>\n<p>Entdecken Sie im <strong>New<span data-text-color=\"primary\">Living<\/span>Home<\/strong> die herzliche Atmosph\u00e4re eines ganz besonderen Hauses mit einem einzigartigen generations\u00fcbergreifenden Konzept, das mit Sicherheit Wohnen, Gastronomie, Kultur und Gesundheit in au\u00dfergew\u00f6hnlicher Weise in sich vereint.<\/p>\n<h4><span data-text-color=\"primary\"><em>Die Idee hinter diesem au\u00dfergew\u00f6hnlichen Konzept besteht in der Zusammenf\u00fchrung von kulturell, geistig sowie sozial interessierten und engagierten Menschen. Begeben Sie sich in eine angenehme Gemeinschaft, in der Sie jederzeit selbst bestimmen, ob Sie an den vielf\u00e4ltigen Aktivit\u00e4ten teilnehmen oder sich lieber in ihren ganz privaten, individuellen Wohnbereich zur\u00fcckziehen.<\/em><\/span><\/h4>\n\n\t\t<\/div>\n\t\t\t\t\t<\/div>\n\n\t\n\n\t<div id=\"col-1823248007\" class=\"col medium-10 small-12 large-10\"  >\n\t\t\t\t<div class=\"col-inner text-left\"  >\n\t\t\t\n\t\t\t\n\n<p>In direkter Nachbarschaft zum Tierpark &#8222;Hagenbeck&#8220; bietet die Appartement-Residenz mit angegliedertem Hotel 142 helle Komfort-Appartements mit 30 bis 76 qm individuell gestaltbarer Wohnfl\u00e4che, ein Schwimmbad mit Sauna und Solarium sowie einen Fitnessbereich mit Ger\u00e4ten und einem umfangreichen Kursangebot. Im Theater \u201eATRIUM\u201c des Hauses finden zahlreiche Konzerte, Vortr\u00e4ge und Lesungen statt. <span class=\"Apple-converted-space\">\u00a0 \u00a0 \u00a0 \u00a0 \u00a0 \u00a0 \u00a0 \u00a0 \u00a0 \u00a0 \u00a0 \u00a0 \u00a0 \u00a0 \u00a0 \u00a0 \u00a0 \u00a0 \u00a0 \u00a0 \u00a0 \u00a0<\/span><\/p>\n<p>Durch die individuelle Mendelssohn\u2019s-Gastronomie, die sowohl Hausg\u00e4ste als auch externe G\u00e4ste ganz pers\u00f6nlich anspricht, bietet sich Ihnen die M\u00f6glichkeit, Ihren <strong>Alltag flexibel<\/strong>,<strong> selbstbestimmt und ganz ohne zeitliche Zw\u00e4nge zu gestalten<\/strong>.<\/p>\n<p>Dazu tr\u00e4gt auch die optimale Verkehrsanbindung des <strong>New<span data-text-color=\"primary\">Living<\/span>Home<\/strong> bei! Nur wenige Minuten ben\u00f6tigt man mit den direkt neben dem Haus gelegenen zahlreichen Buslinien oder der U-Bahn der Linie U2 (Station &#8222;Hagenbecks Tierpark&#8220;) bis in die City oder in den Nachbarstadtteil Niendorf.<\/p>\n<h4><span data-text-color=\"primary\">Eine besondere Perspektive f\u00fcr Ihre Zukunft! Ein Forum f\u00fcr Miteinander und F\u00fcreinander, f\u00fcr mehr Inspiration, mehr Service, mehr Geborgenheit, mehr Sicherheit und mehr Gesundheit!<\/span><\/h4>\n\n\t\t<\/div>\n\t\t\t\t\t<\/div>\n\n\t\n\n<\/div>\n\n\t\t<\/div>\n\n\t\t\n<style>\n#section_1176209337 {\n  padding-top: 0px;\n  padding-bottom: 0px;\n}\n#section_1176209337 .ux-shape-divider--top svg {\n  height: 150px;\n  --divider-top-width: 100%;\n}\n#section_1176209337 .ux-shape-divider--bottom svg {\n  height: 150px;\n  --divider-width: 100%;\n}\n@media (min-width:550px) {\n  #section_1176209337 {\n    padding-top: 60px;\n    padding-bottom: 60px;\n  }\n}\n<\/style>\n\t<\/section>\n\t\n\t<div id=\"gap-1152083935\" class=\"gap-element clearfix\" style=\"display:block; height:auto;\">\n\t\t\n<style>\n#gap-1152083935 {\n  padding-top: 100px;\n}\n<\/style>\n\t<\/div>\n\t\n\n<span class=\"scroll-to\" data-label=\"Scroll to: #film\" data-bullet=\"false\" data-link=\"#film\" data-title=\"film\"><a name=\"film\"><\/a><\/span>\n\n\n","protected":false},"excerpt":{"rendered":"","protected":false},"author":1,"featured_media":0,"parent":0,"menu_order":0,"comment_status":"closed","ping_status":"closed","template":"page-blank.php","meta":{"footnotes":""},"class_list":["post-5","page","type-page","status-publish","hentry"],"_links":{"self":[{"href":"https:\/\/www.new-living-home.de\/residenz\/wp-json\/wp\/v2\/pages\/5","targetHints":{"allow":["GET"]}}],"collection":[{"href":"https:\/\/www.new-living-home.de\/residenz\/wp-json\/wp\/v2\/pages"}],"about":[{"href":"https:\/\/www.new-living-home.de\/residenz\/wp-json\/wp\/v2\/types\/page"}],"author":[{"embeddable":true,"href":"https:\/\/www.new-living-home.de\/residenz\/wp-json\/wp\/v2\/users\/1"}],"replies":[{"embeddable":true,"href":"https:\/\/www.new-living-home.de\/residenz\/wp-json\/wp\/v2\/comments?post=5"}],"version-history":[{"count":7,"href":"https:\/\/www.new-living-home.de\/residenz\/wp-json\/wp\/v2\/pages\/5\/revisions"}],"predecessor-version":[{"id":1939,"href":"https:\/\/www.new-living-home.de\/residenz\/wp-json\/wp\/v2\/pages\/5\/revisions\/1939"}],"wp:attachment":[{"href":"https:\/\/www.new-living-home.de\/residenz\/wp-json\/wp\/v2\/media?parent=5"}],"curies":[{"name":"wp","href":"https:\/\/api.w.org\/{rel}","templated":true}]}}