{"id":34,"date":"2018-08-21T14:33:32","date_gmt":"2018-08-21T12:33:32","guid":{"rendered":"http:\/\/www.new-living-home.de\/residenz\/\/?page_id=34"},"modified":"2025-04-10T11:11:41","modified_gmt":"2025-04-10T09:11:41","slug":"impressum","status":"publish","type":"page","link":"https:\/\/www.new-living-home.de\/residenz\/impressum\/","title":{"rendered":"Impressum"},"content":{"rendered":"\r\n\t<section class=\"section\" id=\"section_1204626711\">\n\t\t<div class=\"bg section-bg fill bg-fill  bg-loaded\" >\n\n\t\t\t\n\t\t\t\n\t\t\t\n\n\t\t<\/div>\n\n\t\t\n\n\t\t<div class=\"section-content relative\">\n\t\t\t <div class=\"row row-full-width align-center\"  id=\"row-1693304756\"> \n\t<div id=\"col-375049163\" class=\"col medium-10 small-12 large-10\"  >\n\t\t\t\t<div class=\"col-inner text-left\"  >\n\t\t\t\n\t\t\t\r\n<h1>Impressum<\/h1>\r\n<div class=\"is-divider divider clearfix\" ><\/div> \t\t<\/div>\n\t\t\t\t\t<\/div>\n\n\t \n\t<div id=\"col-320782041\" class=\"col medium-10 small-12 large-10\"  >\n\t\t\t\t<div class=\"col-inner text-left\"  >\n\t\t\t\n\t\t\t\r\n<p><strong>Verantwortlich f\u00fcr den Inhalt:<\/strong><br \/>Kommanditgesellschaft RESIDENZHOTEL HAMBURG GmbH &amp; Co.<\/p>\r\n<p><strong>Sitz und Registergericht:<br \/><\/strong>Hamburg, AG Hamburg HRA 99223<\/p>\r\n<p><strong>Pers\u00f6nlich haftender Gesellschafter:<\/strong> <br \/>RESIDENZHOTEL HAMBURG GmbH<\/p>\r\n<p><strong>Sitz und Registergericht:<br \/><\/strong>Hamburg, AG Hamburg HRB 30338<\/p>\r\n<p><strong>USt-ID: <\/strong>DE231556682<\/p>\r\n<p><strong>Gesch\u00e4ftsf\u00fchrer<\/strong>:<br \/>Sven von Jagemann, Robert Findeisen<\/p>\r\n<p><strong>Zust\u00e4ndige Aufsichtsbeh\u00f6rde:<br \/><\/strong>Freie und Hansestadt Hamburg, Bezirksamt Eimsb\u00fcttel<\/p>\r\n<p><strong>Anschrift:<\/strong><br \/>Julius-Vosseler-Str. 40,\u00a022527 Hamburg<br \/>Tel: 040-\/401 33 100,\u00a0Fax: 040-401 33 200<br \/><a href=\"mailto:info@new-living-home.de\"> info@new-living-home.de<\/a><\/p>\r\n<p><strong>Fotos<\/strong>: \u00a9 Mathias Binder<br \/>\u00a0\u00a0\u00a0\u00a0\u00a0\u00a0\u00a0\u00a0\u00a0\u00a0\u00a0 freepik.com<br \/>\u00a0\u00a0\u00a0\u00a0\u00a0\u00a0\u00a0\u00a0\u00a0\u00a0\u00a0 shutterstock.com<\/p>\r\n<p>Alle Rechte dieses Online-Auftrittes bleiben vorbehalten.\u00a0Unautorisiertes Kopieren und Verwenden von Inhalten und Abbildungen ist verboten.<\/p>\r\n<p><b>Nutzungsbedingungen:<\/b> Die Inhalte (Text- und Bildmaterial) dieser Website sind ausschlie\u00dflich f\u00fcr den pers\u00f6nlichen Bedarf zu nutzen. Das Kopieren, Vervielf\u00e4ltigen oder Ver\u00e4ndern der Website ist verboten \u2013 das <b>NewLivingHome<\/b> \u00fcbernimmt keine Haftung f\u00fcr die Zugangsm\u00f6glichkeit, deren Zugriffsqualit\u00e4t und die Art der Darstellung.<\/p>\r\n<p><b>Haftung f\u00fcr Links:<\/b> Durch das Urteil vom 12. Mai 1998 &#8222;Haftung f\u00fcr Links&#8220; (312 O 85\/98) hat das LG Hamburg eindeutig entschieden, dass man durch die Anbringung eines Links, die Inhalte der gelinkten Seite ggf. mit zu verantworten hat,also haftbar gemacht werden kann; dies kann nur dadurch verhindert werden, indem man sich ausdr\u00fccklich von diesen Inhalten distanziert.<\/p>\r\n<p><strong>Pflichtinformation nach der Verordnung (EU) Nr. 524\/2013 des Europ\u00e4ischen Parlaments und Rats:<\/strong><br \/>Link zur Homepage der Stelle f\u00fcr die Online-Beilegung verbraucherrechtlicher Streitigkeiten der Europ\u00e4ischen Kommission: <a href=\"http:\/\/ec.europa.eu\/consumers\/odr\/\">http:\/\/ec.europa.eu\/consumers\/odr\/<\/a> Weiterf\u00fchrende Informationen stehen Ihnen dort zur Verf\u00fcgung. Wir weisen darauf hin, dass wir nicht an einem Streitbeilegungsverfahren vor einer Verbraucherschlichtungsstelle teilnehmen und hierzu auch nicht verpflichtet sind.<\/p>\r\n<p>Das <b>NewLivingHome<\/b> distanziert sich hiermit ausdr\u00fccklich von allen Inhalten s\u00e4mtlicher gelinkter Seiten auf www.new-living-home.de und verweist darauf, dass sie weder Einfluss auf Gestaltung und Inhalte der gelinkten Seiten hat noch sich diese Inhalte zu eigen macht.<br \/>Das gezeigte Produkt- und Serviceangebot sowie die technischen Daten entsprechen dem aktuellen Stand in Deutschland, \u00c4nderungen und Irrt\u00fcmer vorbehalten.<\/p>\r\n\t\t<\/div>\n\t\t\t\t\t<\/div>\n\n\t <\/div> \t\t<\/div>\n\n\t\t\n<style>\n#section_1204626711 {\n  padding-top: 100px;\n  padding-bottom: 100px;\n}\n#section_1204626711 .ux-shape-divider--top svg {\n  height: 150px;\n  --divider-top-width: 100%;\n}\n#section_1204626711 .ux-shape-divider--bottom svg {\n  height: 150px;\n  --divider-width: 100%;\n}\n<\/style>\n\t<\/section>\n\t\r\n","protected":false},"excerpt":{"rendered":"","protected":false},"author":1,"featured_media":0,"parent":0,"menu_order":0,"comment_status":"closed","ping_status":"closed","template":"page-blank-landingpage.php","meta":{"footnotes":""},"class_list":["post-34","page","type-page","status-publish","hentry"],"_links":{"self":[{"href":"https:\/\/www.new-living-home.de\/residenz\/wp-json\/wp\/v2\/pages\/34","targetHints":{"allow":["GET"]}}],"collection":[{"href":"https:\/\/www.new-living-home.de\/residenz\/wp-json\/wp\/v2\/pages"}],"about":[{"href":"https:\/\/www.new-living-home.de\/residenz\/wp-json\/wp\/v2\/types\/page"}],"author":[{"embeddable":true,"href":"https:\/\/www.new-living-home.de\/residenz\/wp-json\/wp\/v2\/users\/1"}],"replies":[{"embeddable":true,"href":"https:\/\/www.new-living-home.de\/residenz\/wp-json\/wp\/v2\/comments?post=34"}],"version-history":[{"count":8,"href":"https:\/\/www.new-living-home.de\/residenz\/wp-json\/wp\/v2\/pages\/34\/revisions"}],"predecessor-version":[{"id":2225,"href":"https:\/\/www.new-living-home.de\/residenz\/wp-json\/wp\/v2\/pages\/34\/revisions\/2225"}],"wp:attachment":[{"href":"https:\/\/www.new-living-home.de\/residenz\/wp-json\/wp\/v2\/media?parent=34"}],"curies":[{"name":"wp","href":"https:\/\/api.w.org\/{rel}","templated":true}]}}