{"id":2366,"date":"2025-09-22T17:06:41","date_gmt":"2025-09-22T15:06:41","guid":{"rendered":"https:\/\/www.new-living-home.de\/residenz\/?page_id=2366"},"modified":"2025-09-23T09:42:21","modified_gmt":"2025-09-23T07:42:21","slug":"newsletter","status":"publish","type":"page","link":"https:\/\/www.new-living-home.de\/residenz\/newsletter\/","title":{"rendered":"Newsletter"},"content":{"rendered":"\n\t<section class=\"section dark\" id=\"section_1477897634\">\n\t\t<div class=\"bg section-bg fill bg-fill  bg-loaded\" >\n\n\t\t\t\n\t\t\t<div class=\"loading-spin centered\"><\/div><button class=\"scroll-for-more z-5 icon absolute bottom h-center\" aria-label=\"Scroll for more\"><i class=\"icon-angle-down\" style=\"font-size:42px;\"><\/i><\/button>\n\t\t\t\n\n\t\t<\/div>\n\n\t\t\n\n\t\t<div class=\"section-content relative\">\n\t\t\t\n\n\n  <div class=\"banner has-hover\" id=\"banner-462662809\">\n          <div class=\"banner-inner fill\">\n        <div class=\"banner-bg fill\" >\n            <div class=\"bg fill bg-fill \"><\/div>\n                                    \n                    <\/div>\n\t\t\n        <div class=\"banner-layers container\">\n            <div class=\"fill banner-link\"><\/div>            \n\n\n        <\/div>\n      <\/div>\n\n            \n<style>\n#banner-462662809 {\n  padding-top: 60%;\n}\n#banner-462662809 .bg.bg-loaded {\n  background-image: url(https:\/\/www.new-living-home.de\/residenz\/wp-content\/uploads\/2019\/02\/Hot-Reeds.jpg);\n}\n#banner-462662809 .bg {\n  background-position: 45% 25%;\n}\n#banner-462662809 .ux-shape-divider--top svg {\n  height: 150px;\n  --divider-top-width: 100%;\n}\n#banner-462662809 .ux-shape-divider--bottom svg {\n  height: 150px;\n  --divider-width: 100%;\n}\n@media (min-width:550px) {\n  #banner-462662809 {\n    padding-top: 37%;\n  }\n}\n<\/style>\n  <\/div>\n\n\n\n\t\t<\/div>\n\n\t\t\n<style>\n#section_1477897634 {\n  padding-top: 0px;\n  padding-bottom: 0px;\n}\n#section_1477897634 .ux-shape-divider--top svg {\n  height: 150px;\n  --divider-top-width: 100%;\n}\n#section_1477897634 .ux-shape-divider--bottom svg {\n  height: 150px;\n  --divider-width: 100%;\n}\n<\/style>\n\t<\/section>\n\t\n\t<section class=\"section\" id=\"section_212751000\">\n\t\t<div class=\"bg section-bg fill bg-fill  bg-loaded\" >\n\n\t\t\t\n\t\t\t\n\t\t\t\n\n\t\t<\/div>\n\n\t\t\n\n\t\t<div class=\"section-content relative\">\n\t\t\t\n\n<div class=\"row align-center\"  id=\"row-1044740437\">\n\n\n\t<div id=\"col-367248742\" class=\"col medium-10 small-12 large-10\"  >\n\t\t\t\t<div class=\"col-inner text-left\"  >\n\t\t\t\n\t\t\t\n\n<h1>Newsletter<\/h1>\n<div class=\"is-divider divider clearfix\" ><\/div>\n\n\n\t\t<\/div>\n\t\t\t\t\t<\/div>\n\n\t\n\n\t<div id=\"col-2095979468\" class=\"col medium-10 small-12 large-10\"  >\n\t\t\t\t<div class=\"col-inner text-left\"  >\n\t\t\t\n\t\t\t\n\n<h4><strong>Sie m\u00f6chten immer \u00fcber unsere Events informiert werden?<\/strong><\/h4>\n<p>Dann k\u00f6nnen Sie sich ganz einfach bei unserem Newsletter anmelden und verpassen keine Termine von bevorstehenden Events und Aktionen in unseren H\u00e4usern mehr! Sie k\u00f6nnen sich jederzeit \u00fcber den Link im Newsletter wieder abmelden.<\/p>\n\n\t\t<\/div>\n\t\t\t\t\t<\/div>\n\n\t\n\n<\/div>\n\n\t\t<\/div>\n\n\t\t\n<style>\n#section_212751000 {\n  padding-top: 0px;\n  padding-bottom: 0px;\n}\n#section_212751000 .ux-shape-divider--top svg {\n  height: 150px;\n  --divider-top-width: 100%;\n}\n#section_212751000 .ux-shape-divider--bottom svg {\n  height: 150px;\n  --divider-width: 100%;\n}\n@media (min-width:550px) {\n  #section_212751000 {\n    padding-top: 39px;\n    padding-bottom: 39px;\n  }\n}\n<\/style>\n\t<\/section>\n\t\n\t<section class=\"section\" id=\"section_915953361\">\n\t\t<div class=\"bg section-bg fill bg-fill  bg-loaded\" >\n\n\t\t\t\n\t\t\t\n\t\t\t\n\n\t\t<\/div>\n\n\t\t\n\n\t\t<div class=\"section-content relative\">\n\t\t\t\n\n<div class=\"row align-center\"  id=\"row-234435984\">\n\n\n\t<div id=\"col-737408242\" class=\"col medium-10 small-12 large-10\"  >\n\t\t\t\t<div class=\"col-inner text-center\"  >\n\t\t\t\n\t\t\t\n\n\n\n<iframe loading=\"lazy\" width=\"540\" height=\"715\" src=\"https:\/\/24187344.sibforms.com\/serve\/MUIFAO2uYUxyng4M7wRRtch5RnasnotgVz8WC8ahGFu91HW63tWF5HqiCqXjbq05N-r-5gQS0EPQHs4dXtA4BXKgi4H8RmiLMacPiSq3TkOpWeJWHvZH-evgX9A1oifmkdvY18nyxASrJ988zmp7_M45dfRDliIHGUf4HLUgKTZvuIk2uiSbuMF4eNG88DbFTyuS-zHKC3MKCf6u\" frameborder=\"0\" scrolling=\"auto\" allowfullscreen style=\"display: block;margin-left: auto;margin-right: auto;max-width: 100%;\"><\/iframe>\n\n\n\t\t<\/div>\n\t\t\t\t\t<\/div>\n\n\t\n\n<\/div>\n\n\t\t<\/div>\n\n\t\t\n<style>\n#section_915953361 {\n  padding-top: 0px;\n  padding-bottom: 0px;\n  background-color: rgb(255, 255, 255);\n}\n#section_915953361 .ux-shape-divider--top svg {\n  height: 150px;\n  --divider-top-width: 100%;\n}\n#section_915953361 .ux-shape-divider--bottom svg {\n  height: 150px;\n  --divider-width: 100%;\n}\n@media (min-width:550px) {\n  #section_915953361 {\n    padding-top: 0px;\n    padding-bottom: 0px;\n  }\n}\n@media (min-width:850px) {\n  #section_915953361 {\n    padding-top: 0px;\n    padding-bottom: 0px;\n  }\n}\n<\/style>\n\t<\/section>\n\t\n\n","protected":false},"excerpt":{"rendered":"","protected":false},"author":2,"featured_media":0,"parent":0,"menu_order":0,"comment_status":"closed","ping_status":"closed","template":"page-blank.php","meta":{"footnotes":""},"class_list":["post-2366","page","type-page","status-publish","hentry"],"_links":{"self":[{"href":"https:\/\/www.new-living-home.de\/residenz\/wp-json\/wp\/v2\/pages\/2366","targetHints":{"allow":["GET"]}}],"collection":[{"href":"https:\/\/www.new-living-home.de\/residenz\/wp-json\/wp\/v2\/pages"}],"about":[{"href":"https:\/\/www.new-living-home.de\/residenz\/wp-json\/wp\/v2\/types\/page"}],"author":[{"embeddable":true,"href":"https:\/\/www.new-living-home.de\/residenz\/wp-json\/wp\/v2\/users\/2"}],"replies":[{"embeddable":true,"href":"https:\/\/www.new-living-home.de\/residenz\/wp-json\/wp\/v2\/comments?post=2366"}],"version-history":[{"count":13,"href":"https:\/\/www.new-living-home.de\/residenz\/wp-json\/wp\/v2\/pages\/2366\/revisions"}],"predecessor-version":[{"id":2383,"href":"https:\/\/www.new-living-home.de\/residenz\/wp-json\/wp\/v2\/pages\/2366\/revisions\/2383"}],"wp:attachment":[{"href":"https:\/\/www.new-living-home.de\/residenz\/wp-json\/wp\/v2\/media?parent=2366"}],"curies":[{"name":"wp","href":"https:\/\/api.w.org\/{rel}","templated":true}]}}