{"id":2325,"date":"2025-07-15T15:46:13","date_gmt":"2025-07-15T13:46:13","guid":{"rendered":"https:\/\/www.new-living-home.de\/residenz\/?page_id=2325"},"modified":"2025-07-15T15:51:58","modified_gmt":"2025-07-15T13:51:58","slug":"barrierefreiheitserklaerung","status":"publish","type":"page","link":"https:\/\/www.new-living-home.de\/residenz\/barrierefreiheitserklaerung\/","title":{"rendered":"Barrierefreiheitserkl\u00e4rung"},"content":{"rendered":"\r\n\t<section class=\"section\" id=\"section_1546339645\">\n\t\t<div class=\"bg section-bg fill bg-fill  bg-loaded\" >\n\n\t\t\t\n\t\t\t\n\t\t\t\n\n\t\t<\/div>\n\n\t\t\n\n\t\t<div class=\"section-content relative\">\n\t\t\t\r\n\r\n<div class=\"row align-center\" style=\"max-width:\" id=\"row-821137259\">\r\n\r\n\n\t<div id=\"col-1161938574\" class=\"col medium-8 small-12 large-8\"  >\n\t\t\t\t<div class=\"col-inner text-center\"  >\n\t\t\t\n\t\t\t\r\n\r\n\t<div class=\"img has-hover x md-x lg-x y md-y lg-y\" id=\"image_2073321500\">\n\t\t\t\t\t\t\t\t<div class=\"img-inner dark\" >\n\t\t\t\t\t\t\t\t\t\n\t\t\t\t\t<\/div>\n\t\t\t\t\t\t\t\t\n<style>\n#image_2073321500 {\n  width: 6%;\n}\n<\/style>\n\t<\/div>\n\t\r\n\r\n\t<div id=\"text-1410394802\" class=\"text\">\n\t\t\r\n\r\n<h1>Barrierefreiheits&shy;erkl\u00e4rung<\/h1>\r\n<h2><span style=\"font-size: 23.040001px;\">1. Allgemeines<\/span><\/h2>\r\n<section>\r\n<p>Wir bem\u00fchen uns, unsere Website im Einklang mit der Barrierexfreie-Informationstechnik-Verordnung (BITV 2.0) sowie der EU-Richtlinie 2016\/2102 barrierefrei zug\u00e4nglich zu gestalten.<\/p>\r\n<p>Diese Erkl\u00e4rung zur Barrierefreiheit gilt f\u00fcr die Website:<br \/><a href=\"https:\/\/new-living-home.de\">new-living-home.de<\/a><\/p>\r\n<\/section>\r\n<section>\r\n<h2>2. Stand der Barrierefreiheit<\/h2>\r\n<p>Diese Website ist mit den Anforderungen der BITV 2.0 <strong>teilweise vereinbar<\/strong>. Es wurden bereits zahlreiche Ma\u00dfnahmen umgesetzt, um die digitale Barrierefreiheit zu verbessern. Dazu geh\u00f6ren:<\/p>\r\n<ul>\r\n<li>Strukturierte \u00dcberschriftenhierarchie<\/li>\r\n<li>Alternativtexte f\u00fcr Bilder<\/li>\r\n<li>Verbesserung der Tastaturnavigation<\/li>\r\n<li>Nutzung semantischer HTML-Elemente<\/li>\r\n<li>Einsatz von ARIA-Attributen zur besseren Unterst\u00fctzung von Screenreadern<\/li>\r\n<\/ul>\r\n<\/section>\r\n<section>\r\n<h2>3. Noch bestehende Barrieren<\/h2>\r\n<p>Trotz unserer Bem\u00fchungen sind einige Bereiche der Website m\u00f6glicherweise nicht vollst\u00e4ndig barrierefrei. Dazu z\u00e4hlen unter anderem:<\/p>\r\n<ul>\r\n<li>Unzureichende Farbkontraste in bestimmten Bereichen<\/li>\r\n<li>Fehlende Beschriftung einzelner Bedienelemente<\/li>\r\n<li>Eingebettete Inhalte von Drittanbietern (z.\u202fB. Buchungs- oder Bewertungswidgets), auf die wir keinen direkten Einfluss haben<\/li>\r\n<\/ul>\r\n<p>Wir arbeiten kontinuierlich daran, bestehende Barrieren zu identifizieren und zu beseitigen.<\/p>\r\n<\/section>\r\n<section>\r\n<h2>4. Erstellung dieser Erkl\u00e4rung<\/h2>\r\n<p>Diese Erkl\u00e4rung wurde am <strong>14. Juli 2025<\/strong> erstellt. Grundlage war eine Selbstbewertung mithilfe automatisierter Testwerkzeuge sowie manueller \u00dcberpr\u00fcfungen.<\/p>\r\n<\/section>\r\n<section>\r\n<h2>5. Feedback und Kontakt<\/h2>\r\n<p>Wenn Ihnen M\u00e4ngel bei der barrierefreien Gestaltung unserer Website auffallen oder Sie Unterst\u00fctzung bei der Nutzung ben\u00f6tigen, kontaktieren Sie uns bitte:<\/p>\r\n<address>\r\n<p><strong>Kommanditgesellschaft RESIDENZHOTEL HAMBURG GmbH &amp; Co.<\/strong><br \/>Julius-Vosseler-Str. 40<br \/>22527 Hamburg<\/p>\r\n<p>E-Mail: <a href=\"mailto:info@new-living-home.de\">info@new-living-home.de<\/a><br \/>Telefon:<a href=\"tel:+494040133100\">040-401 33 100<\/a><\/p>\r\n<\/address>\r\n<\/section>\r\n<section>\r\n<h2>6. Schlichtungsverfahren<\/h2>\r\n<p>Wenn Sie der Meinung sind, durch eine nicht ausreichende barrierefreie Gestaltung unserer Website benachteiligt zu sein, k\u00f6nnen Sie sich an die zust\u00e4ndige Schlichtungsstelle wenden:<\/p>\r\n<address><strong>Schlichtungsstelle BGG beim Beauftragten der Bundesregierung f\u00fcr die Belange von Menschen mit Behinderungen<\/strong><br \/>Mauerstra\u00dfe 53<br \/>10117 Berlin<br \/>Telefon: <a href=\"tel:+4930185272805\">030 18 527-2805<\/a><br \/>E-Mail: <a href=\"mailto:info@schlichtungsstelle-bgg.de\">info@schlichtungsstelle-bgg.de<\/a><br \/>Webseite: <a href=\"https:\/\/www.schlichtungsstelle-bgg.de\/\" target=\"_blank\" rel=\"noopener noreferrer\">www.schlichtungsstelle-bgg.de<\/a><\/address>\r\n<\/section>\r\n\r\n\t\t\n<style>\n#text-1410394802 {\n  text-align: left;\n}\n<\/style>\n\t<\/div>\n\t\r\n\r\n\t\t<\/div>\n\t\t\t\t\t<\/div>\n\n\t\r\n\r\n<\/div>\r\n\r\n\t\t<\/div>\n\n\t\t\n<style>\n#section_1546339645 {\n  padding-top: 0px;\n  padding-bottom: 0px;\n  background-color: rgb(255,255,255);\n}\n#section_1546339645 .ux-shape-divider--top svg {\n  height: 150px;\n  --divider-top-width: 100%;\n}\n#section_1546339645 .ux-shape-divider--bottom svg {\n  height: 150px;\n  --divider-width: 100%;\n}\n<\/style>\n\t<\/section>\n\t\r\n\t<div id=\"gap-2008473985\" class=\"gap-element clearfix\" style=\"display:block; height:auto;\">\n\t\t\n<style>\n#gap-2008473985 {\n  padding-top: 4%;\n}\n<\/style>\n\t<\/div>\n\t\r\n\r\n\r\n","protected":false},"excerpt":{"rendered":"","protected":false},"author":2,"featured_media":0,"parent":0,"menu_order":0,"comment_status":"closed","ping_status":"closed","template":"page-blank.php","meta":{"footnotes":""},"class_list":["post-2325","page","type-page","status-publish","hentry"],"_links":{"self":[{"href":"https:\/\/www.new-living-home.de\/residenz\/wp-json\/wp\/v2\/pages\/2325","targetHints":{"allow":["GET"]}}],"collection":[{"href":"https:\/\/www.new-living-home.de\/residenz\/wp-json\/wp\/v2\/pages"}],"about":[{"href":"https:\/\/www.new-living-home.de\/residenz\/wp-json\/wp\/v2\/types\/page"}],"author":[{"embeddable":true,"href":"https:\/\/www.new-living-home.de\/residenz\/wp-json\/wp\/v2\/users\/2"}],"replies":[{"embeddable":true,"href":"https:\/\/www.new-living-home.de\/residenz\/wp-json\/wp\/v2\/comments?post=2325"}],"version-history":[{"count":2,"href":"https:\/\/www.new-living-home.de\/residenz\/wp-json\/wp\/v2\/pages\/2325\/revisions"}],"predecessor-version":[{"id":2327,"href":"https:\/\/www.new-living-home.de\/residenz\/wp-json\/wp\/v2\/pages\/2325\/revisions\/2327"}],"wp:attachment":[{"href":"https:\/\/www.new-living-home.de\/residenz\/wp-json\/wp\/v2\/media?parent=2325"}],"curies":[{"name":"wp","href":"https:\/\/api.w.org\/{rel}","templated":true}]}}