{"id":51,"date":"2018-08-22T10:12:59","date_gmt":"2018-08-22T08:12:59","guid":{"rendered":"http:\/\/www.new-living-home.de\/hotel\/\/?page_id=51"},"modified":"2026-03-17T11:40:42","modified_gmt":"2026-03-17T10:40:42","slug":"privat-und-firmenevents","status":"publish","type":"page","link":"https:\/\/www.new-living-home.de\/hotel\/privat-und-firmenevents\/","title":{"rendered":"Privat- und Firmenevents"},"content":{"rendered":"\r\n<p><img loading=\"lazy\" decoding=\"async\" class=\"alignnone  wp-image-3431\" src=\"https:\/\/www.new-living-home.de\/hotel\/wp-content\/uploads\/2026\/03\/Dieses-Bild-wurde-mit-KI-generiert-1024x573.jpg\" alt=\"\" width=\"854\" height=\"478\" srcset=\"https:\/\/www.new-living-home.de\/hotel\/wp-content\/uploads\/2026\/03\/Dieses-Bild-wurde-mit-KI-generiert-1024x573.jpg 1024w, https:\/\/www.new-living-home.de\/hotel\/wp-content\/uploads\/2026\/03\/Dieses-Bild-wurde-mit-KI-generiert-300x168.jpg 300w, https:\/\/www.new-living-home.de\/hotel\/wp-content\/uploads\/2026\/03\/Dieses-Bild-wurde-mit-KI-generiert-768x430.jpg 768w, https:\/\/www.new-living-home.de\/hotel\/wp-content\/uploads\/2026\/03\/Dieses-Bild-wurde-mit-KI-generiert-1536x860.jpg 1536w, https:\/\/www.new-living-home.de\/hotel\/wp-content\/uploads\/2026\/03\/Dieses-Bild-wurde-mit-KI-generiert.jpg 1800w\" sizes=\"auto, (max-width: 854px) 100vw, 854px\" \/><\/p>\r\n<h1>Feiern und Tagen &#8211;<\/h1>\r\n<h2>f\u00fcr jeden Anlass der richtige Raum<\/h2>\r\n<p>&nbsp;<\/p>\r\n<div class=\"is-divider divider clearfix\" ><\/div>\n\t<div id=\"col-947046081\" class=\"col medium-5 small-12 large-5\"  >\n\t\t\t\t<div class=\"col-inner text-left\"  >\n\t\t\t\n\t\t\t\r\n<h4>Unsere stilvollen und technisch gut ausgestatteten R\u00e4ume eignen sich sowohl f\u00fcr Tagungen, als auch f\u00fcr Familienfeiern aller Art.<\/h4>\r\n<p>Wir beraten Sie gern in allen Fragen rund um die Vorbereitung und Planung Ihrer Feier, z. B. bei der <strong>Raumwahl<\/strong> und der\u00a0<strong>Men\u00fc-Zusammenstellung\u00a0<\/strong>oder\u00a0bei der <strong>Dekoration und der Programmgestaltung<\/strong>.<\/p>\r\n\n\t<div id=\"col-2014785262\" class=\"col medium-5 small-12 large-5\"  >\n\t\t\t\t<div class=\"col-inner text-left\"  >\n\t\t\t\n\t\t\t\t\t<\/div>\n\t\t\t\t\t<\/div>\n\n\t\r\n<p>Ihr Ansprechpartner f\u00fcr weitere Details und Reservierungen:<\/p>\r\n<h4><strong>Jan Rasmus von Blomberg<\/strong><\/h4>\r\n<p>Telefon: 040 401 33 &#8211; 100<br \/>Fax: 040\u00a0401 33 &#8211; 200<br \/>E-Mail: fbm@new-living-home.de<\/p>\r\n\t<div id=\"gap-1344244810\" class=\"gap-element clearfix\" style=\"display:block; height:auto;\">\n\t\t\n<style>\n#gap-1344244810 {\n  padding-top: 30px;\n}\n<\/style>\n\t<\/div>\n\t <a rel=\"noopener noreferrer\" href=\"https:\/\/www.new-living-home.de\/hotel\/wp-content\/uploads\/2025\/05\/Bankettmappe-2025-Locations.pdf\" target=\"_blank\" class=\"button primary\"  >\n    <span>Informations-Mappe<\/span>\n  <\/a>\n <a rel=\"noopener noreferrer\" href=\"https:\/\/www.new-living-home.de\/hotel\/wp-content\/uploads\/2026\/02\/New-Living-Home-Tagungspauschalen.pdf\" target=\"_blank\" class=\"button primary\"  >\n    <span>Tagungspauschalen-Info<\/span>\n  <\/a>\n \t<section class=\"section custom-list\" id=\"section_680297613\">\n\t\t<div class=\"bg section-bg fill bg-fill  bg-loaded\" >\n\n\t\t\t\n\t\t\t\n\t\t\t\n\n\t\t<\/div>\n\n\t\t\n\n\t\t<div class=\"section-content relative\">\n\t\t\t\t\t<\/div>\n\n\t\t\n<style>\n#section_680297613 {\n  padding-top: 60px;\n  padding-bottom: 60px;\n}\n#section_680297613 .ux-shape-divider--top svg {\n  height: 150px;\n  --divider-top-width: 100%;\n}\n#section_680297613 .ux-shape-divider--bottom svg {\n  height: 150px;\n  --divider-width: 100%;\n}\n<\/style>\n\t<\/section>\n\t <div class=\"row row-collapse row-full-width align-middle\"  id=\"row-774812343\"><\/div> \n\t<div id=\"col-1237307511\" class=\"col medium-6 small-12 large-6\"  >\n\t\t\t\t<div class=\"col-inner text-center\"  >\n\t\t\t\n\t\t\t\t\t<\/div>\n\t\t\t\t\t<\/div>\n\n\t \n  <div class=\"banner has-hover\" id=\"banner-395501749\">\n          <div class=\"banner-inner fill\">\n        <div class=\"banner-bg fill\" >\n            <div class=\"bg fill bg-fill \"><\/div>\n                                    \n                    <\/div>\n\t\t\n        <div class=\"banner-layers container\">\n            <div class=\"fill banner-link\"><\/div>                     <\/div>\n      <\/div>\n\n            \n<style>\n#banner-395501749 {\n  padding-top: 99.99%;\n  background-color: rgb(255,255,255);\n}\n#banner-395501749 .bg.bg-loaded {\n  background-image: url(https:\/\/www.new-living-home.de\/hotel\/wp-content\/uploads\/2025\/04\/250424_New-Living-Home_web-26-scaled.jpg);\n}\n#banner-395501749 .bg {\n  background-position: 20% 56%;\n}\n#banner-395501749 .ux-shape-divider--top svg {\n  height: 150px;\n  --divider-top-width: 100%;\n}\n#banner-395501749 .ux-shape-divider--bottom svg {\n  height: 150px;\n  --divider-width: 100%;\n}\n<\/style>\n  <\/div>\n\n \t\t<\/div>\n\t\t\t\t\t<\/div>\n\n\t \n\t<div id=\"col-1109072002\" class=\"col medium-1 small-12 large-1\"  >\n\t\t\t\t<div class=\"col-inner\"  >\n\t\t\t\n\t\t\t \t\t<\/div>\n\t\t\t\t\t<\/div>\n\n\t \n\t<div id=\"col-399339514\" class=\"col medium-4 small-12 large-4\"  >\n\t\t\t\t<div class=\"col-inner\"  >\n\t\t\t\n\t\t\t\r\n<h2>Kaminzimmer<\/h2>\r\n<ul>\r\n<li class=\"bullet-arrow\">Minimaler Raum f\u00fcr maximale M\u00f6glichkeiten<\/li>\r\n<li class=\"bullet-arrow\">F\u00fcr z. B. kleinere Feiern oder Arbeitsessen mit max. 12 Personen<\/li>\r\n<li class=\"bullet-arrow\">Gemeinsam mit der angrenzenden Bibliothek nutzbar<\/li>\r\n<\/ul>\r\n\t\t<\/div>\n\t\t\t\t\n<style>\n#col-399339514 > .col-inner {\n  padding: 20px 30px 20px 30px;\n}\n<\/style>\n\t<\/div>\n\n\t \n\t<div id=\"col-1121503758\" class=\"col medium-1 small-12 large-1\"  >\n\t\t\t\t<div class=\"col-inner\"  >\n\t\t\t\n\t\t\t \t\t<\/div>\n\t\t\t\t\t<\/div>\n\n\t [\/row] <div class=\"row row-collapse row-full-width align-middle\"  id=\"row-1900820403\"> \n\t<div id=\"col-592370045\" class=\"col medium-1 small-12 large-1\"  >\n\t\t\t\t<div class=\"col-inner\"  >\n\t\t\t\n\t\t\t \t\t<\/div>\n\t\t\t\t\t<\/div>\n\n\t \n\t<div id=\"col-228131149\" class=\"col medium-4 small-12 large-4\"  >\n\t\t\t\t<div class=\"col-inner\"  >\n\t\t\t\n\t\t\t\r\n<h2>Musikzimmer<\/h2>\r\n<ul>\r\n<li class=\"bullet-arrow\">Geeignet f\u00fcr kleine Konzerte mit bis zu 50 G\u00e4sten<\/li>\r\n<li class=\"bullet-arrow\">Mit vollst\u00e4ndiger technischer Ausr\u00fcstung f\u00fcr Meetings<\/li>\r\n<li class=\"bullet-arrow\">Exklusiver Raum f\u00fcr Familienfeiern mit max. 22 Personen<\/li>\r\n<\/ul>\r\n\n\t<div id=\"col-1225185372\" class=\"col medium-1 small-12 large-1\"  >\n\t\t\t\t<div class=\"col-inner\"  >\n\t\t\t\n\t\t\t\t\t<\/div>\n\t\t\t\t\t<\/div>\n\n\t \t\t<\/div>\n\t\t\t\t\n<style>\n#col-228131149 > .col-inner {\n  padding: 20px 30px 20px 30px;\n}\n<\/style>\n\t<\/div>\n\n\t \n\t<div id=\"col-719503422\" class=\"col medium-6 small-12 large-6\"  >\n\t\t\t\t<div class=\"col-inner text-center\"  >\n\t\t\t\n\t\t\t \n  <div class=\"banner has-hover\" id=\"banner-427665433\">\n          <div class=\"banner-inner fill\">\n        <div class=\"banner-bg fill\" >\n            <div class=\"bg fill bg-fill \"><\/div>\n                                    \n                    <\/div>\n\t\t\n        <div class=\"banner-layers container\">\n            <div class=\"fill banner-link\"><\/div>                     <\/div>\n      <\/div>\n\n            \n<style>\n#banner-427665433 {\n  padding-top: 99.99%;\n  background-color: rgb(255,255,255);\n}\n#banner-427665433 .bg.bg-loaded {\n  background-image: url(https:\/\/www.new-living-home.de\/hotel\/wp-content\/uploads\/2025\/04\/250424_New-Living-Home_web-30-scaled.jpg);\n}\n#banner-427665433 .bg {\n  background-position: 50% 41%;\n}\n#banner-427665433 .ux-shape-divider--top svg {\n  height: 150px;\n  --divider-top-width: 100%;\n}\n#banner-427665433 .ux-shape-divider--bottom svg {\n  height: 150px;\n  --divider-width: 100%;\n}\n<\/style>\n  <\/div>\n\n \t\t<\/div>\n\t\t\t\t\t<\/div>\n\n\t <\/div> <div class=\"row row-collapse row-full-width align-middle\"  id=\"row-1343275525\"> \n\t<div id=\"col-1770767132\" class=\"col medium-6 small-12 large-6\"  >\n\t\t\t\t<div class=\"col-inner text-center\"  >\n\t\t\t\n\t\t\t \n  <div class=\"banner has-hover\" id=\"banner-1155920666\">\n          <div class=\"banner-inner fill\">\n        <div class=\"banner-bg fill\" >\n            <div class=\"bg fill bg-fill \"><\/div>\n                                    \n                    <\/div>\n\t\t\n        <div class=\"banner-layers container\">\n            <div class=\"fill banner-link\"><\/div>                     <\/div>\n      <\/div>\n\n            \n<style>\n#banner-1155920666 {\n  padding-top: 99.99%;\n  background-color: rgb(255,255,255);\n}\n#banner-1155920666 .bg.bg-loaded {\n  background-image: url(https:\/\/www.new-living-home.de\/hotel\/wp-content\/uploads\/2025\/04\/250424_New-Living-Home_web-42-scaled.jpg);\n}\n#banner-1155920666 .bg {\n  background-position: 16% 65%;\n}\n#banner-1155920666 .ux-shape-divider--top svg {\n  height: 150px;\n  --divider-top-width: 100%;\n}\n#banner-1155920666 .ux-shape-divider--bottom svg {\n  height: 150px;\n  --divider-width: 100%;\n}\n<\/style>\n  <\/div>\n\n \t\t<\/div>\n\t\t\t\t\t<\/div>\n\n\t \n\t<div id=\"col-806114249\" class=\"col medium-1 small-12 large-1\"  >\n\t\t\t\t<div class=\"col-inner\"  >\n\t\t\t\n\t\t\t \t\t<\/div>\n\t\t\t\t\t<\/div>\n\n\t \n\t<div id=\"col-1294369150\" class=\"col medium-4 small-12 large-4\"  >\n\t\t\t\t<div class=\"col-inner\"  >\n\t\t\t\n\t\t\t\r\n<h2>Salon Hamburg<\/h2>\r\n<ul>\r\n<li class=\"bullet-arrow\">Im 4. Obergeschoss gelegen<\/li>\r\n<li class=\"bullet-arrow\">\u00dcber 250 qm Dachterrasse mit einem wunderbaren Blick \u00fcber Hamburg, nutzbar z. B. f\u00fcr Cocktailempf\u00e4nge oder einem Aperitif vor dem Essen<\/li>\r\n<li class=\"bullet-arrow\">F\u00fcr attraktive Arbeitsessen ebenso geeignet wie f\u00fcr stilvolle Feiern<\/li>\r\n<li class=\"bullet-arrow\">Platz f\u00fcr bis zu 32 Personen<\/li>\r\n<li class=\"bullet-arrow\">Technische Ger\u00e4te werden auf Wunsch gestellt<\/li>\r\n<\/ul>\r\n\n\t<div id=\"col-85435916\" class=\"col medium-1 small-12 large-1\"  >\n\t\t\t\t<div class=\"col-inner\"  >\n\t\t\t\n\t\t\t\t\t<\/div>\n\t\t\t\t\t<\/div>\n\n\t \t\t<\/div>\n\t\t\t\t\n<style>\n#col-1294369150 > .col-inner {\n  padding: 20px 30px 20px 30px;\n}\n<\/style>\n\t<\/div>\n\n\t <\/div> <div class=\"row row-collapse row-full-width align-middle\"  id=\"row-1585022517\"> \n\t<div id=\"col-352371913\" class=\"col medium-1 small-12 large-1\"  >\n\t\t\t\t<div class=\"col-inner\"  >\n\t\t\t\n\t\t\t \t\t<\/div>\n\t\t\t\t\t<\/div>\n\n\t \n\t<div id=\"col-134383712\" class=\"col medium-4 small-12 large-4\"  >\n\t\t\t\t<div class=\"col-inner\"  >\n\t\t\t\n\t\t\t\r\n<h2>Salon Altona<\/h2>\r\n<ul>\r\n<li class=\"bullet-arrow\">F\u00fcr Tagungen und Meetings mit max. 75 Personen<\/li>\r\n<li class=\"bullet-arrow\">Umfangreiche technische Ausstattung nach Ihren W\u00fcnschen<\/li>\r\n<li class=\"bullet-arrow\">Angrenzende 250 qm gro\u00dfe Dachterrasse mit Blick bis zum Michel, nutzbar z. B. f\u00fcr eine Kaffeepause unter freiem Himmel<\/li>\r\n<\/ul>\r\n\n\t<div id=\"col-1305107521\" class=\"col medium-1 small-12 large-1\"  >\n\t\t\t\t<div class=\"col-inner\"  >\n\t\t\t\n\t\t\t\t\t<\/div>\n\t\t\t\t\t<\/div>\n\n\t \t\t<\/div>\n\t\t\t\t\n<style>\n#col-134383712 > .col-inner {\n  padding: 20px 30px 20px 30px;\n}\n<\/style>\n\t<\/div>\n\n\t \n\t<div id=\"col-1171491758\" class=\"col medium-6 small-12 large-6\"  >\n\t\t\t\t<div class=\"col-inner text-center\"  >\n\t\t\t\n\t\t\t \n  <div class=\"banner has-hover\" id=\"banner-395734038\">\n          <div class=\"banner-inner fill\">\n        <div class=\"banner-bg fill\" >\n            <div class=\"bg fill bg-fill \"><\/div>\n                                    \n                    <\/div>\n\t\t\n        <div class=\"banner-layers container\">\n            <div class=\"fill banner-link\"><\/div>                     <\/div>\n      <\/div>\n\n            \n<style>\n#banner-395734038 {\n  padding-top: 99.99%;\n  background-color: rgb(255,255,255);\n}\n#banner-395734038 .bg.bg-loaded {\n  background-image: url(https:\/\/www.new-living-home.de\/hotel\/wp-content\/uploads\/2025\/04\/250424_New-Living-Home_web-1-scaled.jpg);\n}\n#banner-395734038 .bg {\n  background-position: 51% 47%;\n}\n#banner-395734038 .ux-shape-divider--top svg {\n  height: 150px;\n  --divider-top-width: 100%;\n}\n#banner-395734038 .ux-shape-divider--bottom svg {\n  height: 150px;\n  --divider-width: 100%;\n}\n<\/style>\n  <\/div>\n\n \t\t<\/div>\n\t\t\t\t\t<\/div>\n\n\t <\/div> <div class=\"row row-collapse row-full-width align-middle\"  id=\"row-409321573\"> \n\t<div id=\"col-339657822\" class=\"col medium-6 small-12 large-6\"  >\n\t\t\t\t<div class=\"col-inner text-center\"  >\n\t\t\t\n\t\t\t \n  <div class=\"banner has-hover\" id=\"banner-883351655\">\n          <div class=\"banner-inner fill\">\n        <div class=\"banner-bg fill\" >\n            <div class=\"bg fill bg-fill \"><\/div>\n                                    \n                    <\/div>\n\t\t\n        <div class=\"banner-layers container\">\n            <div class=\"fill banner-link\"><\/div>                     <\/div>\n      <\/div>\n\n            \n<style>\n#banner-883351655 {\n  padding-top: 99.99%;\n  background-color: rgb(255,255,255);\n}\n#banner-883351655 .bg.bg-loaded {\n  background-image: url(https:\/\/www.new-living-home.de\/hotel\/wp-content\/uploads\/2025\/04\/250424_New-Living-Home_web-33-scaled.jpg);\n}\n#banner-883351655 .bg {\n  background-position: 43% 45%;\n}\n#banner-883351655 .ux-shape-divider--top svg {\n  height: 150px;\n  --divider-top-width: 100%;\n}\n#banner-883351655 .ux-shape-divider--bottom svg {\n  height: 150px;\n  --divider-width: 100%;\n}\n<\/style>\n  <\/div>\n\n \t\t<\/div>\n\t\t\t\t\t<\/div>\n\n\t \n\t<div id=\"col-808523794\" class=\"col medium-1 small-12 large-1\"  >\n\t\t\t\t<div class=\"col-inner\"  >\n\t\t\t\n\t\t\t \t\t<\/div>\n\t\t\t\t\t<\/div>\n\n\t \n\t<div id=\"col-1767238244\" class=\"col medium-4 small-12 large-4\"  >\n\t\t\t\t<div class=\"col-inner\"  >\n\t\t\t\n\t\t\t\r\n<h2>Restaurant Mendelssohn&#8217;s<\/h2>\r\n<ul>\r\n<li class=\"bullet-arrow\">F\u00fcr Familienfeiern aller Art<\/li>\r\n<li class=\"bullet-arrow\">F\u00fcr kleine wie gro\u00dfe Gesch\u00e4ftsessen und Firmenfeiern im gehobenen Rahmen<\/li>\r\n<li class=\"bullet-arrow\">Nach Absprache selbstverst\u00e4ndlich auch in exklusiver Nutzung<\/li>\r\n<li class=\"bullet-arrow\">F\u00fcr max. 110 Personen<\/li>\r\n<li class=\"bullet-arrow\">Aufbau einer Tanzfl\u00e4che sowie Nutzung eines Konzertfl\u00fcgels m\u00f6glich<\/li>\r\n<\/ul>\r\n\n\t<div id=\"col-819017100\" class=\"col medium-1 small-12 large-1\"  >\n\t\t\t\t<div class=\"col-inner\"  >\n\t\t\t\n\t\t\t\t\t<\/div>\n\t\t\t\t\t<\/div>\n\n\t \t\t<\/div>\n\t\t\t\t\n<style>\n#col-1767238244 > .col-inner {\n  padding: 20px 30px 20px 30px;\n}\n<\/style>\n\t<\/div>\n\n\t <\/div> <div class=\"row row-collapse row-full-width align-middle\"  id=\"row-618415739\"> \n\t<div id=\"col-1197476965\" class=\"col medium-1 small-12 large-1\"  >\n\t\t\t\t<div class=\"col-inner\"  >\n\t\t\t\n\t\t\t \t\t<\/div>\n\t\t\t\t\t<\/div>\n\n\t \n\t<div id=\"col-1489615313\" class=\"col medium-4 small-12 large-4\"  >\n\t\t\t\t<div class=\"col-inner\"  >\n\t\t\t\n\t\t\t\r\n<h2>Theater ATRIUM<\/h2>\r\n<ul>\r\n<li class=\"bullet-arrow\">Geeignet f\u00fcr kulturelle Events, Vortr\u00e4ge, Symposien, Schulungen, Produktpr\u00e4sentationen<\/li>\r\n<li class=\"bullet-arrow\">199 Sitzpl\u00e4tze mit ausklappbaren Schreibunterlagen<\/li>\r\n<li class=\"bullet-arrow\">Steinway-Fl\u00fcgel<\/li>\r\n<li class=\"bullet-arrow\">Lichteffekte, Bose-Sound-System, Mischpult, Video- und DVD-Player, Videobeamer (4000 Ansilumen), Funkmikrofone, Doppel-CD-Player (professionell bedient durch einen hauseigenen Veranstaltungstechniker)<\/li>\r\n<li class=\"bullet-arrow\">Mitnutzung des Foyers und weiterer R\u00e4ume ist nach Absprache m\u00f6glich<\/li>\r\n<li class=\"bullet-arrow\">Ausreichend Parkm\u00f6glichkeiten in der hauseigenen Tiefgarage<\/li>\r\n<\/ul>\r\n\n\t<div id=\"col-753204292\" class=\"col medium-1 small-12 large-1\"  >\n\t\t\t\t<div class=\"col-inner\"  >\n\t\t\t\n\t\t\t\t\t<\/div>\n\t\t\t\t\t<\/div>\n\n\t \t\t<\/div>\n\t\t\t\t\n<style>\n#col-1489615313 > .col-inner {\n  padding: 20px 30px 20px 30px;\n}\n<\/style>\n\t<\/div>\n\n\t \n\t<div id=\"col-2012597223\" class=\"col medium-6 small-12 large-6\"  >\n\t\t\t\t<div class=\"col-inner text-center\"  >\n\t\t\t\n\t\t\t \n  <div class=\"banner has-hover\" id=\"banner-2082455400\">\n          <div class=\"banner-inner fill\">\n        <div class=\"banner-bg fill\" >\n            <div class=\"bg fill bg-fill \"><\/div>\n                        <div class=\"overlay\"><\/div>            \n                    <\/div>\n\t\t\n        <div class=\"banner-layers container\">\n            <div class=\"fill banner-link\"><\/div>                     <\/div>\n      <\/div>\n\n            \n<style>\n#banner-2082455400 {\n  padding-top: 99.99%;\n  background-color: rgb(255,255,255);\n}\n#banner-2082455400 .bg.bg-loaded {\n  background-image: url(https:\/\/www.new-living-home.de\/hotel\/wp-content\/uploads\/2025\/04\/250424_New-Living-Home_web-39-scaled.jpg);\n}\n#banner-2082455400 .overlay {\n  background-color: rgba(255, 255, 255, 0.02);\n}\n#banner-2082455400 .bg {\n  background-position: 51% 39%;\n}\n#banner-2082455400 .ux-shape-divider--top svg {\n  height: 150px;\n  --divider-top-width: 100%;\n}\n#banner-2082455400 .ux-shape-divider--bottom svg {\n  height: 150px;\n  --divider-width: 100%;\n}\n<\/style>\n  <\/div>\n\n \t\t<\/div>\n\t\t\t\t\t<\/div>\n\n\t <\/div> [\/section]\r\n","protected":false},"excerpt":{"rendered":"","protected":false},"author":1,"featured_media":0,"parent":0,"menu_order":0,"comment_status":"closed","ping_status":"closed","template":"page-blank.php","meta":{"footnotes":""},"class_list":["post-51","page","type-page","status-publish","hentry"],"_links":{"self":[{"href":"https:\/\/www.new-living-home.de\/hotel\/wp-json\/wp\/v2\/pages\/51","targetHints":{"allow":["GET"]}}],"collection":[{"href":"https:\/\/www.new-living-home.de\/hotel\/wp-json\/wp\/v2\/pages"}],"about":[{"href":"https:\/\/www.new-living-home.de\/hotel\/wp-json\/wp\/v2\/types\/page"}],"author":[{"embeddable":true,"href":"https:\/\/www.new-living-home.de\/hotel\/wp-json\/wp\/v2\/users\/1"}],"replies":[{"embeddable":true,"href":"https:\/\/www.new-living-home.de\/hotel\/wp-json\/wp\/v2\/comments?post=51"}],"version-history":[{"count":27,"href":"https:\/\/www.new-living-home.de\/hotel\/wp-json\/wp\/v2\/pages\/51\/revisions"}],"predecessor-version":[{"id":3434,"href":"https:\/\/www.new-living-home.de\/hotel\/wp-json\/wp\/v2\/pages\/51\/revisions\/3434"}],"wp:attachment":[{"href":"https:\/\/www.new-living-home.de\/hotel\/wp-json\/wp\/v2\/media?parent=51"}],"curies":[{"name":"wp","href":"https:\/\/api.w.org\/{rel}","templated":true}]}}