{"id":48,"date":"2018-08-22T10:10:00","date_gmt":"2018-08-22T08:10:00","guid":{"rendered":"http:\/\/www.new-living-home.de\/hotel\/\/?page_id=48"},"modified":"2026-04-14T09:07:35","modified_gmt":"2026-04-14T07:07:35","slug":"restaurant-bar","status":"publish","type":"page","link":"https:\/\/www.new-living-home.de\/hotel\/restaurant-bar\/","title":{"rendered":"Restaurant &#038; Bar"},"content":{"rendered":"\t<section class=\"section dark\" id=\"section_333469711\">\n\t\t<div class=\"bg section-bg fill bg-fill  bg-loaded\" >\n\n\t\t\t\n\t\t\t<div class=\"loading-spin centered\"><\/div><button class=\"scroll-for-more z-5 icon absolute bottom h-center\" aria-label=\"Scroll for more\"><i class=\"icon-angle-down\" style=\"font-size:42px;\"><\/i><\/button>\n\t\t\t\n\n\t\t<\/div>\n\n\t\t\n\n\t\t<div class=\"section-content relative\">\n\t\t\t\n\n  <div class=\"banner has-hover\" id=\"banner-1494603485\">\n          <div class=\"banner-inner fill\">\n        <div class=\"banner-bg fill\" >\n            <div class=\"bg fill bg-fill \"><\/div>\n                                    \n                    <\/div>\n\t\t\n        <div class=\"banner-layers container\">\n            <div class=\"fill banner-link\"><\/div>            \n   <div id=\"text-box-1757967905\" class=\"text-box banner-layer x50 md-x50 lg-x50 y50 md-y50 lg-y50 res-text\">\n                                <div class=\"text-box-content text dark\">\n              \n              <div class=\"text-inner text-center\">\n                  \n<a href=\"#tisch\" target=\"_self\" class=\"button primary is-larger\"  >\n    <span>Zur Tischreservierung<\/span>\n  <i class=\"icon-angle-down\" ><\/i><\/a>\n\n              <\/div>\n           <\/div>\n                            \n<style>\n#text-box-1757967905 {\n  width: 60%;\n}\n#text-box-1757967905 .text-box-content {\n  font-size: 100%;\n}\n<\/style>\n    <\/div>\n \n        <\/div>\n      <\/div>\n\n            \n<style>\n#banner-1494603485 {\n  padding-top: 37%;\n}\n#banner-1494603485 .bg.bg-loaded {\n  background-image: url(https:\/\/www.new-living-home.de\/hotel\/wp-content\/uploads\/2018\/10\/nlh1.jpg);\n}\n#banner-1494603485 .bg {\n  background-position: 48% 93%;\n}\n#banner-1494603485 .ux-shape-divider--top svg {\n  height: 150px;\n  --divider-top-width: 100%;\n}\n#banner-1494603485 .ux-shape-divider--bottom svg {\n  height: 150px;\n  --divider-width: 100%;\n}\n<\/style>\n  <\/div>\n\n\n\t\t<\/div>\n\n\t\t\n<style>\n#section_333469711 {\n  padding-top: 0px;\n  padding-bottom: 0px;\n  background-color: rgb(255,255,255);\n}\n#section_333469711 .ux-shape-divider--top svg {\n  height: 150px;\n  --divider-top-width: 100%;\n}\n#section_333469711 .ux-shape-divider--bottom svg {\n  height: 150px;\n  --divider-width: 100%;\n}\n<\/style>\n\t<\/section>\n\t\n\t<section class=\"section\" id=\"section_220189154\">\n\t\t<div class=\"bg section-bg fill bg-fill  bg-loaded\" >\n\n\t\t\t\n\t\t\t\n\t\t\t\n\n\t\t<\/div>\n\n\t\t\n\n\t\t<div class=\"section-content relative\">\n\t\t\t\n<div class=\"row align-middle align-center\"  id=\"row-646313675\">\n\n\t<div id=\"col-1893974851\" class=\"col medium-10 small-12 large-10\"  >\n\t\t\t\t<div class=\"col-inner text-left\"  >\n\t\t\t\n\t\t\t\n<h1>Mendelssohn&#8217;s-Gastronomie<\/h1>\n<div class=\"is-divider divider clearfix\" style=\"background-color:rgb(244, 152, 0);\"><\/div>\n\t\t<\/div>\n\t\t\t\t\t<\/div>\n\n\t\n\n\t<div id=\"col-1046461374\" class=\"col medium-10 small-12 large-10\"  >\n\t\t\t\t<div class=\"col-inner text-left\"  >\n\t\t\t\n\t\t\t\n<h2><span style=\"color: #ff9900;\">Die Mendelssohn&#8217;s Gastronomie<\/span><\/h2>\n<p><span style=\"font-size: 115%;\" data-text-color=\"primary\">In der Mendelssohns\u2018-Gastronomie servieren wir eine<strong> internationale, saisonal ausgerichtete K\u00fcche mit regionalen Einfl\u00fcssen<\/strong>, in der das Hirschmedaillon im Herbst ebenso wenig fehlt, wie der Spargel im Fr\u00fchsommer oder die Gans im November. <\/span><\/p>\n<p>Gut gest\u00e4rkt starten Sie in den Tag mit dem <strong>umfangreichen Fr\u00fchst\u00fccksbuffet<\/strong>. Eierspeisen, Ihrem Wunsch entsprechend serviert, frisches Obst, Croissants, Br\u00f6tchen, Joghurt, Saft, Aufschnitt, K\u00e4se u. v. m.! Unser Fr\u00fchst\u00fccksbuffet zeichnet sich durch Qualit\u00e4t und eine liebevolle Zubereitung aus. (Psst\u2026wenn es drau\u00dfen warm ist, schmeckt der Morgenkaffee auf der Wintergarten-Terrasse gleich noch viel besser!)<\/p>\n<p><strong>Leckere, unkomplizierte und preisg\u00fcnstige Tagesempfehlungen<\/strong> helfen gegen den Mittagshunger und unsere kleinen G\u00e4ste finden jederzeit das Passende in der eigenen <strong>Kinderkarte<\/strong>.<\/p>\n<p>Hei\u00dfhunger auf etwas S\u00fc\u00dfes? Lassen Sie sich am Nachmittag mit einer <strong>Tasse Kaffee,\u00a0 einem St\u00fcck Torte <\/strong> oder auch einem fruchtigen Eisbecher mit Sahne verw\u00f6hnen, bevor Sie am Abend<strong>\u00a0&#8220;\u00e0-la-Carte&#8221;<\/strong> speisen. Anschlie\u00dfend k\u00f6nnen Sie den Tag mit einem<strong> fruchtigen Cocktail<\/strong> oder einem<strong> frisch gezapften Bier<\/strong> an der Bar ausklingen lassen.<\/p>\n<p><strong>Die Mendelssohn\u2019s-Gastronomie im NewLivingHome erwartet Sie!<\/strong><\/p>\n<p>\u00a0<\/p>\n<p><strong>\u00d6ffnungszeiten unserer Mendelssohn&#8217;s-Gastronomie<\/strong>:<\/p>\n<p><span style=\"color: #f99b1c;\"><strong>Allgemeine \u00d6ffnungszeiten:<\/strong><\/span><\/p>\n<p><strong>T\u00e4glich von 11:30 Uhr bis 21:30 Uhr <\/strong>(K\u00fcchenschluss: 20:30 Uhr)<\/p>\n<p><strong><br \/>Reservierungen unter Telefon:<\/strong><br \/><strong>Tel<\/strong>: (040) 401 33 &#8211; 396<br \/><strong>E-Mail:<\/strong> info@new-living-home.de<\/p>\n<p>Bestellungen f\u00fcr Au\u00dfer-Haus-Verkauf bitte unter Tel. (040) 40 133 396.<\/p>\n<p><span style=\"color: #f99b1c;\"><strong>Sind Sie auf der Suche nach einer tollen Geschenkidee? Wie w\u00e4re es mit einem Gutschein f\u00fcr die Mendelssohn&#8217;s Gastronomie?<\/strong><\/span><\/p>\n<p><strong>Gutscheine bestellen Sie bitte unter Tel. (040) 40 133 100.<\/strong><\/p>\n\t\t<\/div>\n\t\t\t\t\t<\/div>\n\n\t\n\n\t<div id=\"col-677779376\" class=\"col medium-10 small-12 large-10\"  >\n\t\t\t\t<div class=\"col-inner\"  >\n\t\t\t\n\t\t\t\n<a href=\"#tisch\" target=\"_self\" class=\"button primary\"  >\n    <span>Zur Tischreservierung<\/span>\n  <i class=\"icon-angle-down\" ><\/i><\/a>\n\n\t\t<\/div>\n\t\t\t\t\t<\/div>\n\n\t\n<\/div>\n\t\t<\/div>\n\n\t\t\n<style>\n#section_220189154 {\n  padding-top: 40px;\n  padding-bottom: 40px;\n  background-color: rgb(245, 245, 245);\n}\n#section_220189154 .ux-shape-divider--top svg {\n  height: 150px;\n  --divider-top-width: 100%;\n}\n#section_220189154 .ux-shape-divider--bottom svg {\n  height: 150px;\n  --divider-width: 100%;\n}\n<\/style>\n\t<\/section>\n\t\n\t<section class=\"section\" id=\"section_85991300\">\n\t\t<div class=\"bg section-bg fill bg-fill  bg-loaded\" >\n\n\t\t\t\n\t\t\t\n\t\t\t\n\n\t\t<\/div>\n\n\t\t\n\n\t\t<div class=\"section-content relative\">\n\t\t\t\n<div class=\"row align-middle align-center\"  id=\"row-1197875055\">\n\n\t<div id=\"col-286266414\" class=\"col medium-3 small-12 large-3\"  >\n\t\t\t\t<div class=\"col-inner\"  >\n\t\t\t\n\t\t\t\n<a rel=\"noopener noreferrer\" href=\"https:\/\/www.new-living-home.de\/hotel\/wp-content\/uploads\/2026\/04\/Wochenplan-13.04.-19.04.2026-mit-BONUSkarte-1.pdf\" target=\"_blank\" class=\"button primary is-underline\"  >\n    <span>aktuelle Tagesgerichte<\/span>\n  <\/a>\n\n\t\t<\/div>\n\t\t\t\t\t<\/div>\n\n\t\n\n\t<div id=\"col-427245556\" class=\"col medium-3 small-12 large-3\"  >\n\t\t\t\t<div class=\"col-inner\"  >\n\t\t\t\n\t\t\t\n<a rel=\"noopener noreferrer\" href=\"https:\/\/www.new-living-home.de\/hotel\/wp-content\/uploads\/2026\/03\/NewLivingHome-Speisekarte-2026.pdf\" target=\"_blank\" class=\"button primary is-underline\"  >\n    <span>\u00e0 la carte-Speisekarte<\/span>\n  <\/a>\n\n\t\t<\/div>\n\t\t\t\t\t<\/div>\n\n\t\n\n\t<div id=\"col-1243820987\" class=\"col medium-3 small-12 large-3\"  >\n\t\t\t\t<div class=\"col-inner\"  >\n\t\t\t\n\t\t\t\n<a rel=\"noopener noreferrer\" href=\"https:\/\/www.new-living-home.de\/hotel\/wp-content\/uploads\/2026\/04\/Schlemmerkalender_April_Juni-2026.pdf\" target=\"_blank\" class=\"button primary is-underline\"  >\n    <span>Aktuelle kulinarische Highlights<\/span>\n  <\/a>\n\n\t\t<\/div>\n\t\t\t\t\t<\/div>\n\n\t\n<\/div>\n\t<div id=\"gap-1157029342\" class=\"gap-element clearfix\" style=\"display:block; height:auto;\">\n\t\t\n<style>\n#gap-1157029342 {\n  padding-top: 47px;\n}\n<\/style>\n\t<\/div>\n\t\n  <div class=\"banner-grid-wrapper\">\n  <div id=\"banner-grid-1799631908\" class=\"banner-grid row row-grid row-xsmall row-full-width\" data-packery-options=\"\">\n                      \n<div class=\"col grid-col large-7 grid-col-1\" ><div class=\"col-inner\">\n\n  <div class=\"banner has-hover\" id=\"banner-850300268\">\n          <div class=\"banner-inner fill\">\n        <div class=\"banner-bg fill\" >\n            <div class=\"bg fill bg-fill \"><\/div>\n                                    \n                    <\/div>\n\t\t\n        <div class=\"banner-layers container\">\n            <div class=\"fill banner-link\"><\/div>            \n        <\/div>\n      <\/div>\n\n            \n<style>\n#banner-850300268 {\n  padding-top: 500px;\n}\n#banner-850300268 .bg.bg-loaded {\n  background-image: url(https:\/\/www.new-living-home.de\/hotel\/wp-content\/uploads\/2018\/09\/A7300492.jpg);\n}\n#banner-850300268 .bg {\n  background-position: 34% 58%;\n}\n#banner-850300268 .ux-shape-divider--top svg {\n  height: 150px;\n  --divider-top-width: 100%;\n}\n#banner-850300268 .ux-shape-divider--bottom svg {\n  height: 150px;\n  --divider-width: 100%;\n}\n<\/style>\n  <\/div>\n\n\n<\/div><\/div>\n<div class=\"col grid-col large-5 grid-col-1-2\" ><div class=\"col-inner\">\n\n  <div class=\"banner has-hover\" id=\"banner-1442022810\">\n          <div class=\"banner-inner fill\">\n        <div class=\"banner-bg fill\" >\n            <div class=\"bg fill bg-fill \"><\/div>\n                                    \n                    <\/div>\n\t\t\n        <div class=\"banner-layers container\">\n            <div class=\"fill banner-link\"><\/div>            \n        <\/div>\n      <\/div>\n\n            \n<style>\n#banner-1442022810 {\n  padding-top: 500px;\n}\n#banner-1442022810 .bg.bg-loaded {\n  background-image: url(https:\/\/www.new-living-home.de\/hotel\/wp-content\/uploads\/2018\/10\/nlh4.jpg);\n}\n#banner-1442022810 .bg {\n  background-position: 57% 57%;\n}\n#banner-1442022810 .ux-shape-divider--top svg {\n  height: 150px;\n  --divider-top-width: 100%;\n}\n#banner-1442022810 .ux-shape-divider--bottom svg {\n  height: 150px;\n  --divider-width: 100%;\n}\n<\/style>\n  <\/div>\n\n\n<\/div><\/div>\n<div class=\"col grid-col large-5 grid-col-1-2\" ><div class=\"col-inner\">\n\n  <div class=\"banner has-hover\" id=\"banner-1805197672\">\n          <div class=\"banner-inner fill\">\n        <div class=\"banner-bg fill\" >\n            <div class=\"bg fill bg-fill \"><\/div>\n                                    \n                    <\/div>\n\t\t\n        <div class=\"banner-layers container\">\n            <div class=\"fill banner-link\"><\/div>            \n        <\/div>\n      <\/div>\n\n            \n<style>\n#banner-1805197672 {\n  padding-top: 500px;\n}\n#banner-1805197672 .bg.bg-loaded {\n  background-image: url(https:\/\/www.new-living-home.de\/hotel\/wp-content\/uploads\/2018\/10\/A7300473.jpg);\n}\n#banner-1805197672 .bg {\n  background-position: 44% 77%;\n}\n#banner-1805197672 .ux-shape-divider--top svg {\n  height: 150px;\n  --divider-top-width: 100%;\n}\n#banner-1805197672 .ux-shape-divider--bottom svg {\n  height: 150px;\n  --divider-width: 100%;\n}\n<\/style>\n  <\/div>\n\n\n<\/div><\/div>\n            <\/div>\n    <style>\n    #banner-grid-1799631908 .grid-col-1{height: 650px}\n    #banner-grid-1799631908 .grid-col-1-2{height: 325px}\n    #banner-grid-1799631908 .grid-col-1-3{height:216.66666666667px}\n    #banner-grid-1799631908 .grid-col-2-3{height: 433.33333333333px}\n    #banner-grid-1799631908 .grid-col-1-4{height: 162.5px}\n    #banner-grid-1799631908 .grid-col-3-4{height: 487.5px}\n\n\n    \n    \n\n  <\/style>\n    <\/div>\n  \n\t\t<\/div>\n\n\t\t\n<style>\n#section_85991300 {\n  padding-top: 0px;\n  padding-bottom: 0px;\n  background-color: rgb(245, 245, 245);\n}\n#section_85991300 .ux-shape-divider--top svg {\n  height: 150px;\n  --divider-top-width: 100%;\n}\n#section_85991300 .ux-shape-divider--bottom svg {\n  height: 150px;\n  --divider-width: 100%;\n}\n<\/style>\n\t<\/section>\n\t\n\t<section class=\"section\" id=\"section_1499193875\">\n\t\t<div class=\"bg section-bg fill bg-fill  bg-loaded\" >\n\n\t\t\t\n\t\t\t\n\t\t\t\n\n\t\t<\/div>\n\n\t\t\n\n\t\t<div class=\"section-content relative\">\n\t\t\t\n<div class=\"row align-middle align-center\"  id=\"row-313610305\">\n\n\t<div id=\"col-1660140549\" class=\"col medium-10 small-12 large-10\"  >\n\t\t\t\t<div class=\"col-inner\"  >\n\t\t\t\n\t\t\t\n<span class=\"scroll-to\" data-label=\"Scroll to: #tisch\" data-bullet=\"false\" data-link=\"#tisch\" data-title=\"tisch\"><a name=\"tisch\"><\/a><\/span>\n<h2 class=\"uppercase\">Anfrage TischReservierung<\/h2>\n<div class=\"row\"  id=\"row-1087370263\">\n\n\t<div id=\"col-1861204383\" class=\"col medium-7 small-12 large-7\"  >\n\t\t\t\t<div class=\"col-inner\"  >\n\t\t\t\n\t\t\t\n\n<div class=\"wpforms-container wpforms-container-full wpforms-render-modern\" id=\"wpforms-2357\"><form id=\"wpforms-form-2357\" class=\"wpforms-validate wpforms-form wpforms-ajax-form\" data-formid=\"2357\" method=\"post\" enctype=\"multipart\/form-data\" action=\"\/hotel\/wp-json\/wp\/v2\/pages\/48\" data-token=\"fc8cb745307ea61dc710e6367bda2b17\" data-token-time=\"1776466251\"><noscript class=\"wpforms-error-noscript\">Bitte aktiviere JavaScript in deinem Browser, um dieses Formular fertigzustellen.<\/noscript><div id=\"wpforms-error-noscript\" style=\"display: none;\">Bitte aktiviere JavaScript in deinem Browser, um dieses Formular fertigzustellen.<\/div><div class=\"wpforms-field-container\"><div id=\"wpforms-2357-field_13-container\" class=\"wpforms-field wpforms-field-date-time\" data-field-id=\"13\"><fieldset><legend class=\"wpforms-field-label\">Datum \/ Zeit <span class=\"wpforms-required-label\" aria-hidden=\"true\">*<\/span><\/legend><div class=\"wpforms-field-row wpforms-field-large\"><div class=\"wpforms-field-row-block wpforms-date-type-datepicker\"><div class=\"wpforms-datepicker-wrap\"><input type=\"text\" id=\"wpforms-2357-field_13\" class=\"wpforms-field-date-time-date wpforms-datepicker wpforms-field-required\" data-date-format=\"F j, Y\" data-disable-past-dates=\"1\" data-disable-todays-date=\"0\" data-input=\"true\" name=\"wpforms[fields][13][date]\" aria-errormessage=\"wpforms-2357-field_13-error\" required><a title=\"Datum leeren\" data-clear class=\"wpforms-datepicker-clear\" style=\"display:none;\"><\/a><\/div><label for=\"wpforms-2357-field_13\" class=\"wpforms-field-sublabel after\">Datum<\/label><\/div><div class=\"wpforms-field-row-block\"><input type=\"text\" id=\"wpforms-2357-field_13-time\" class=\"wpforms-field-date-time-time wpforms-timepicker wpforms-field-required\" data-time-format=\"H:i\" data-step=\"30\" data-rule-time24h=\"true\" name=\"wpforms[fields][13][time]\" aria-errormessage=\"wpforms-2357-field_13-time-error\" required><label for=\"wpforms-2357-field_13-time\" class=\"wpforms-field-sublabel after\">Zeit<\/label><\/div><\/div><\/fieldset><\/div><div id=\"wpforms-2357-field_0-container\" class=\"wpforms-field wpforms-field-name\" data-field-id=\"0\"><fieldset><legend class=\"wpforms-field-label\">Name <span class=\"wpforms-required-label\" aria-hidden=\"true\">*<\/span><\/legend><div class=\"wpforms-field-row wpforms-field-large\"><div class=\"wpforms-field-row-block wpforms-first wpforms-one-half\"><input type=\"text\" id=\"wpforms-2357-field_0\" class=\"wpforms-field-name-first wpforms-field-required\" name=\"wpforms[fields][0][first]\" aria-errormessage=\"wpforms-2357-field_0-error\" required><label for=\"wpforms-2357-field_0\" class=\"wpforms-field-sublabel after\">Vorname<\/label><\/div><div class=\"wpforms-field-row-block wpforms-one-half\"><input type=\"text\" id=\"wpforms-2357-field_0-last\" class=\"wpforms-field-name-last wpforms-field-required\" name=\"wpforms[fields][0][last]\" aria-errormessage=\"wpforms-2357-field_0-last-error\" required><label for=\"wpforms-2357-field_0-last\" class=\"wpforms-field-sublabel after\">Nachname<\/label><\/div><\/div><\/fieldset><\/div><div id=\"wpforms-2357-field_17-container\" class=\"wpforms-field wpforms-field-layout\" data-field-id=\"17\"><div class=\"wpforms-field-layout-columns wpforms-field-layout-preset-50-50\"><div class=\"wpforms-layout-column wpforms-layout-column-50\" ><div id=\"wpforms-2357-field_11-container\" class=\"wpforms-field wpforms-field-number\" data-field-id=\"11\"><label class=\"wpforms-field-label\" for=\"wpforms-2357-field_11\">Anzahl Erwachsene <span class=\"wpforms-required-label\" aria-hidden=\"true\">*<\/span><\/label><input type=\"number\" id=\"wpforms-2357-field_11\" class=\"wpforms-field-large wpforms-field-required\" name=\"wpforms[fields][11]\" value=\"1\" step=\"any\" aria-errormessage=\"wpforms-2357-field_11-error\" required><\/div><div id=\"wpforms-2357-field_14-container\" class=\"wpforms-field wpforms-field-phone\" data-field-id=\"14\"><label class=\"wpforms-field-label\" for=\"wpforms-2357-field_14\">Mobilnummer <span class=\"wpforms-required-label\" aria-hidden=\"true\">*<\/span><\/label><input type=\"tel\" id=\"wpforms-2357-field_14\" class=\"wpforms-field-large wpforms-field-required wpforms-smart-phone-field\" data-rule-smart-phone-field=\"true\" name=\"wpforms[fields][14]\" aria-label=\"Mobilnummer\" aria-errormessage=\"wpforms-2357-field_14-error\" required><\/div><\/div><div class=\"wpforms-layout-column wpforms-layout-column-50\" ><div id=\"wpforms-2357-field_12-container\" class=\"wpforms-field wpforms-field-number\" data-field-id=\"12\"><label class=\"wpforms-field-label\" for=\"wpforms-2357-field_12\">Anzahl Kinder <span class=\"wpforms-required-label\" aria-hidden=\"true\">*<\/span><\/label><input type=\"number\" id=\"wpforms-2357-field_12\" class=\"wpforms-field-large wpforms-field-required\" name=\"wpforms[fields][12]\" value=\"0\" step=\"any\" aria-errormessage=\"wpforms-2357-field_12-error\" required><\/div><div id=\"wpforms-2357-field_1-container\" class=\"wpforms-field wpforms-field-email\" data-field-id=\"1\"><label class=\"wpforms-field-label\" for=\"wpforms-2357-field_1\">E-Mail <span class=\"wpforms-required-label\" aria-hidden=\"true\">*<\/span><\/label><input type=\"email\" id=\"wpforms-2357-field_1\" class=\"wpforms-field-large wpforms-field-required\" name=\"wpforms[fields][1]\" spellcheck=\"false\" aria-errormessage=\"wpforms-2357-field_1-error\" required><\/div><\/div><\/div><\/div><div id=\"wpforms-2357-field_2-container\" class=\"wpforms-field wpforms-field-textarea\" data-field-id=\"2\"><label class=\"wpforms-field-label\" for=\"wpforms-2357-field_2\">Anmerkungen (Allergien, Anlass, sonstige W\u00fcnsche)<\/label><textarea id=\"wpforms-2357-field_2\" class=\"wpforms-field-medium\" name=\"wpforms[fields][2]\" aria-errormessage=\"wpforms-2357-field_2-error\" ><\/textarea><\/div><div id=\"wpforms-2357-field_15-container\" class=\"wpforms-field wpforms-field-gdpr-checkbox\" data-field-id=\"15\"><label class=\"wpforms-field-label\">DSGVO-Einverst\u00e4ndnis <span class=\"wpforms-required-label\" aria-hidden=\"true\">*<\/span><\/label><ul id=\"wpforms-2357-field_15\" class=\"wpforms-field-required\"><li class=\"choice-1\"><input type=\"checkbox\" id=\"wpforms-2357-field_15_1\" name=\"wpforms[fields][15][]\" value=\"Ich willige ein, dass diese Website meine \u00fcbermittelten Informationen speichert, sodass meine Anfrage beantwortet werden kann.\" aria-errormessage=\"wpforms-2357-field_15_1-error\" required ><label class=\"wpforms-field-label-inline\" for=\"wpforms-2357-field_15_1\">Ich willige ein, dass diese Website meine \u00fcbermittelten Informationen speichert, sodass meine Anfrage beantwortet werden kann.<\/label><\/li><\/ul><\/div><\/div><!-- .wpforms-field-container --><div class=\"wpforms-submit-container\" ><input type=\"hidden\" name=\"wpforms[id]\" value=\"2357\"><input type=\"hidden\" name=\"page_title\" value=\"\"><input type=\"hidden\" name=\"page_url\" value=\"https:\/\/www.new-living-home.de\/hotel\/wp-json\/wp\/v2\/pages\/48\"><input type=\"hidden\" name=\"url_referer\" value=\"\"><button type=\"submit\" name=\"wpforms[submit]\" id=\"wpforms-submit-2357\" class=\"wpforms-submit\" data-alt-text=\"Senden\u2026\" data-submit-text=\"Anfrage absenden\" aria-live=\"assertive\" value=\"wpforms-submit\">Anfrage absenden<\/button><img loading=\"lazy\" decoding=\"async\" src=\"https:\/\/www.new-living-home.de\/hotel\/wp-content\/plugins\/wpforms\/assets\/images\/submit-spin.svg\" class=\"wpforms-submit-spinner\" style=\"display: none;\" width=\"26\" height=\"26\" alt=\"Wird geladen\"><\/div><\/form><\/div>  <!-- .wpforms-container -->\n\n\t\t<\/div>\n\t\t\t\t\t<\/div>\n\n\t\n<\/div>\n\t\t<\/div>\n\t\t\t\t\t<\/div>\n\n\t\n<\/div>\n\t\t<\/div>\n\n\t\t\n<style>\n#section_1499193875 {\n  padding-top: 67px;\n  padding-bottom: 67px;\n}\n#section_1499193875 .ux-shape-divider--top svg {\n  height: 150px;\n  --divider-top-width: 100%;\n}\n#section_1499193875 .ux-shape-divider--bottom svg {\n  height: 150px;\n  --divider-width: 100%;\n}\n<\/style>\n\t<\/section>\n\t\n","protected":false},"excerpt":{"rendered":"","protected":false},"author":1,"featured_media":0,"parent":0,"menu_order":0,"comment_status":"closed","ping_status":"closed","template":"page-blank.php","meta":{"footnotes":""},"class_list":["post-48","page","type-page","status-publish","hentry"],"_links":{"self":[{"href":"https:\/\/www.new-living-home.de\/hotel\/wp-json\/wp\/v2\/pages\/48","targetHints":{"allow":["GET"]}}],"collection":[{"href":"https:\/\/www.new-living-home.de\/hotel\/wp-json\/wp\/v2\/pages"}],"about":[{"href":"https:\/\/www.new-living-home.de\/hotel\/wp-json\/wp\/v2\/types\/page"}],"author":[{"embeddable":true,"href":"https:\/\/www.new-living-home.de\/hotel\/wp-json\/wp\/v2\/users\/1"}],"replies":[{"embeddable":true,"href":"https:\/\/www.new-living-home.de\/hotel\/wp-json\/wp\/v2\/comments?post=48"}],"version-history":[{"count":411,"href":"https:\/\/www.new-living-home.de\/hotel\/wp-json\/wp\/v2\/pages\/48\/revisions"}],"predecessor-version":[{"id":3458,"href":"https:\/\/www.new-living-home.de\/hotel\/wp-json\/wp\/v2\/pages\/48\/revisions\/3458"}],"wp:attachment":[{"href":"https:\/\/www.new-living-home.de\/hotel\/wp-json\/wp\/v2\/media?parent=48"}],"curies":[{"name":"wp","href":"https:\/\/api.w.org\/{rel}","templated":true}]}}