{"id":39,"date":"2018-08-21T15:57:21","date_gmt":"2018-08-21T13:57:21","guid":{"rendered":"http:\/\/www.new-living-home.de\/hotel\/\/?page_id=39"},"modified":"2025-07-14T11:11:47","modified_gmt":"2025-07-14T09:11:47","slug":"hotel-appartements","status":"publish","type":"page","link":"https:\/\/www.new-living-home.de\/hotel\/hotel-appartements\/","title":{"rendered":"Hotel-Appartements"},"content":{"rendered":"\n\t<section class=\"section dark\" id=\"section_618216633\">\n\t\t<div class=\"bg section-bg fill bg-fill  bg-loaded\" >\n\n\t\t\t\n\t\t\t<div class=\"loading-spin centered\"><\/div><button class=\"scroll-for-more z-5 icon absolute bottom h-center\" aria-label=\"Scroll for more\"><i class=\"icon-angle-down\" style=\"font-size:42px;\"><\/i><\/button>\n\t\t\t\n\n\t\t<\/div>\n\n\t\t\n\n\t\t<div class=\"section-content relative\">\n\t\t\t\n\n\n  <div class=\"banner has-hover\" id=\"banner-940942442\">\n          <div class=\"banner-inner fill\">\n        <div class=\"banner-bg fill\" >\n            <div class=\"bg fill bg-fill \"><\/div>\n                                    \n                    <\/div>\n\t\t\n        <div class=\"banner-layers container\">\n            <div class=\"fill banner-link\"><\/div>            \n\n\n        <\/div>\n      <\/div>\n\n            \n<style>\n#banner-940942442 {\n  padding-top: 37%;\n}\n#banner-940942442 .bg.bg-loaded {\n  background-image: url(https:\/\/www.new-living-home.de\/hotel\/wp-content\/uploads\/2018\/11\/A7300430.jpg);\n}\n#banner-940942442 .bg {\n  background-position: 51% 50%;\n}\n#banner-940942442 .ux-shape-divider--top svg {\n  height: 150px;\n  --divider-top-width: 100%;\n}\n#banner-940942442 .ux-shape-divider--bottom svg {\n  height: 150px;\n  --divider-width: 100%;\n}\n<\/style>\n  <\/div>\n\n\n\n\t\t<\/div>\n\n\t\t\n<style>\n#section_618216633 {\n  padding-top: 0px;\n  padding-bottom: 0px;\n}\n#section_618216633 .ux-shape-divider--top svg {\n  height: 150px;\n  --divider-top-width: 100%;\n}\n#section_618216633 .ux-shape-divider--bottom svg {\n  height: 150px;\n  --divider-width: 100%;\n}\n<\/style>\n\t<\/section>\n\t\n\t<section class=\"section\" id=\"section_1145597672\">\n\t\t<div class=\"bg section-bg fill bg-fill  bg-loaded\" >\n\n\t\t\t\n\t\t\t\n\t\t\t\n\n\t\t<\/div>\n\n\t\t\n\n\t\t<div class=\"section-content relative\">\n\t\t\t\n\n<div class=\"row align-center\"  id=\"row-171065535\">\n\n\n\t<div id=\"col-746731971\" class=\"col medium-10 small-12 large-10\"  >\n\t\t\t\t<div class=\"col-inner\"  >\n\t\t\t\n\t\t\t\n\n<h1>Unsere Hotel-Appartements<\/h1>\n<div class=\"is-divider divider clearfix\" ><\/div>\n\n\n\t\t<\/div>\n\t\t\t\t\t<\/div>\n\n\t\n\n\t<div id=\"col-417271836\" class=\"col medium-10 small-12 large-10\"  >\n\t\t\t\t<div class=\"col-inner text-left\"  >\n\t\t\t\n\t\t\t\n\n<h4>Das ideale Zuhause f\u00fcr Ihren Aufenthalt in Hamburg!<\/h4>\n<p>Die komfortabel eingerichteten <strong>2-Zimmer-Appartements<\/strong> verf\u00fcgen, neben <strong>kostenlosem WLAN-Zugang<\/strong>, \u00fcber einen <strong>kombinierten Wohn-\/Arbeitsbereich<\/strong>, einen <strong>separaten Schlafraum<\/strong>, ein <strong>gro\u00dfes, funktionelles Badezimmer mit schwellenloser Dusche<\/strong><span class=\"Apple-converted-space\">\u00a0<\/span>sowie \u00fcber <strong>eine Kitchenette, die auf Wunsch und gegen Geb\u00fchr komplett ausgestattet werden kann<\/strong>.<\/p>\n<h4><span data-text-color=\"primary\">Mit einer <strong>Mindestgr\u00f6\u00dfe von 43 m\u00b2<\/strong> bieten unsere Appartements viel Raum zum Ausspannen oder auch Arbeiten, f\u00fcr den kurzen oder auch den l\u00e4ngerfristigen Aufenthalt.<span class=\"Apple-converted-space\">\u00a0<\/span><\/span><\/h4>\n<p><strong>Familien mit Kindern? Sind nat\u00fcrlich jederzeit herzlich willkommen!<\/strong> Daf\u00fcr k\u00f6nnen wir den ger\u00e4umigen Wohnbereich auch aufbetten, so dass alle zusammen in einem Appartement \u00fcbernachten k\u00f6nnen und dem unbeschwerten Familienurlaub nichts im Wege steht.<\/p>\n<p><strong><span class=\"Apple-converted-space\">\u00a0<\/span><\/strong><\/p>\n<p>Das <strong>New<span data-text-color=\"primary\">Living<\/span>Home<\/strong> wurde 2016 von der Hamburger Tourismus GmbH gepr\u00fcft und mit dem Zertifikat\u00a0<strong>\u201eBarrierefreiheit\u201c<\/strong> ausgezeichnet.<\/p>\n\n\n\t\t<\/div>\n\t\t\t\t\t<\/div>\n\n\t\n\n\t<div id=\"col-1260447510\" class=\"col medium-5 small-12 large-5\"  >\n\t\t\t\t<div class=\"col-inner text-left\"  >\n\t\t\t\n\t\t\t\n\n<p><strong>Check-In:<\/strong> ab 16:00 Uhr<br \/><strong>Check-Out:<\/strong> bis 10:30 Uhr<\/p>\n<p>Early-Check-In<br \/>Late-Check-Out<br \/>(Nach Verf\u00fcgbarkeit und auf Anfrage)<\/p>\n\n\t\t<\/div>\n\t\t\t\t\t<\/div>\n\n\t\n\n\t<div id=\"col-1642384730\" class=\"col medium-5 small-12 large-5\"  >\n\t\t\t\t<div class=\"col-inner text-left\"  >\n\t\t\t\n\t\t\t\n\n\t<div class=\"img has-hover x md-x lg-x y md-y lg-y\" id=\"image_1291706082\">\n\t\t\t\t\t\t\t\t<div class=\"img-inner dark\" >\n\t\t\t<img loading=\"lazy\" decoding=\"async\" width=\"400\" height=\"560\" src=\"https:\/\/www.new-living-home.de\/hotel\/wp-content\/uploads\/2018\/10\/Logo_barrierefreiheit_hoch_RGB_M_HG-weiss.jpg\" class=\"attachment-original size-original\" alt=\"\" srcset=\"https:\/\/www.new-living-home.de\/hotel\/wp-content\/uploads\/2018\/10\/Logo_barrierefreiheit_hoch_RGB_M_HG-weiss.jpg 400w, https:\/\/www.new-living-home.de\/hotel\/wp-content\/uploads\/2018\/10\/Logo_barrierefreiheit_hoch_RGB_M_HG-weiss-214x300.jpg 214w\" sizes=\"auto, (max-width: 400px) 100vw, 400px\" \/>\t\t\t\t\t\t\n\t\t\t\t\t<\/div>\n\t\t\t\t\t\t\t\t\n<style>\n#image_1291706082 {\n  width: 21%;\n}\n<\/style>\n\t<\/div>\n\t\n\n\n\t\t<\/div>\n\t\t\t\t\t<\/div>\n\n\t\n\n\t<div id=\"col-747632251\" class=\"col medium-10 small-12 large-10\"  >\n\t\t\t\t<div class=\"col-inner text-left\"  >\n\t\t\t\n\t\t\t\n\n<a href=\"http:\/\/www.new-living-home.de\/hotel\/\/reservierung\/\" target=\"_self\" class=\"button primary\"  >\n    <span>Zur Reservierung<\/span>\n  <\/a>\n\n\n\n\t\t<\/div>\n\t\t\t\t\t<\/div>\n\n\t\n\n<\/div>\n\n\t\t<\/div>\n\n\t\t\n<style>\n#section_1145597672 {\n  padding-top: 60px;\n  padding-bottom: 60px;\n}\n#section_1145597672 .ux-shape-divider--top svg {\n  height: 150px;\n  --divider-top-width: 100%;\n}\n#section_1145597672 .ux-shape-divider--bottom svg {\n  height: 150px;\n  --divider-width: 100%;\n}\n<\/style>\n\t<\/section>\n\t\n\t<section class=\"section dark\" id=\"section_618548697\">\n\t\t<div class=\"bg section-bg fill bg-fill  bg-loaded\" >\n\n\t\t\t\n\t\t\t<div class=\"loading-spin centered\"><\/div><button class=\"scroll-for-more z-5 icon absolute bottom h-center\" aria-label=\"Scroll for more\"><i class=\"icon-angle-down\" style=\"font-size:42px;\"><\/i><\/button>\n\t\t\t\n\n\t\t<\/div>\n\n\t\t\n\n\t\t<div class=\"section-content relative\">\n\t\t\t\n\n  <div class=\"banner-grid-wrapper\">\n  <div id=\"banner-grid-306550830\" class=\"banner-grid row row-grid row-small row-full-width\" data-packery-options=\"\">\n                      \n\n<div class=\"col grid-col large-6 grid-col-1\" ><div class=\"col-inner\">\n\n\n  <div class=\"banner has-hover\" id=\"banner-1112395438\">\n          <div class=\"banner-inner fill\">\n        <div class=\"banner-bg fill\" >\n            <div class=\"bg fill bg-fill \"><\/div>\n                                    \n                    <\/div>\n\t\t\n        <div class=\"banner-layers container\">\n            <div class=\"fill banner-link\"><\/div>            \n\n\n        <\/div>\n      <\/div>\n\n            \n<style>\n#banner-1112395438 {\n  padding-top: 500px;\n}\n#banner-1112395438 .bg.bg-loaded {\n  background-image: url(https:\/\/www.new-living-home.de\/hotel\/wp-content\/uploads\/2022\/05\/DSC01029.jpg);\n}\n#banner-1112395438 .bg {\n  background-position: 49% 80%;\n}\n#banner-1112395438 .ux-shape-divider--top svg {\n  height: 150px;\n  --divider-top-width: 100%;\n}\n#banner-1112395438 .ux-shape-divider--bottom svg {\n  height: 150px;\n  --divider-width: 100%;\n}\n<\/style>\n  <\/div>\n\n\n\n<\/div><\/div>\n<div class=\"col grid-col large-6 grid-col-1\" ><div class=\"col-inner\">\n\n\n  <div class=\"banner has-hover\" id=\"banner-948965155\">\n          <div class=\"banner-inner fill\">\n        <div class=\"banner-bg fill\" >\n            <div class=\"bg fill bg-fill \"><\/div>\n                                    \n                    <\/div>\n\t\t\n        <div class=\"banner-layers container\">\n            <div class=\"fill banner-link\"><\/div>            \n\n\n        <\/div>\n      <\/div>\n\n            \n<style>\n#banner-948965155 {\n  padding-top: 500px;\n}\n#banner-948965155 .bg.bg-loaded {\n  background-image: url(https:\/\/www.new-living-home.de\/hotel\/wp-content\/uploads\/2022\/05\/DSC01050.jpg);\n}\n#banner-948965155 .bg {\n  background-position: 41% 99%;\n}\n#banner-948965155 .ux-shape-divider--top svg {\n  height: 150px;\n  --divider-top-width: 100%;\n}\n#banner-948965155 .ux-shape-divider--bottom svg {\n  height: 150px;\n  --divider-width: 100%;\n}\n<\/style>\n  <\/div>\n\n\n\n<\/div><\/div>\n\n            <\/div>\n    <style>\n    #banner-grid-306550830 .grid-col-1{height: 500px}\n    #banner-grid-306550830 .grid-col-1-2{height: 250px}\n    #banner-grid-306550830 .grid-col-1-3{height:166.66666666667px}\n    #banner-grid-306550830 .grid-col-2-3{height: 333.33333333333px}\n    #banner-grid-306550830 .grid-col-1-4{height: 125px}\n    #banner-grid-306550830 .grid-col-3-4{height: 375px}\n\n\n    \n    \n\n  <\/style>\n    <\/div>\n  \n\n\t\t<\/div>\n\n\t\t\n<style>\n#section_618548697 {\n  padding-top: 0px;\n  padding-bottom: 0px;\n  background-color: rgb(255,255,255);\n}\n#section_618548697 .ux-shape-divider--top svg {\n  height: 150px;\n  --divider-top-width: 100%;\n}\n#section_618548697 .ux-shape-divider--bottom svg {\n  height: 150px;\n  --divider-width: 100%;\n}\n<\/style>\n\t<\/section>\n\t\n\t<div id=\"gap-2109330663\" class=\"gap-element clearfix\" style=\"display:block; height:auto;\">\n\t\t\n<style>\n#gap-2109330663 {\n  padding-top: 10px;\n}\n<\/style>\n\t<\/div>\n\t\n\n\n","protected":false},"excerpt":{"rendered":"","protected":false},"author":1,"featured_media":0,"parent":0,"menu_order":0,"comment_status":"closed","ping_status":"closed","template":"page-blank.php","meta":{"footnotes":""},"class_list":["post-39","page","type-page","status-publish","hentry"],"_links":{"self":[{"href":"https:\/\/www.new-living-home.de\/hotel\/wp-json\/wp\/v2\/pages\/39","targetHints":{"allow":["GET"]}}],"collection":[{"href":"https:\/\/www.new-living-home.de\/hotel\/wp-json\/wp\/v2\/pages"}],"about":[{"href":"https:\/\/www.new-living-home.de\/hotel\/wp-json\/wp\/v2\/types\/page"}],"author":[{"embeddable":true,"href":"https:\/\/www.new-living-home.de\/hotel\/wp-json\/wp\/v2\/users\/1"}],"replies":[{"embeddable":true,"href":"https:\/\/www.new-living-home.de\/hotel\/wp-json\/wp\/v2\/comments?post=39"}],"version-history":[{"count":6,"href":"https:\/\/www.new-living-home.de\/hotel\/wp-json\/wp\/v2\/pages\/39\/revisions"}],"predecessor-version":[{"id":3189,"href":"https:\/\/www.new-living-home.de\/hotel\/wp-json\/wp\/v2\/pages\/39\/revisions\/3189"}],"wp:attachment":[{"href":"https:\/\/www.new-living-home.de\/hotel\/wp-json\/wp\/v2\/media?parent=39"}],"curies":[{"name":"wp","href":"https:\/\/api.w.org\/{rel}","templated":true}]}}