{"id":3359,"date":"2026-02-20T12:28:41","date_gmt":"2026-02-20T11:28:41","guid":{"rendered":"https:\/\/www.new-living-home.de\/hotel\/?page_id=3359"},"modified":"2026-03-26T09:20:22","modified_gmt":"2026-03-26T08:20:22","slug":"referenzen","status":"publish","type":"page","link":"https:\/\/www.new-living-home.de\/hotel\/referenzen\/","title":{"rendered":"Referenzen"},"content":{"rendered":"\t<section class=\"section\" id=\"section_1971188970\">\n\t\t<div class=\"bg section-bg fill bg-fill  bg-loaded\" >\n\n\t\t\t\n\t\t\t\n\t\t\t\n\n\t\t<\/div>\n\n\t\t\n\n\t\t<div class=\"section-content relative\">\n\t\t\t\n<div class=\"row row-full-width align-center\"  id=\"row-1462526861\">\n\n\t<div id=\"col-1915081629\" class=\"col medium-10 small-12 large-10\"  >\n\t\t\t\t<div class=\"col-inner text-left\"  >\n\t\t\t\n\t\t\t\n<h1>Referenzen<\/h1>\n<div class=\"is-divider divider clearfix\" ><\/div>\n\t\t<\/div>\n\t\t\t\t\t<\/div>\n\n\t\n\n\t<div id=\"col-1993388841\" class=\"col medium-10 small-12 large-10\"  >\n\t\t\t\t<div class=\"col-inner text-left\"  >\n\t\t\t\n\t\t\t\n<h2><b>Unsere Referenzen \u2013 Vertrauen, das verbindet<\/b><\/h2>\n<p style=\"font-weight: 400;\"><strong>Erfolg entsteht durch starke Partnerschaften.<\/strong> Auf dieser Seite finden Sie eine Auswahl an Unternehmen, Veranstaltern, K\u00fcnstlern und Institutionen, die uns ihr Vertrauen geschenkt haben. Ob Tagungen, kulturelle Veranstaltungen, gastronomische Highlights oder langfristige Kooperationen \u2013 jede Zusammenarbeit steht f\u00fcr Qualit\u00e4t, Verl\u00e4sslichkeit und eine professionelle Umsetzung mit pers\u00f6nlicher Handschrift. Wir sind stolz darauf, gemeinsam mit unseren Partnern besondere Erlebnisse zu schaffen und nachhaltige Beziehungen zu pflegen. \u00dcberzeugen Sie sich selbst von der Vielfalt unserer Projekte und der Qualit\u00e4t unserer Arbeit.<\/p>\n\t\t<\/div>\n\t\t\t\t\t<\/div>\n\n\t\n<\/div>\n<div class=\"row align-middle\" style=\"max-width:1400px\" id=\"row-1761599566\">\n\n\t<div id=\"col-794332851\" class=\"col medium-5 small-12 large-3\"  >\n\t\t\t\t<div class=\"col-inner text-center\"  >\n\t\t\t\n\t\t\t\n\t<div class=\"img has-hover x md-x lg-x y md-y lg-y\" id=\"image_473311408\">\n\t\t<a class=\"\" href=\"https:\/\/www.ndr.de\" target=\"_blank\" rel=\"noopener noreferrer\" >\t\t\t\t\t\t<div class=\"img-inner dark\" >\n\t\t\t<img loading=\"lazy\" decoding=\"async\" width=\"1020\" height=\"574\" src=\"https:\/\/www.new-living-home.de\/hotel\/wp-content\/uploads\/2026\/02\/NDR_logo-1024x576.jpg\" class=\"attachment-large size-large\" alt=\"\" srcset=\"https:\/\/www.new-living-home.de\/hotel\/wp-content\/uploads\/2026\/02\/NDR_logo-1024x576.jpg 1024w, https:\/\/www.new-living-home.de\/hotel\/wp-content\/uploads\/2026\/02\/NDR_logo-300x169.jpg 300w, https:\/\/www.new-living-home.de\/hotel\/wp-content\/uploads\/2026\/02\/NDR_logo-768x432.jpg 768w, https:\/\/www.new-living-home.de\/hotel\/wp-content\/uploads\/2026\/02\/NDR_logo-1536x864.jpg 1536w, https:\/\/www.new-living-home.de\/hotel\/wp-content\/uploads\/2026\/02\/NDR_logo.jpg 1920w\" sizes=\"auto, (max-width: 1020px) 100vw, 1020px\" \/>\t\t\t\t\t\t\n\t\t\t\t\t<\/div>\n\t\t\t\t\t\t<\/a>\t\t\n<style>\n#image_473311408 {\n  width: 100%;\n}\n@media (min-width:550px) {\n  #image_473311408 {\n    width: 100%;\n  }\n}\n<\/style>\n\t<\/div>\n\t\n\t\t<\/div>\n\t\t\t\t\t<\/div>\n\n\t\n\n\t<div id=\"col-1128346023\" class=\"col medium-4 small-12 large-2\"  >\n\t\t\t\t<div class=\"col-inner text-center\"  >\n\t\t\t\n\t\t\t\n\t<div class=\"img has-hover x md-x lg-x y md-y lg-y\" id=\"image_450789403\">\n\t\t<a class=\"\" href=\"http:\/\/www.aelita-musiktheater.de\/\" target=\"_blank\" rel=\"noopener noreferrer\" >\t\t\t\t\t\t<div class=\"img-inner dark\" >\n\t\t\t<img loading=\"lazy\" decoding=\"async\" width=\"618\" height=\"704\" src=\"https:\/\/www.new-living-home.de\/hotel\/wp-content\/uploads\/2026\/02\/1767431575809-1.jpg\" class=\"attachment-large size-large\" alt=\"\" srcset=\"https:\/\/www.new-living-home.de\/hotel\/wp-content\/uploads\/2026\/02\/1767431575809-1.jpg 618w, https:\/\/www.new-living-home.de\/hotel\/wp-content\/uploads\/2026\/02\/1767431575809-1-263x300.jpg 263w\" sizes=\"auto, (max-width: 618px) 100vw, 618px\" \/>\t\t\t\t\t\t\n\t\t\t\t\t<\/div>\n\t\t\t\t\t\t<\/a>\t\t\n<style>\n#image_450789403 {\n  width: 60%;\n}\n@media (min-width:550px) {\n  #image_450789403 {\n    width: 100%;\n  }\n}\n<\/style>\n\t<\/div>\n\t\n\t\t<\/div>\n\t\t\t\t\t<\/div>\n\n\t\n\n\t<div id=\"col-1706071308\" class=\"col medium-5 small-12 large-3\"  >\n\t\t\t\t<div class=\"col-inner text-center\"  >\n\t\t\t\n\t\t\t\n\t<div class=\"img has-hover x md-x lg-x y md-y lg-y\" id=\"image_1534731559\">\n\t\t<a class=\"\" href=\"https:\/\/musicalive.de\/startseite\/\" target=\"_blank\" rel=\"noopener noreferrer\" >\t\t\t\t\t\t<div class=\"img-inner dark\" >\n\t\t\t<img loading=\"lazy\" decoding=\"async\" width=\"1020\" height=\"203\" src=\"https:\/\/www.new-living-home.de\/hotel\/wp-content\/uploads\/2026\/02\/MusicAlive_Logo_2020-1024x204.png\" class=\"attachment-large size-large\" alt=\"\" srcset=\"https:\/\/www.new-living-home.de\/hotel\/wp-content\/uploads\/2026\/02\/MusicAlive_Logo_2020-1024x204.png 1024w, https:\/\/www.new-living-home.de\/hotel\/wp-content\/uploads\/2026\/02\/MusicAlive_Logo_2020-300x60.png 300w, https:\/\/www.new-living-home.de\/hotel\/wp-content\/uploads\/2026\/02\/MusicAlive_Logo_2020-768x153.png 768w, https:\/\/www.new-living-home.de\/hotel\/wp-content\/uploads\/2026\/02\/MusicAlive_Logo_2020-1536x306.png 1536w, https:\/\/www.new-living-home.de\/hotel\/wp-content\/uploads\/2026\/02\/MusicAlive_Logo_2020.png 1700w\" sizes=\"auto, (max-width: 1020px) 100vw, 1020px\" \/>\t\t\t\t\t\t\n\t\t\t\t\t<\/div>\n\t\t\t\t\t\t<\/a>\t\t\n<style>\n#image_1534731559 {\n  width: 100%;\n}\n<\/style>\n\t<\/div>\n\t\n\t\t<\/div>\n\t\t\t\t\t<\/div>\n\n\t\n\n\t<div id=\"col-1633520134\" class=\"col medium-5 small-12 large-3\"  >\n\t\t\t\t<div class=\"col-inner text-left\"  >\n\t\t\t\n\t\t\t\n\t<div class=\"img has-hover x md-x lg-x y md-y lg-y\" id=\"image_354171756\">\n\t\t<a class=\"\" href=\"https:\/\/www.lindtner.com\/de\/gastronomie\/konditorei-lindtner\" target=\"_blank\" rel=\"noopener noreferrer\" >\t\t\t\t\t\t<div class=\"img-inner dark\" >\n\t\t\t<img loading=\"lazy\" decoding=\"async\" width=\"1020\" height=\"721\" src=\"https:\/\/www.new-living-home.de\/hotel\/wp-content\/uploads\/2026\/02\/Lindtner-1024x724.jpg\" class=\"attachment-large size-large\" alt=\"\" srcset=\"https:\/\/www.new-living-home.de\/hotel\/wp-content\/uploads\/2026\/02\/Lindtner-1024x724.jpg 1024w, https:\/\/www.new-living-home.de\/hotel\/wp-content\/uploads\/2026\/02\/Lindtner-300x212.jpg 300w, https:\/\/www.new-living-home.de\/hotel\/wp-content\/uploads\/2026\/02\/Lindtner-768x543.jpg 768w, https:\/\/www.new-living-home.de\/hotel\/wp-content\/uploads\/2026\/02\/Lindtner-1536x1086.jpg 1536w, https:\/\/www.new-living-home.de\/hotel\/wp-content\/uploads\/2026\/02\/Lindtner-2048x1448.jpg 2048w\" sizes=\"auto, (max-width: 1020px) 100vw, 1020px\" \/>\t\t\t\t\t\t\n\t\t\t\t\t<\/div>\n\t\t\t\t\t\t<\/a>\t\t\n<style>\n#image_354171756 {\n  width: 81%;\n}\n@media (min-width:550px) {\n  #image_354171756 {\n    width: 100%;\n  }\n}\n<\/style>\n\t<\/div>\n\t\n\t\t<\/div>\n\t\t\t\t\t<\/div>\n\n\t\n\n\t<div id=\"col-1572138965\" class=\"col medium-5 small-12 large-3\"  >\n\t\t\t\t<div class=\"col-inner text-left\"  >\n\t\t\t\n\t\t\t\n\t<div class=\"img has-hover x md-x lg-x y md-y lg-y\" id=\"image_512639043\">\n\t\t<a class=\"\" href=\"https:\/\/www.knussbert.de\/\" target=\"_blank\" rel=\"noopener noreferrer\" >\t\t\t\t\t\t<div class=\"img-inner dark\" >\n\t\t\t<img loading=\"lazy\" decoding=\"async\" width=\"325\" height=\"154\" src=\"https:\/\/www.new-living-home.de\/hotel\/wp-content\/uploads\/2026\/02\/creative_foods.jpg\" class=\"attachment-large size-large\" alt=\"\" srcset=\"https:\/\/www.new-living-home.de\/hotel\/wp-content\/uploads\/2026\/02\/creative_foods.jpg 325w, https:\/\/www.new-living-home.de\/hotel\/wp-content\/uploads\/2026\/02\/creative_foods-300x142.jpg 300w\" sizes=\"auto, (max-width: 325px) 100vw, 325px\" \/>\t\t\t\t\t\t\n\t\t\t\t\t<\/div>\n\t\t\t\t\t\t<\/a>\t\t\n<style>\n#image_512639043 {\n  width: 81%;\n}\n@media (min-width:550px) {\n  #image_512639043 {\n    width: 100%;\n  }\n}\n<\/style>\n\t<\/div>\n\t\n\t\t<\/div>\n\t\t\t\t\t<\/div>\n\n\t\n\n\t<div id=\"col-2042206475\" class=\"col medium-5 small-12 large-3\"  >\n\t\t\t\t<div class=\"col-inner text-left\"  >\n\t\t\t\n\t\t\t\n\t<div class=\"img has-hover x md-x lg-x y md-y lg-y\" id=\"image_1377165728\">\n\t\t<a class=\"\" href=\"https:\/\/penning-sanitaer.de\/\" target=\"_blank\" rel=\"noopener noreferrer\" >\t\t\t\t\t\t<div class=\"img-inner dark\" >\n\t\t\t<img loading=\"lazy\" decoding=\"async\" width=\"400\" height=\"283\" src=\"https:\/\/www.new-living-home.de\/hotel\/wp-content\/uploads\/2026\/02\/Penning.jpg\" class=\"attachment-large size-large\" alt=\"\" srcset=\"https:\/\/www.new-living-home.de\/hotel\/wp-content\/uploads\/2026\/02\/Penning.jpg 400w, https:\/\/www.new-living-home.de\/hotel\/wp-content\/uploads\/2026\/02\/Penning-300x212.jpg 300w\" sizes=\"auto, (max-width: 400px) 100vw, 400px\" \/>\t\t\t\t\t\t\n\t\t\t\t\t<\/div>\n\t\t\t\t\t\t<\/a>\t\t\n<style>\n#image_1377165728 {\n  width: 81%;\n}\n@media (min-width:550px) {\n  #image_1377165728 {\n    width: 100%;\n  }\n}\n<\/style>\n\t<\/div>\n\t\n\t\t<\/div>\n\t\t\t\t\t<\/div>\n\n\t\n\n\t<div id=\"col-602652581\" class=\"col medium-5 small-12 large-3\"  >\n\t\t\t\t<div class=\"col-inner text-left\"  >\n\t\t\t\n\t\t\t\n\t<div class=\"img has-hover x md-x lg-x y md-y lg-y\" id=\"image_629713275\">\n\t\t<a class=\"\" href=\"https:\/\/vereinhagenbeck.de\" target=\"_blank\" rel=\"noopener noreferrer\" >\t\t\t\t\t\t<div class=\"img-inner dark\" >\n\t\t\t<img loading=\"lazy\" decoding=\"async\" width=\"718\" height=\"562\" src=\"https:\/\/www.new-living-home.de\/hotel\/wp-content\/uploads\/2026\/03\/HAG_LOGO_TF_4C_6cm.jpg\" class=\"attachment-large size-large\" alt=\"\" srcset=\"https:\/\/www.new-living-home.de\/hotel\/wp-content\/uploads\/2026\/03\/HAG_LOGO_TF_4C_6cm.jpg 718w, https:\/\/www.new-living-home.de\/hotel\/wp-content\/uploads\/2026\/03\/HAG_LOGO_TF_4C_6cm-300x235.jpg 300w\" sizes=\"auto, (max-width: 718px) 100vw, 718px\" \/>\t\t\t\t\t\t\n\t\t\t\t\t<\/div>\n\t\t\t\t\t\t<\/a>\t\t\n<style>\n#image_629713275 {\n  width: 81%;\n}\n@media (min-width:550px) {\n  #image_629713275 {\n    width: 100%;\n  }\n}\n<\/style>\n\t<\/div>\n\t\n\t\t<\/div>\n\t\t\t\t\t<\/div>\n\n\t\n<\/div>\n\t\t<\/div>\n\n\t\t\n<style>\n#section_1971188970 {\n  padding-top: 100px;\n  padding-bottom: 100px;\n  background-color: rgb(255, 255, 255);\n}\n#section_1971188970 .ux-shape-divider--top svg {\n  height: 150px;\n  --divider-top-width: 100%;\n}\n#section_1971188970 .ux-shape-divider--bottom svg {\n  height: 150px;\n  --divider-width: 100%;\n}\n<\/style>\n\t<\/section>\n\t\n","protected":false},"excerpt":{"rendered":"","protected":false},"author":2,"featured_media":0,"parent":0,"menu_order":0,"comment_status":"closed","ping_status":"closed","template":"page-blank.php","meta":{"footnotes":""},"class_list":["post-3359","page","type-page","status-publish","hentry"],"_links":{"self":[{"href":"https:\/\/www.new-living-home.de\/hotel\/wp-json\/wp\/v2\/pages\/3359","targetHints":{"allow":["GET"]}}],"collection":[{"href":"https:\/\/www.new-living-home.de\/hotel\/wp-json\/wp\/v2\/pages"}],"about":[{"href":"https:\/\/www.new-living-home.de\/hotel\/wp-json\/wp\/v2\/types\/page"}],"author":[{"embeddable":true,"href":"https:\/\/www.new-living-home.de\/hotel\/wp-json\/wp\/v2\/users\/2"}],"replies":[{"embeddable":true,"href":"https:\/\/www.new-living-home.de\/hotel\/wp-json\/wp\/v2\/comments?post=3359"}],"version-history":[{"count":7,"href":"https:\/\/www.new-living-home.de\/hotel\/wp-json\/wp\/v2\/pages\/3359\/revisions"}],"predecessor-version":[{"id":3441,"href":"https:\/\/www.new-living-home.de\/hotel\/wp-json\/wp\/v2\/pages\/3359\/revisions\/3441"}],"wp:attachment":[{"href":"https:\/\/www.new-living-home.de\/hotel\/wp-json\/wp\/v2\/media?parent=3359"}],"curies":[{"name":"wp","href":"https:\/\/api.w.org\/{rel}","templated":true}]}}