{"id":2424,"date":"2023-08-23T21:20:45","date_gmt":"2023-08-23T19:20:45","guid":{"rendered":"https:\/\/www.new-living-home.de\/hotel\/?page_id=2424"},"modified":"2023-09-30T12:39:03","modified_gmt":"2023-09-30T10:39:03","slug":"das-hotel-test","status":"publish","type":"page","link":"https:\/\/www.new-living-home.de\/hotel\/","title":{"rendered":"Das Hotel"},"content":{"rendered":"\n\t<section class=\"section dark\" id=\"section_1293636644\">\n\t\t<div class=\"bg section-bg fill bg-fill  bg-loaded\" >\n\n\t\t\t\n\t\t\t<div class=\"loading-spin centered\"><\/div><button class=\"scroll-for-more z-5 icon absolute bottom h-center\" aria-label=\"Scroll for more\"><i class=\"icon-angle-down\" style=\"font-size:42px;\"><\/i><\/button>\n\t\t\t\n\n\t\t<\/div>\n\n\t\t\n\n\t\t<div class=\"section-content relative\">\n\t\t\t\n\n\n  <div class=\"banner has-hover\" id=\"banner-225123887\">\n          <div class=\"banner-inner fill\">\n        <div class=\"banner-bg fill\" >\n            <div class=\"bg fill bg-fill \"><\/div>\n                                    \n                    <\/div>\n\t\t\n        <div class=\"banner-layers container\">\n            <div class=\"fill banner-link\"><\/div>            \n\n   <div id=\"text-box-1552569602\" class=\"text-box banner-layer x50 md-x50 lg-x50 y85 md-y85 lg-y85 res-text\">\n                                <div class=\"text-box-content text dark\">\n              \n              <div class=\"text-inner text-center\">\n                  \n\n<h3 class=\"thin-font\">Herzlich Willkommen im<\/h3>\n<h1 class=\"uppercase\"><span style=\"font-size: 130%;\">New Living Home<\/span><\/h1>\n\n              <\/div>\n           <\/div>\n                            \n<style>\n#text-box-1552569602 {\n  width: 86%;\n}\n#text-box-1552569602 .text-box-content {\n  font-size: 100%;\n}\n@media (min-width:550px) {\n  #text-box-1552569602 {\n    width: 60%;\n  }\n}\n<\/style>\n    <\/div>\n \n\n        <\/div>\n      <\/div>\n\n            \n<style>\n#banner-225123887 {\n  padding-top: 105%;\n}\n#banner-225123887 .bg.bg-loaded {\n  background-image: url(https:\/\/www.new-living-home.de\/hotel\/wp-content\/uploads\/2018\/09\/IMG_2984-Foyer-hm.jpg);\n}\n#banner-225123887 .bg {\n  background-position: 49% 63%;\n}\n#banner-225123887 .ux-shape-divider--top svg {\n  height: 150px;\n  --divider-top-width: 100%;\n}\n#banner-225123887 .ux-shape-divider--bottom svg {\n  height: 150px;\n  --divider-width: 100%;\n}\n@media (min-width:550px) {\n  #banner-225123887 {\n    padding-top: 64%;\n  }\n}\n@media (min-width:850px) {\n  #banner-225123887 {\n    padding-top: 37%;\n  }\n}\n<\/style>\n  <\/div>\n\n\n\n\t\t<\/div>\n\n\t\t\n<style>\n#section_1293636644 {\n  padding-top: 0px;\n  padding-bottom: 0px;\n}\n#section_1293636644 .ux-shape-divider--top svg {\n  height: 150px;\n  --divider-top-width: 100%;\n}\n#section_1293636644 .ux-shape-divider--bottom svg {\n  height: 150px;\n  --divider-width: 100%;\n}\n<\/style>\n\t<\/section>\n\t\n\t<section class=\"section\" id=\"section_1061814145\">\n\t\t<div class=\"bg section-bg fill bg-fill  bg-loaded\" >\n\n\t\t\t\n\t\t\t\n\t\t\t\n\n\t\t<\/div>\n\n\t\t\n\n\t\t<div class=\"section-content relative\">\n\t\t\t\n\n<div class=\"row align-center\"  id=\"row-794358815\">\n\n\n\n\t<div id=\"col-1663750695\" class=\"col medium-10 small-12 large-10\"  >\n\t\t\t\t<div class=\"col-inner text-left\"  >\n\t\t\t\n\t\t\t\n\n<h4>Sie wollen Hamburg gesch\u00e4ftlich oder privat \u201eerobern\u201c?<span class=\"Apple-converted-space\">\u00a0<\/span><\/h4>\n<p>Im <strong>New<span data-text-color=\"primary\">Living<\/span>Home<\/strong>, verkehrsg\u00fcnstig im Nord-Westen von Hamburg zwischen den Studios des NDR und Hagenbecks Tierpark gelegen, erwarten Sie komfortabel eingerichtete Hotel-Appartements in der herzlichen, offenen und facettenreichen Atmosph\u00e4re eines ganz besonderen Hauses!<span class=\"Apple-converted-space\">\u00a0<\/span><\/p>\n<p>Der Kaffee am Morgen wird Ihnen mit einem freundlichen L\u00e4cheln serviert und an der Rezeption erhalten Sie den perfekten Tipp f\u00fcr den idealen Standort im Hafen, um einen Blick auf die einlaufenden Containerriesen und Kreuzfahrtschiffe zu werfen. Oder ben\u00f6tigen Sie ganz einfach nur ein weiteres Kopfkissen f\u00fcr die Nacht und einen Bademantel f\u00fcr den Besuch im Schwimmbad?<\/p>\n<h4><span data-text-color=\"primary\">Ganz gleich, ob Sie uns als Urlaubsgast besuchen, an einer Tagung teilnehmen oder ein Familienfest bei uns feiern \u2013 unser Team steht Ihnen mit Herz und Hand zur Seite!<span class=\"Apple-converted-space\">\u00a0<\/span><\/span><\/h4>\n\n\t\t<\/div>\n\t\t\t\t\t<\/div>\n\n\t\n\n<\/div>\n\n\t\t<\/div>\n\n\t\t\n<style>\n#section_1061814145 {\n  padding-top: 60px;\n  padding-bottom: 60px;\n  background-color: rgb(255,255,255);\n}\n#section_1061814145 .ux-shape-divider--top svg {\n  height: 150px;\n  --divider-top-width: 100%;\n}\n#section_1061814145 .ux-shape-divider--bottom svg {\n  height: 150px;\n  --divider-width: 100%;\n}\n<\/style>\n\t<\/section>\n\t\n\n","protected":false},"excerpt":{"rendered":"","protected":false},"author":2,"featured_media":0,"parent":0,"menu_order":0,"comment_status":"closed","ping_status":"closed","template":"page-blank.php","meta":{"footnotes":""},"class_list":["post-2424","page","type-page","status-publish","hentry"],"_links":{"self":[{"href":"https:\/\/www.new-living-home.de\/hotel\/wp-json\/wp\/v2\/pages\/2424","targetHints":{"allow":["GET"]}}],"collection":[{"href":"https:\/\/www.new-living-home.de\/hotel\/wp-json\/wp\/v2\/pages"}],"about":[{"href":"https:\/\/www.new-living-home.de\/hotel\/wp-json\/wp\/v2\/types\/page"}],"author":[{"embeddable":true,"href":"https:\/\/www.new-living-home.de\/hotel\/wp-json\/wp\/v2\/users\/2"}],"replies":[{"embeddable":true,"href":"https:\/\/www.new-living-home.de\/hotel\/wp-json\/wp\/v2\/comments?post=2424"}],"version-history":[{"count":10,"href":"https:\/\/www.new-living-home.de\/hotel\/wp-json\/wp\/v2\/pages\/2424\/revisions"}],"predecessor-version":[{"id":2562,"href":"https:\/\/www.new-living-home.de\/hotel\/wp-json\/wp\/v2\/pages\/2424\/revisions\/2562"}],"wp:attachment":[{"href":"https:\/\/www.new-living-home.de\/hotel\/wp-json\/wp\/v2\/media?parent=2424"}],"curies":[{"name":"wp","href":"https:\/\/api.w.org\/{rel}","templated":true}]}}