{"id":103,"date":"2018-08-22T14:40:10","date_gmt":"2018-08-22T12:40:10","guid":{"rendered":"http:\/\/www.new-living-home.de\/hotel\/\/?page_id=103"},"modified":"2023-09-30T16:22:08","modified_gmt":"2023-09-30T14:22:08","slug":"der-kontakt","status":"publish","type":"page","link":"https:\/\/www.new-living-home.de\/hotel\/der-kontakt\/","title":{"rendered":"Der Kontakt"},"content":{"rendered":"\n\t<section class=\"section dark\" id=\"section_1224005411\">\n\t\t<div class=\"bg section-bg fill bg-fill  bg-loaded\" >\n\n\t\t\t\n\t\t\t<div class=\"loading-spin centered\"><\/div><button class=\"scroll-for-more z-5 icon absolute bottom h-center\" aria-label=\"Scroll for more\"><i class=\"icon-angle-down\" style=\"font-size:42px;\"><\/i><\/button>\n\t\t\t\n\n\t\t<\/div>\n\n\t\t\n\n\t\t<div class=\"section-content relative\">\n\t\t\t\n\n\n  <div class=\"banner has-hover\" id=\"banner-159993805\">\n          <div class=\"banner-inner fill\">\n        <div class=\"banner-bg fill\" >\n            <div class=\"bg fill bg-fill \"><\/div>\n                                    \n                    <\/div>\n\t\t\n        <div class=\"banner-layers container\">\n            <div class=\"fill banner-link\"><\/div>            \n\n\n        <\/div>\n      <\/div>\n\n            \n<style>\n#banner-159993805 {\n  padding-top: 37%;\n}\n#banner-159993805 .bg.bg-loaded {\n  background-image: url(https:\/\/www.new-living-home.de\/hotel\/wp-content\/uploads\/2018\/09\/Haupteingang.jpg);\n}\n#banner-159993805 .bg {\n  background-position: 50% 51%;\n}\n#banner-159993805 .ux-shape-divider--top svg {\n  height: 150px;\n  --divider-top-width: 100%;\n}\n#banner-159993805 .ux-shape-divider--bottom svg {\n  height: 150px;\n  --divider-width: 100%;\n}\n<\/style>\n  <\/div>\n\n\n\n\t\t<\/div>\n\n\t\t\n<style>\n#section_1224005411 {\n  padding-top: 0px;\n  padding-bottom: 0px;\n}\n#section_1224005411 .ux-shape-divider--top svg {\n  height: 150px;\n  --divider-top-width: 100%;\n}\n#section_1224005411 .ux-shape-divider--bottom svg {\n  height: 150px;\n  --divider-width: 100%;\n}\n<\/style>\n\t<\/section>\n\t\n\t<section class=\"section\" id=\"section_903627401\">\n\t\t<div class=\"bg section-bg fill bg-fill  bg-loaded\" >\n\n\t\t\t\n\t\t\t\n\t\t\t\n\n\t\t<\/div>\n\n\t\t\n\n\t\t<div class=\"section-content relative\">\n\t\t\t\n\n<div class=\"row row-large align-center\"  id=\"row-486992765\">\n\n\n\t<div id=\"col-531372819\" class=\"col medium-10 small-12 large-10\"  >\n\t\t\t\t<div class=\"col-inner text-left\"  >\n\t\t\t\n\t\t\t\n\n<h1>Lage &amp; Anfahrt<\/h1>\n<div class=\"is-divider divider clearfix\" ><\/div>\n\n\n\t\t<\/div>\n\t\t\t\t\t<\/div>\n\n\t\n\n\t<div id=\"col-376712578\" class=\"col medium-5 small-12 large-5\"  >\n\t\t\t\t<div class=\"col-inner text-left\"  >\n\t\t\t\n\t\t\t\n\n<h4>Das <strong>New<span data-text-color=\"primary\">Living<\/span>Home<\/strong> bietet eine optimale Verkehrsanbindung!<\/h4>\n<p>Nur wenige Minuten ben\u00f6tigt man von den direkt neben dem Haus gelegenen, zahlreichen Buslinien und der U-Bahnstation \u201eHagenbecks Tierpark\u201c mit der U2 bis in die City oder zum Hafen.<\/p>\n<p>Ebenso problemlos erreicht man mit dem Auto in wenigen Minuten die A7 \u201eAbfahrt Stellingen\u201c oder den Hamburger Flughafen. Die n\u00e4chste Station des Fahrradverleihsystems \u201eStadtRad\u201c befindet sich unweit des Hauses an der U-Bahnstation.<span class=\"Apple-converted-space\">\u00a0<\/span><\/p>\n<p>Durch die N\u00e4he zum Volkspark-Stadion und der Barclaycard-Arena ist das Hotel ideal f\u00fcr alle Fu\u00dfballfans sowie f\u00fcr alle Fans der zahlreichen Stars und Superstars, die dort auftreten.<\/p>\n<h4><span data-text-color=\"primary\">Nutzen Sie zur Anfahrt ein Navigationsger\u00e4t, verwenden Sie bitte folgende Adresse:<\/span><\/h4>\n<h4><strong>Hugh-Greene-Weg 2, 22529 Hamburg<\/strong><br \/><strong>(PKW-Zufahrt zum NDR)<\/strong><\/h4>\n<p><strong>Parkm\u00f6glichkeiten finden Sie in unserer hauseigenen Tiefgarage.<\/strong><\/p>\n\n\t\t<\/div>\n\t\t\t\t\t<\/div>\n\n\t\n\n\t<div id=\"col-1752800426\" class=\"col medium-5 small-12 large-5\"  >\n\t\t\t\t<div class=\"col-inner text-left\"  >\n\t\t\t\n\t\t\t\n\n<h3><strong>New<span data-text-color=\"primary\">Living<\/span>Home Hamburg<\/strong><\/h3>\n<h3>Julius-Vosseler-Str. 40<br \/>22527 Hamburg<br \/>Telefon: 040 401 33 &#8211; 100<br \/>Fax: 040 401 33 &#8211; 200<br \/><a href=\"mailto:info@new-living-home.de\">E-Mail: info@new-living-home.de<\/a><\/h3>\n\t<div id=\"gap-1808110345\" class=\"gap-element clearfix\" style=\"display:block; height:auto;\">\n\t\t\n<style>\n#gap-1808110345 {\n  padding-top: 30px;\n}\n<\/style>\n\t<\/div>\n\t\n\n<p><strong>Anreise mit den \u00d6ffentlichen Verkehrsmitteln in Hamburg:<\/strong><\/p>\n<p><a href=\"https:\/\/geofox.hvv.de\/jsf\/home.seam?execute=true&#038;date=20.11.2018&#038;time=09:29&#038;language=de&#038;start=ihr-standort&#038;startCity=Hamburg&#038;startType=STATION&#038;destination=Hugh-Greene-Weg&#038;destinationCity=Hamburg&#038;destinationType=ADDRESS&#038;timeIsDeparture=1&#038;wayBy=train\" target=\"_blank\" class=\"hvv-button\" rel=\"noopener\"><img decoding=\"async\" src=\"https:\/\/upload.wikimedia.org\/wikipedia\/commons\/thumb\/9\/9d\/LogoHVV.svg\/200px-LogoHVV.svg.png\" width=\"150px\"\/><\/a><\/p>\n\n\t\t<\/div>\n\t\t\t\t\t<\/div>\n\n\t\n\n<\/div>\n\n\t\t<\/div>\n\n\t\t\n<style>\n#section_903627401 {\n  padding-top: 40px;\n  padding-bottom: 40px;\n}\n#section_903627401 .ux-shape-divider--top svg {\n  height: 150px;\n  --divider-top-width: 100%;\n}\n#section_903627401 .ux-shape-divider--bottom svg {\n  height: 150px;\n  --divider-width: 100%;\n}\n<\/style>\n\t<\/section>\n\t\n\t<section class=\"section\" id=\"section_1602953241\">\n\t\t<div class=\"bg section-bg fill bg-fill  bg-loaded\" >\n\n\t\t\t\n\t\t\t\n\t\t\t\n\n\t\t<\/div>\n\n\t\t\n\n\t\t<div class=\"section-content relative\">\n\t\t\t\n\n<div class=\"row row-full-width\"  id=\"row-1199325350\">\n\n\n\t<div id=\"col-363805131\" class=\"col small-12 large-12\"  >\n\t\t\t\t<div class=\"col-inner\"  >\n\t\t\t\n\t\t\t\n\n<p><iframe loading=\"lazy\" src=\"https:\/\/www.google.com\/maps\/embed?pb=!1m18!1m12!1m3!1d2367.9459925444835!2d9.944284915847815!3d53.594425280031714!2m3!1f0!2f0!3f0!3m2!1i1024!2i768!4f13.1!3m3!1m2!1s0x47b18604b808c317%3A0x4607940dd250de88!2sJulius-Vosseler-Stra%C3%9Fe+40%2C+22529+Hamburg!5e0!3m2!1sde!2sde!4v1536243109875\" width=\"100%\" height=\"600\" frameborder=\"0\" style=\"border:0\" allowfullscreen><\/iframe><\/p>\n\n\t\t<\/div>\n\t\t\t\t\t<\/div>\n\n\t\n\n<\/div>\n\n\t\t<\/div>\n\n\t\t\n<style>\n#section_1602953241 {\n  padding-top: 30px;\n  padding-bottom: 30px;\n}\n#section_1602953241 .ux-shape-divider--top svg {\n  height: 150px;\n  --divider-top-width: 100%;\n}\n#section_1602953241 .ux-shape-divider--bottom svg {\n  height: 150px;\n  --divider-width: 100%;\n}\n<\/style>\n\t<\/section>\n\t\n\n","protected":false},"excerpt":{"rendered":"","protected":false},"author":1,"featured_media":0,"parent":0,"menu_order":0,"comment_status":"closed","ping_status":"closed","template":"page-blank.php","meta":{"footnotes":""},"class_list":["post-103","page","type-page","status-publish","hentry"],"_links":{"self":[{"href":"https:\/\/www.new-living-home.de\/hotel\/wp-json\/wp\/v2\/pages\/103","targetHints":{"allow":["GET"]}}],"collection":[{"href":"https:\/\/www.new-living-home.de\/hotel\/wp-json\/wp\/v2\/pages"}],"about":[{"href":"https:\/\/www.new-living-home.de\/hotel\/wp-json\/wp\/v2\/types\/page"}],"author":[{"embeddable":true,"href":"https:\/\/www.new-living-home.de\/hotel\/wp-json\/wp\/v2\/users\/1"}],"replies":[{"embeddable":true,"href":"https:\/\/www.new-living-home.de\/hotel\/wp-json\/wp\/v2\/comments?post=103"}],"version-history":[{"count":3,"href":"https:\/\/www.new-living-home.de\/hotel\/wp-json\/wp\/v2\/pages\/103\/revisions"}],"predecessor-version":[{"id":2591,"href":"https:\/\/www.new-living-home.de\/hotel\/wp-json\/wp\/v2\/pages\/103\/revisions\/2591"}],"wp:attachment":[{"href":"https:\/\/www.new-living-home.de\/hotel\/wp-json\/wp\/v2\/media?parent=103"}],"curies":[{"name":"wp","href":"https:\/\/api.w.org\/{rel}","templated":true}]}}